{"id":248208,"date":"2026-01-10T17:51:58","date_gmt":"2026-01-10T14:51:58","guid":{"rendered":"https:\/\/baldumarket.lt\/product\/bed-concept-bc-35-sofa-180-do-bc-13-szary-front-bialy-polysk\/"},"modified":"2026-02-11T18:32:23","modified_gmt":"2026-02-11T15:32:23","slug":"bed-concept-bc-35-sofa-180-do-bc-13-szary-front-bialy-polysk","status":"publish","type":"product","link":"https:\/\/baldumarket.lt\/lt\/product\/bed-concept-bc-35-sofa-180-do-bc-13-szary-front-bialy-polysk\/","title":{"rendered":"Lovos koncepcija BC-35 \u2013 Sofa 180, skirta BC-13 \u2013 pilkas\/baltas blizgus priekis"},"content":{"rendered":"<p>Modelis: BC-35<br \/>\nSpalva: pilka\/balta blizgi priekin\u0117 dalis<br \/>\nMatmenys: Kaip parodyta paveiksl\u0117lyje<br \/>\nMed\u017eiaga: Sofa, sukurta BC-13 sieninei lovai i\u0161 BED CONCEPT kolekcijos<br \/>\nAptrauktas pilku ART-82610 audiniu<br \/>\nBlizgus priekis eleganti\u0161kam vaizdui<br \/>\nKonstrukcija pagaminta i\u0161 patvari\u0173 med\u017eiag\u0173<br \/>\nPatogi ir plati s\u0117dyn\u0117, skirta kasdieniam naudojimui<br \/>\nModernus, minimalistinis dizainas, tinkantis \u012fvairiems interjerams<br \/>\nFunkcinis BC-13 sienin\u0117s lovos papildymas<br \/>\nIdealiai tinka ma\u017eiems butams, studijoms ir daugiafunkciniams kambariams<br \/>\nPrakti\u0161kumo, patogumo ir elegancijos derinys<br \/>\nNaujas, gamykloje supakuotas produktas, skirtas savaranki\u0161kam surinkimui<\/p>","protected":false},"excerpt":{"rendered":"<p>Modelis: BC-35 Spalva: Pilka\/Blizgi balta Priekis Matmenys: Kaip parodyta paveiksl\u0117lyje Med\u017eiaga: Sofa, sukurta BC-13 sieninei lovai i\u0161 BED CONCEPT kolekcijos Apmu\u0161ta pilku ART-82610 audiniu Blizgus priekis eleganti\u0161kai i\u0161vaizdai Konstrukcija pagaminta i\u0161 patvari\u0173 med\u017eiag\u0173 Patogi ir plati s\u0117dyn\u0117, skirta kasdieniam naudojimui Modernus, minimalistinis dizainas, kuris dera prie \u012fvairi\u0173 interjer\u0173 [\u2026]<\/p>","protected":false},"featured_media":248209,"comment_status":"open","ping_status":"open","template":"","meta":[],"product_brand":[],"product_cat":[2454,9196,560],"product_tag":[],"class_list":{"0":"post-248208","1":"product","2":"type-product","3":"status-publish","4":"has-post-thumbnail","6":"product_cat-lenart","7":"product_cat-furniture-system-bed-concept-lenart","8":"product_cat-sofas-and-couches","10":"first","11":"instock","12":"purchasable","13":"product-type-simple"},"_links":{"self":[{"href":"https:\/\/baldumarket.lt\/lt\/wp-json\/wp\/v2\/product\/248208","targetHints":{"allow":["GET"]}}],"collection":[{"href":"https:\/\/baldumarket.lt\/lt\/wp-json\/wp\/v2\/product"}],"about":[{"href":"https:\/\/baldumarket.lt\/lt\/wp-json\/wp\/v2\/types\/product"}],"replies":[{"embeddable":true,"href":"https:\/\/baldumarket.lt\/lt\/wp-json\/wp\/v2\/comments?post=248208"}],"wp:featuredmedia":[{"embeddable":true,"href":"https:\/\/baldumarket.lt\/lt\/wp-json\/wp\/v2\/media\/248209"}],"wp:attachment":[{"href":"https:\/\/baldumarket.lt\/lt\/wp-json\/wp\/v2\/media?parent=248208"}],"wp:term":[{"taxonomy":"product_brand","embeddable":true,"href":"https:\/\/baldumarket.lt\/lt\/wp-json\/wp\/v2\/product_brand?post=248208"},{"taxonomy":"product_cat","embeddable":true,"href":"https:\/\/baldumarket.lt\/lt\/wp-json\/wp\/v2\/product_cat?post=248208"},{"taxonomy":"product_tag","embeddable":true,"href":"https:\/\/baldumarket.lt\/lt\/wp-json\/wp\/v2\/product_tag?post=248208"}],"curies":[{"name":"wp","href":"https:\/\/api.w.org\/{rel}","templated":true}]}}