{"id":248202,"date":"2026-01-10T17:51:54","date_gmt":"2026-01-10T14:51:54","guid":{"rendered":"https:\/\/baldumarket.lt\/product\/bed-concept-bc-35-sofa-180-do-bc-13-szary-front-kaszmir-2\/"},"modified":"2026-02-11T18:32:23","modified_gmt":"2026-02-11T15:32:23","slug":"bed-concept-bc-35-sofa-180-do-bc-13-szary-front-kaszmir-2","status":"publish","type":"product","link":"https:\/\/baldumarket.lt\/lt\/produktas\/bed-concept-bc-35-sofa-180-do-bc-13-szary-front-kaszmir-2\/","title":{"rendered":"Lovos koncepcija BC-35 \u2013 Sofa 180, skirta BC-13 \u2013 pilka\/ka\u0161myro priekis"},"content":{"rendered":"<p>Modelis: BC-35<br \/>\nSpalva: pilka\/ka\u0161myro priekis<br \/>\nMatmenys: Kaip parodyta paveiksl\u0117lyje<br \/>\nMed\u017eiaga: Sofa, sukurta BC-13 sieninei lovai i\u0161 BED CONCEPT kolekcijos<br \/>\nAptrauktas auk\u0161tos kokyb\u0117s pilku ART-82610 audiniu<br \/>\nEleganti\u0161kas ka\u0161myro priekis<br \/>\nErdvi ir patogi s\u0117dyn\u0117, skirta kasdieniam naudojimui<br \/>\nKonstrukcija pagaminta i\u0161 patvari\u0173 med\u017eiag\u0173, u\u017etikrinan\u010di\u0173 ilgaam\u017ei\u0161kum\u0105<br \/>\nModernus, minimalistinis dizainas, tinkantis \u012fvairiems interjerams<br \/>\nFunkcinis BC-13 sienin\u0117s lovos papildymas<br \/>\nIdealiai tinka studijos tipo apartamentams, ma\u017eiems butams ir daugiafunkcin\u0117ms erdv\u0117ms<br \/>\nApjungia patogum\u0105, prakti\u0161kum\u0105 ir estetik\u0105<br \/>\nNaujas, gamykloje supakuotas produktas, reikalauja savaranki\u0161ko surinkimo<\/p>","protected":false},"excerpt":{"rendered":"<p>Modelis: BC-35 Spalva: Pilka\/Ka\u0161myro priekis Matmenys: Kaip parodyta paveiksl\u0117lyje Med\u017eiaga: Sofa, sukurta BC-13 sieninei lovai i\u0161 BED CONCEPT kolekcijos Apmu\u0161ta auk\u0161tos kokyb\u0117s pilku ART-82610 audiniu Eleganti\u0161kas ka\u0161myro priekis Erdvi ir patogi s\u0117dyn\u0117, skirta kasdieniam naudojimui Konstrukcija pagaminta i\u0161 patvari\u0173 med\u017eiag\u0173, u\u017etikrinan\u010di\u0173 ilgaam\u017ei\u0161kum\u0105 Modernus, minimalistinis dizainas, tinkantis \u012fvairiems interjerams Funkcionalus [\u2026]<\/p>","protected":false},"featured_media":248203,"comment_status":"open","ping_status":"open","template":"","meta":[],"product_brand":[],"product_cat":[9251],"product_tag":[],"class_list":{"0":"post-248202","1":"product","2":"type-product","3":"status-publish","4":"has-post-thumbnail","6":"product_cat-musor","8":"first","9":"instock","10":"purchasable","11":"product-type-simple"},"_links":{"self":[{"href":"https:\/\/baldumarket.lt\/lt\/wp-json\/wp\/v2\/product\/248202","targetHints":{"allow":["GET"]}}],"collection":[{"href":"https:\/\/baldumarket.lt\/lt\/wp-json\/wp\/v2\/product"}],"about":[{"href":"https:\/\/baldumarket.lt\/lt\/wp-json\/wp\/v2\/types\/product"}],"replies":[{"embeddable":true,"href":"https:\/\/baldumarket.lt\/lt\/wp-json\/wp\/v2\/comments?post=248202"}],"wp:featuredmedia":[{"embeddable":true,"href":"https:\/\/baldumarket.lt\/lt\/wp-json\/wp\/v2\/media\/248203"}],"wp:attachment":[{"href":"https:\/\/baldumarket.lt\/lt\/wp-json\/wp\/v2\/media?parent=248202"}],"wp:term":[{"taxonomy":"product_brand","embeddable":true,"href":"https:\/\/baldumarket.lt\/lt\/wp-json\/wp\/v2\/product_brand?post=248202"},{"taxonomy":"product_cat","embeddable":true,"href":"https:\/\/baldumarket.lt\/lt\/wp-json\/wp\/v2\/product_cat?post=248202"},{"taxonomy":"product_tag","embeddable":true,"href":"https:\/\/baldumarket.lt\/lt\/wp-json\/wp\/v2\/product_tag?post=248202"}],"curies":[{"name":"wp","href":"https:\/\/api.w.org\/{rel}","templated":true}]}}