{"id":248189,"date":"2026-01-10T15:25:29","date_gmt":"2026-01-10T12:25:29","guid":{"rendered":"https:\/\/baldumarket.lt\/product\/wysoki-stolik-kawowy-lagos-la-s5\/"},"modified":"2026-04-08T10:07:34","modified_gmt":"2026-04-08T07:07:34","slug":"wysoki-stolik-kawowy-lagos-la-s5","status":"publish","type":"product","link":"https:\/\/baldumarket.lt\/lt\/product\/wysoki-stolik-kawowy-lagos-la-s5\/","title":{"rendered":"LAGOS LA\u2013S5 auk\u0161tas kavos staliukas"},"content":{"rendered":"<h5><span style=\"color: #54859b\">Apsilankykite m\u016bs\u0173 virtualioje TARANKO prek\u0117s \u017eenklo parduotuv\u0117je<\/span><\/h5>\n<p> <a href=\"https:\/\/my.matterport.com\/show\/?m=a9ocyRk8GfK&#038;play=1&#038;back=1\" target=\"_blank\" rel=\"noopener\"><span style=\"color: #e47025\">https:\/\/my.matterport.com\/<\/span><\/a><\/p>\n<p>Auk\u0161tas kavos staliukas LAGOS LA\u2013S5Sukurtas tikriems klasikos ir prabangos \u017einovams. Lyg\u016bs banguoti fasadai ir medin\u0117s lenktos kojel\u0117s suteikia ypatingo grak\u0161tumo ir \u017eavesio.<br \/>\nGalima rinktis i\u0161 keturi\u0173 spalv\u0173 derini\u0173: Lagoso \u0105\u017euolo\/ka\u0161myro, Lagoso \u0105\u017euolo\/baltos, \u0161viesaus \u0105\u017euolo\/ka\u0161myro ir \u0161viesaus \u0105\u017euolo\/baltos.<br \/>\nEleganti\u0161ki \u201eLagos\u201c baldai deramai papuo\u0161 rafinuot\u0105 svetain\u0117s, valgomojo ir miegamojo interjer\u0105. Korpuso med\u017eiaga: MDF, laminuota alksnio fanera.<br \/>\nFasado med\u017eiaga: MDF.<br \/>\nKojel\u0117s: med\u017eio masyvas. I\u0161skirtin\u0117s kolekcijos kavos staliukas su ry\u0161kia apdaila sukuria unikal\u0173 ir subtil\u0173 charakter\u012f.\u00a0<\/p>","protected":false},"excerpt":{"rendered":"<p>\u016agis, cm: 65,8<br \/>\nPlotis, cm: 110,8<br \/>\nGylis, cm: 66<\/p>","protected":false},"featured_media":248190,"comment_status":"open","ping_status":"open","template":"","meta":[],"product_brand":[],"product_cat":[9681,866,5572],"product_tag":[],"class_list":{"0":"post-248189","1":"product","2":"type-product","3":"status-publish","4":"has-post-thumbnail","6":"product_cat-furniture-system-lagos-taranko","7":"product_cat-coffee-tables","8":"product_cat-taranko-meble","10":"first","11":"instock","12":"purchasable","13":"product-type-simple"},"_links":{"self":[{"href":"https:\/\/baldumarket.lt\/lt\/wp-json\/wp\/v2\/product\/248189","targetHints":{"allow":["GET"]}}],"collection":[{"href":"https:\/\/baldumarket.lt\/lt\/wp-json\/wp\/v2\/product"}],"about":[{"href":"https:\/\/baldumarket.lt\/lt\/wp-json\/wp\/v2\/types\/product"}],"replies":[{"embeddable":true,"href":"https:\/\/baldumarket.lt\/lt\/wp-json\/wp\/v2\/comments?post=248189"}],"wp:featuredmedia":[{"embeddable":true,"href":"https:\/\/baldumarket.lt\/lt\/wp-json\/wp\/v2\/media\/248190"}],"wp:attachment":[{"href":"https:\/\/baldumarket.lt\/lt\/wp-json\/wp\/v2\/media?parent=248189"}],"wp:term":[{"taxonomy":"product_brand","embeddable":true,"href":"https:\/\/baldumarket.lt\/lt\/wp-json\/wp\/v2\/product_brand?post=248189"},{"taxonomy":"product_cat","embeddable":true,"href":"https:\/\/baldumarket.lt\/lt\/wp-json\/wp\/v2\/product_cat?post=248189"},{"taxonomy":"product_tag","embeddable":true,"href":"https:\/\/baldumarket.lt\/lt\/wp-json\/wp\/v2\/product_tag?post=248189"}],"curies":[{"name":"wp","href":"https:\/\/api.w.org\/{rel}","templated":true}]}}