{"id":248170,"date":"2026-01-10T15:25:06","date_gmt":"2026-01-10T12:25:06","guid":{"rendered":"https:\/\/baldumarket.lt\/product\/waska-komoda-florence-fl-w1-2-lp\/"},"modified":"2026-04-08T09:30:18","modified_gmt":"2026-04-08T06:30:18","slug":"waska-komoda-florence-fl-w1-2-lp","status":"publish","type":"product","link":"https:\/\/baldumarket.lt\/lt\/product\/waska-komoda-florence-fl-w1-2-lp\/","title":{"rendered":"Siaura komoda FLORENCJA FL-W1\/2 K,P"},"content":{"rendered":"<h5><span style=\"color: #54859b\">Apsilankykite m\u016bs\u0173 virtualioje TARANKO prek\u0117s \u017eenklo parduotuv\u0117je<\/span><\/h5>\n<p> <a href=\"https:\/\/my.matterport.com\/show\/?m=a9ocyRk8GfK&#038;play=1&#038;back=1\" target=\"_blank\" rel=\"noopener\"><span style=\"color: #e47025\">https:\/\/my.matterport.com\/<\/span><\/a><\/p>\n<p>Siaura indauja FLORENCJA FL-W1\/2. Klasikin\u0117 kolekcija, sukurta saul\u0117toje Toskanoje gyvenimo harmonijai.<br \/>\n\u201eFlorence\u201c \u2013 tai subtili bald\u0173 kolekcija, \u012fkv\u0117pta paprastos, nesenstan\u010dios elegancijos, kurioje tvirtumas ir lengvumas sukuria tobul\u0105 por\u0105. Dekoruota \u0161onin\u0117 linija, dekoratyviniai karnizai, eleganti\u0161kos rankenos ir unikalios kojel\u0117s sukuria itin esteti\u0161k\u0105 visum\u0105. Individual\u0173 \u0161ios linijos charakter\u012f ai\u0161kiai pabr\u0117\u017eia apatinis cokolis, dekoruotas a\u017e\u016briniu ra\u0161tu.<br \/>\nKolekcija si\u016bloma dviej\u0173 korpuso spalv\u0173 \u2013 vanil\u0117s ir ka\u0161myro su patina, o vir\u0161us padengtas tamsesniu nat\u016braliu \u0105\u017euolo luk\u0161tu.<br \/>\nSvarbu pasirinkti dur\u0173 atidarymo pus\u0119. Vitrin\u0173 ap\u0161vietimas (standartinis).<br \/>\nKorpuso med\u017eiaga: da\u017eyta\/laminuota MDF plok\u0161t\u0117.<br \/>\nFasado med\u017eiaga: med\u017eio masyvas \/ nat\u016bralus luk\u0161tas.<br \/>\nKojel\u0117s: med\u017eio masyvas.<\/p>","protected":false},"excerpt":{"rendered":"<p>\u016agis, cm: 210,6<br \/>\nPlotis, cm: 68<br \/>\nGylis, cm: 49<\/p>","protected":false},"featured_media":248171,"comment_status":"open","ping_status":"open","template":"","meta":[],"product_brand":[],"product_cat":[9687,5572,2006],"product_tag":[],"class_list":{"0":"post-248170","1":"product","2":"type-product","3":"status-publish","4":"has-post-thumbnail","6":"product_cat-furniture-system-florencja-taranko","7":"product_cat-taranko-meble","8":"product_cat-vitrines","10":"first","11":"instock","12":"purchasable","13":"product-type-simple"},"_links":{"self":[{"href":"https:\/\/baldumarket.lt\/lt\/wp-json\/wp\/v2\/product\/248170","targetHints":{"allow":["GET"]}}],"collection":[{"href":"https:\/\/baldumarket.lt\/lt\/wp-json\/wp\/v2\/product"}],"about":[{"href":"https:\/\/baldumarket.lt\/lt\/wp-json\/wp\/v2\/types\/product"}],"replies":[{"embeddable":true,"href":"https:\/\/baldumarket.lt\/lt\/wp-json\/wp\/v2\/comments?post=248170"}],"wp:featuredmedia":[{"embeddable":true,"href":"https:\/\/baldumarket.lt\/lt\/wp-json\/wp\/v2\/media\/248171"}],"wp:attachment":[{"href":"https:\/\/baldumarket.lt\/lt\/wp-json\/wp\/v2\/media?parent=248170"}],"wp:term":[{"taxonomy":"product_brand","embeddable":true,"href":"https:\/\/baldumarket.lt\/lt\/wp-json\/wp\/v2\/product_brand?post=248170"},{"taxonomy":"product_cat","embeddable":true,"href":"https:\/\/baldumarket.lt\/lt\/wp-json\/wp\/v2\/product_cat?post=248170"},{"taxonomy":"product_tag","embeddable":true,"href":"https:\/\/baldumarket.lt\/lt\/wp-json\/wp\/v2\/product_tag?post=248170"}],"curies":[{"name":"wp","href":"https:\/\/api.w.org\/{rel}","templated":true}]}}