{"id":248161,"date":"2026-01-10T15:24:55","date_gmt":"2026-01-10T12:24:55","guid":{"rendered":"https:\/\/baldumarket.lt\/product\/szeroka-szafka-nocna-wersal-w-toaletka\/"},"modified":"2026-04-08T11:39:36","modified_gmt":"2026-04-08T08:39:36","slug":"szeroka-szafka-nocna-wersal-w-toaletka","status":"publish","type":"product","link":"https:\/\/baldumarket.lt\/lt\/product\/szeroka-szafka-nocna-wersal-w-toaletka\/","title":{"rendered":"Platus naktinis staliukas WERSAL W-tualetinis staliukas"},"content":{"rendered":"<h5><span style=\"color: #54859b\">Apsilankykite m\u016bs\u0173 virtualioje TARANKO prek\u0117s \u017eenklo parduotuv\u0117je<\/span><\/h5>\n<p> <a href=\"https:\/\/my.matterport.com\/show\/?m=a9ocyRk8GfK&#038;play=1&#038;back=1\" target=\"_blank\" rel=\"noopener\"><span style=\"color: #e47025\">https:\/\/my.matterport.com\/<\/span><\/a><\/p>\n<p>Platus naktinis staliukas WERSAL W-tualetinis staliukas. Ypa\u010d gausi kolekcija, klasikinis stilius, eleganti\u0161kos formos ir i\u0161skirtinis dizainas, auk\u0161\u010diausios kokyb\u0117s baldai.<br \/>\n\u017dalvarin\u0117s rankenos. Galima rinktis i\u0161 \u0161e\u0161i\u0173 spalv\u0173.<br \/>\nAuk\u0161tos kokyb\u0117s, patikima, patvari kolekcija, perduodama i\u0161 kartos \u012f kart\u0105. Tikri gro\u017eio ir spindesio \u017einovai tikrai \u012fvertins \u201eWERSAL\u201c kolekcij\u0105. Korpuso med\u017eiaga: MDF, laminuota alksnio fanera.<br \/>\nR\u0117mas: tvirta alksnio mediena<br \/>\nFasado med\u017eiaga: nat\u016bralus vy\u0161nios faneruot\u0117.<br \/>\nKojel\u0117s: med\u017eio masyvas. Nuostabi itali\u0161ko stiliaus i\u0161vaizda, auk\u0161ta kokyb\u0117, klasikinis eleganti\u0161kumas.\u00a0<\/p>","protected":false},"excerpt":{"rendered":"<p>\u016agis, cm: 78,8<br \/>\nPlotis, cm: 132,5<br \/>\nGylis, cm: 52,5<\/p>","protected":false},"featured_media":248162,"comment_status":"open","ping_status":"open","template":"","meta":[],"product_brand":[],"product_cat":[9679,1237,5572],"product_tag":[],"class_list":{"0":"post-248161","1":"product","2":"type-product","3":"status-publish","4":"has-post-thumbnail","6":"product_cat-furniture-system-wersal-taranko","7":"product_cat-dressing-tables","8":"product_cat-taranko-meble","10":"first","11":"instock","12":"purchasable","13":"product-type-simple"},"_links":{"self":[{"href":"https:\/\/baldumarket.lt\/lt\/wp-json\/wp\/v2\/product\/248161","targetHints":{"allow":["GET"]}}],"collection":[{"href":"https:\/\/baldumarket.lt\/lt\/wp-json\/wp\/v2\/product"}],"about":[{"href":"https:\/\/baldumarket.lt\/lt\/wp-json\/wp\/v2\/types\/product"}],"replies":[{"embeddable":true,"href":"https:\/\/baldumarket.lt\/lt\/wp-json\/wp\/v2\/comments?post=248161"}],"wp:featuredmedia":[{"embeddable":true,"href":"https:\/\/baldumarket.lt\/lt\/wp-json\/wp\/v2\/media\/248162"}],"wp:attachment":[{"href":"https:\/\/baldumarket.lt\/lt\/wp-json\/wp\/v2\/media?parent=248161"}],"wp:term":[{"taxonomy":"product_brand","embeddable":true,"href":"https:\/\/baldumarket.lt\/lt\/wp-json\/wp\/v2\/product_brand?post=248161"},{"taxonomy":"product_cat","embeddable":true,"href":"https:\/\/baldumarket.lt\/lt\/wp-json\/wp\/v2\/product_cat?post=248161"},{"taxonomy":"product_tag","embeddable":true,"href":"https:\/\/baldumarket.lt\/lt\/wp-json\/wp\/v2\/product_tag?post=248161"}],"curies":[{"name":"wp","href":"https:\/\/api.w.org\/{rel}","templated":true}]}}