{"id":248135,"date":"2026-01-10T15:24:28","date_gmt":"2026-01-10T12:24:28","guid":{"rendered":"https:\/\/baldumarket.lt\/product\/szeroka-komoda-nicea-ni-w2\/"},"modified":"2026-02-17T13:12:22","modified_gmt":"2026-02-17T10:12:22","slug":"szeroka-komoda-nicea-ni-w2","status":"publish","type":"product","link":"https:\/\/baldumarket.lt\/lt\/product\/szeroka-komoda-nicea-ni-w2\/","title":{"rendered":"Plati komoda NICEA NI-W2"},"content":{"rendered":"<h5><span style=\"color: #54859b\">Apsilankykite m\u016bs\u0173 virtualioje TARANKO prek\u0117s \u017eenklo parduotuv\u0117je<\/span><\/h5>\n<p> <a href=\"https:\/\/my.matterport.com\/show\/?m=a9ocyRk8GfK&#038;play=1&#038;back=1\" target=\"_blank\" rel=\"noopener\"><span style=\"color: #e47025\">https:\/\/my.matterport.com\/<\/span><\/a><\/p>\n<p>Plati komoda NICEA NI-W2Nicea \u2013 tai puikus nat\u016bralaus rudo luk\u0161to ir kontrasting\u0173 ry\u0161ki\u0173 fasad\u0173 derinys. D\u0117l subtili\u0173, liekn\u0173 kojeli\u0173 visuma \u012fgauna originalaus charakterio, o aukso spalvos rozet\u0117s formos ranken\u0117l\u0117s suteikia prabangos, sukurdamos i\u0161skirtin\u0119 visum\u0105.<br \/>\nKolekcijoje galite rinktis tris fasado pavir\u0161ius arba papildomai komod\u0105 su veidrodiniu fasadu. Vitrin\u0173 ap\u0161vietimas (standartinis).<br \/>\nKorpuso med\u017eiaga: nat\u016bralus luk\u0161tas. MDF plok\u0161t\u0117, laminuota PVC folija.<br \/>\nFasado med\u017eiaga: MDF plok\u0161t\u0117, laminuota PVC folija arba tonuotas veidrodis.<br \/>\nKojel\u0117s: med\u017eio masyvas.<\/p>","protected":false},"excerpt":{"rendered":"<p>\u016agis, cm: 203,5<br \/>\nPlotis, cm: 108,7<br \/>\nGylis, cm: 43,5<\/p>","protected":false},"featured_media":248136,"comment_status":"open","ping_status":"open","template":"","meta":[],"product_brand":[],"product_cat":[9685,5572,2006],"product_tag":[],"class_list":{"0":"post-248135","1":"product","2":"type-product","3":"status-publish","4":"has-post-thumbnail","6":"product_cat-furniture-system-nicea-taranko","7":"product_cat-taranko-meble","8":"product_cat-vitrines","10":"first","11":"instock","12":"purchasable","13":"product-type-simple"},"_links":{"self":[{"href":"https:\/\/baldumarket.lt\/lt\/wp-json\/wp\/v2\/product\/248135","targetHints":{"allow":["GET"]}}],"collection":[{"href":"https:\/\/baldumarket.lt\/lt\/wp-json\/wp\/v2\/product"}],"about":[{"href":"https:\/\/baldumarket.lt\/lt\/wp-json\/wp\/v2\/types\/product"}],"replies":[{"embeddable":true,"href":"https:\/\/baldumarket.lt\/lt\/wp-json\/wp\/v2\/comments?post=248135"}],"wp:featuredmedia":[{"embeddable":true,"href":"https:\/\/baldumarket.lt\/lt\/wp-json\/wp\/v2\/media\/248136"}],"wp:attachment":[{"href":"https:\/\/baldumarket.lt\/lt\/wp-json\/wp\/v2\/media?parent=248135"}],"wp:term":[{"taxonomy":"product_brand","embeddable":true,"href":"https:\/\/baldumarket.lt\/lt\/wp-json\/wp\/v2\/product_brand?post=248135"},{"taxonomy":"product_cat","embeddable":true,"href":"https:\/\/baldumarket.lt\/lt\/wp-json\/wp\/v2\/product_cat?post=248135"},{"taxonomy":"product_tag","embeddable":true,"href":"https:\/\/baldumarket.lt\/lt\/wp-json\/wp\/v2\/product_tag?post=248135"}],"curies":[{"name":"wp","href":"https:\/\/api.w.org\/{rel}","templated":true}]}}