{"id":248133,"date":"2026-01-10T15:24:26","date_gmt":"2026-01-10T12:24:26","guid":{"rendered":"https:\/\/baldumarket.lt\/product\/szeroka-komoda-neptun-n-k3\/"},"modified":"2026-04-08T10:27:30","modified_gmt":"2026-04-08T07:27:30","slug":"szeroka-komoda-neptun-n-k3","status":"publish","type":"product","link":"https:\/\/baldumarket.lt\/lt\/product\/szeroka-komoda-neptun-n-k3\/","title":{"rendered":"Plati komoda NEPTUN N-K3"},"content":{"rendered":"<h5><span style=\"color: #54859b\">Apsilankykite m\u016bs\u0173 virtualioje TARANKO prek\u0117s \u017eenklo parduotuv\u0117je<\/span><\/h5>\n<p> <a href=\"https:\/\/my.matterport.com\/show\/?m=a9ocyRk8GfK&#038;play=1&#038;back=1\" target=\"_blank\" rel=\"noopener\"><span style=\"color: #e47025\">https:\/\/my.matterport.com\/<\/span><\/a><\/p>\n<p>Plati komoda NEPTUN N-K3Viena i\u0161 klasikini\u0173 Taranka kolekcij\u0173 \u2013 \u201eNeptun\u201c. \u0160velni rie\u0161utmed\u017eio spalva suteikia baldams i\u0161skirtin\u012f stili\u0173, o apvali apdaila \u2013 lengvumo ir modernumo. \u017dalvarin\u0117s ranken\u0117l\u0117s puikiai dera su baldo rie\u0161utmed\u017eio spalva ir suteikia jam \u017eavesio. \u201eNeptun\u201c \u2013 tai did\u017eiulis bald\u0173 asortimentas svetainei, miegamajam ar prie\u0161kambariui. Korpuso med\u017eiaga: nat\u016brali fanera, laminuota plok\u0161t\u0117.<br \/>\nFasado med\u017eiaga: med\u017eio masyvas, nat\u016bralus luk\u0161tas.<br \/>\nKojel\u0117s: med\u017eio masyvas. Pasirink\u0119 \u0161ios kolekcijos gaminius, sukursite nuostab\u0173 ir \u0161ilt\u0105 interjer\u0105 arba papildysite esamus baldus subtiliu \u201eNeptun\u201c akcentu.<\/p>","protected":false},"excerpt":{"rendered":"<p>Auk\u0161tis, cm: 103<br \/>\nPlotis, cm: 159,2<br \/>\nGylis, cm: 46<\/p>","protected":false},"featured_media":248134,"comment_status":"open","ping_status":"open","template":"","meta":[],"product_brand":[],"product_cat":[9682,1173,5572],"product_tag":[],"class_list":{"0":"post-248133","1":"product","2":"type-product","3":"status-publish","4":"has-post-thumbnail","6":"product_cat-furniture-system-neptun-taranko","7":"product_cat-chests-of-drawers","8":"product_cat-taranko-meble","10":"first","11":"instock","12":"purchasable","13":"product-type-simple"},"_links":{"self":[{"href":"https:\/\/baldumarket.lt\/lt\/wp-json\/wp\/v2\/product\/248133","targetHints":{"allow":["GET"]}}],"collection":[{"href":"https:\/\/baldumarket.lt\/lt\/wp-json\/wp\/v2\/product"}],"about":[{"href":"https:\/\/baldumarket.lt\/lt\/wp-json\/wp\/v2\/types\/product"}],"replies":[{"embeddable":true,"href":"https:\/\/baldumarket.lt\/lt\/wp-json\/wp\/v2\/comments?post=248133"}],"wp:featuredmedia":[{"embeddable":true,"href":"https:\/\/baldumarket.lt\/lt\/wp-json\/wp\/v2\/media\/248134"}],"wp:attachment":[{"href":"https:\/\/baldumarket.lt\/lt\/wp-json\/wp\/v2\/media?parent=248133"}],"wp:term":[{"taxonomy":"product_brand","embeddable":true,"href":"https:\/\/baldumarket.lt\/lt\/wp-json\/wp\/v2\/product_brand?post=248133"},{"taxonomy":"product_cat","embeddable":true,"href":"https:\/\/baldumarket.lt\/lt\/wp-json\/wp\/v2\/product_cat?post=248133"},{"taxonomy":"product_tag","embeddable":true,"href":"https:\/\/baldumarket.lt\/lt\/wp-json\/wp\/v2\/product_tag?post=248133"}],"curies":[{"name":"wp","href":"https:\/\/api.w.org\/{rel}","templated":true}]}}