{"id":24811,"date":"2025-11-14T16:16:21","date_gmt":"2025-11-14T13:16:21","guid":{"rendered":"https:\/\/baldumarket.lt\/product\/squitta-grey-gold-120x180\/"},"modified":"2026-03-24T18:20:29","modified_gmt":"2026-03-24T15:20:29","slug":"squitta-grey-gold-120x180","status":"publish","type":"product","link":"https:\/\/baldumarket.lt\/lt\/product\/squitta-grey-gold-120x180\/","title":{"rendered":"Squitta pilkai auksin\u0117 120\u00d7180"},"content":{"rendered":"<p>\u201eSquitta Grey Gold\u201c kilimas \u2013 prabangus pasirinkimas. Jo pavir\u0161ius, margintas brangakmen\u012f primenan\u010diu ra\u0161tu, \u012fr\u0117mintas auksiniu r\u0117meliu. D\u0117l to jis puikiai tinka skoningai suprojektuotiems interjerams, kuriuose dera rafinuota prabanga ir elegancija. Kilimo poliesterio p\u016bkas ir d\u017eiuto pagrindas u\u017etikrina, kad jis per greitai nepraras savo gro\u017eio, apsaugodamas j\u012f nuo pa\u017eeidim\u0173, dilimo ir d\u0117mi\u0173.<\/p>","protected":false},"excerpt":{"rendered":"<p>\u201eSquitta Grey Gold\u201c kilimas yra \u017eavingas pasirinkimas. Jo pavir\u0161ius, margintas brangakmen\u012f primenan\u010diu ra\u0161tu, \u012fr\u0117mintas auksiniu r\u0117meliu. D\u0117l to jis puikiai tinka skoningai suprojektuotiems interjerams, kuriuose dera rafinuota prabanga. Kilimo poliesterio p\u016bkas ir d\u017eiuto pagrindas u\u017etikrina, kad jis per greitai nepraras savo gro\u017eio, apsaugodamas [\u2026]<\/p>","protected":false},"featured_media":24812,"comment_status":"open","ping_status":"open","template":"","meta":[],"product_brand":[],"product_cat":[1167,2012],"product_tag":[],"class_list":{"0":"post-24811","1":"product","2":"type-product","3":"status-publish","4":"has-post-thumbnail","6":"product_cat-carpets","7":"product_cat-eltap","9":"first","10":"instock","11":"purchasable","12":"product-type-simple"},"_links":{"self":[{"href":"https:\/\/baldumarket.lt\/lt\/wp-json\/wp\/v2\/product\/24811","targetHints":{"allow":["GET"]}}],"collection":[{"href":"https:\/\/baldumarket.lt\/lt\/wp-json\/wp\/v2\/product"}],"about":[{"href":"https:\/\/baldumarket.lt\/lt\/wp-json\/wp\/v2\/types\/product"}],"replies":[{"embeddable":true,"href":"https:\/\/baldumarket.lt\/lt\/wp-json\/wp\/v2\/comments?post=24811"}],"wp:featuredmedia":[{"embeddable":true,"href":"https:\/\/baldumarket.lt\/lt\/wp-json\/wp\/v2\/media\/24812"}],"wp:attachment":[{"href":"https:\/\/baldumarket.lt\/lt\/wp-json\/wp\/v2\/media?parent=24811"}],"wp:term":[{"taxonomy":"product_brand","embeddable":true,"href":"https:\/\/baldumarket.lt\/lt\/wp-json\/wp\/v2\/product_brand?post=24811"},{"taxonomy":"product_cat","embeddable":true,"href":"https:\/\/baldumarket.lt\/lt\/wp-json\/wp\/v2\/product_cat?post=24811"},{"taxonomy":"product_tag","embeddable":true,"href":"https:\/\/baldumarket.lt\/lt\/wp-json\/wp\/v2\/product_tag?post=24811"}],"curies":[{"name":"wp","href":"https:\/\/api.w.org\/{rel}","templated":true}]}}