{"id":248095,"date":"2026-01-10T15:23:47","date_gmt":"2026-01-10T12:23:47","guid":{"rendered":"https:\/\/baldumarket.lt\/product\/szafka-nocna-raweno-r-szn-lp\/"},"modified":"2026-04-08T10:47:56","modified_gmt":"2026-04-08T07:47:56","slug":"szafka-nocna-raweno-r-szn-lp","status":"publish","type":"product","link":"https:\/\/baldumarket.lt\/lt\/product\/szafka-nocna-raweno-r-szn-lp\/","title":{"rendered":"RAWENO R-SZN naktinis staliukas (K, P)"},"content":{"rendered":"<h5><span style=\"color: #54859b\">Apsilankykite m\u016bs\u0173 virtualioje TARANKO prek\u0117s \u017eenklo parduotuv\u0117je<\/span><\/h5>\n<p> <a href=\"https:\/\/my.matterport.com\/show\/?m=a9ocyRk8GfK&#038;play=1&#038;back=1\" target=\"_blank\" rel=\"noopener\"><span style=\"color: #e47025\">https:\/\/my.matterport.com\/<\/span><\/a><\/p>\n<p>Naktin\u0117 spintel\u0117 RAWENO R-SZNPaprasta forma, \u0161velni iriso spalvos \u0161iluma ir brangakmenius primenan\u010dios ranken\u0117l\u0117s sukuria viening\u0105 \u201eRaweno\u201c kolekcij\u0105. Ak\u012f d\u017eiugina elegancija ir nesenstan\u010diu gro\u017eiu d\u0117l paprast\u0173, rafinuot\u0173 dureli\u0173 ir r\u0117m\u0173 form\u0173. Kolekcijos element\u0173 d\u0117ka apstatysite vis\u0105 but\u0105, nes j\u0173 funkcionalumas ir matmenys patenkins ne tik estetinius, bet ir praktinius poreikius.<br \/>\nSvarbu pasirinkti dur\u0173 atidarymo pus\u0119. Korpuso med\u017eiaga: nat\u016bralus luk\u0161tas, laminuota plok\u0161t\u0117.<br \/>\nFasado med\u017eiaga: med\u017eio masyvas, nat\u016bralus luk\u0161tas.<br \/>\nKojel\u0117s: med\u017eio masyvas. \u201eRaweno\u201c kolekcija jau daugel\u012f met\u0173 d\u017eiaugiasi ilgalaikiu populiarumu tarp klient\u0173, vertinan\u010di\u0173 stili\u0173 ir kokyb\u0119.\u00a0<\/p>","protected":false},"excerpt":{"rendered":"<p>Auk\u0161tis, cm: 68<br \/>\nPlotis, cm: 57,8<br \/>\nGylis, cm: 47,5<\/p>","protected":false},"featured_media":248096,"comment_status":"open","ping_status":"open","template":"","meta":[],"product_brand":[],"product_cat":[9686,1176,5572],"product_tag":[],"class_list":{"0":"post-248095","1":"product","2":"type-product","3":"status-publish","4":"has-post-thumbnail","6":"product_cat-furniture-system-raweno-taranko","7":"product_cat-bedside-tables","8":"product_cat-taranko-meble","10":"first","11":"instock","12":"purchasable","13":"product-type-simple"},"_links":{"self":[{"href":"https:\/\/baldumarket.lt\/lt\/wp-json\/wp\/v2\/product\/248095","targetHints":{"allow":["GET"]}}],"collection":[{"href":"https:\/\/baldumarket.lt\/lt\/wp-json\/wp\/v2\/product"}],"about":[{"href":"https:\/\/baldumarket.lt\/lt\/wp-json\/wp\/v2\/types\/product"}],"replies":[{"embeddable":true,"href":"https:\/\/baldumarket.lt\/lt\/wp-json\/wp\/v2\/comments?post=248095"}],"wp:featuredmedia":[{"embeddable":true,"href":"https:\/\/baldumarket.lt\/lt\/wp-json\/wp\/v2\/media\/248096"}],"wp:attachment":[{"href":"https:\/\/baldumarket.lt\/lt\/wp-json\/wp\/v2\/media?parent=248095"}],"wp:term":[{"taxonomy":"product_brand","embeddable":true,"href":"https:\/\/baldumarket.lt\/lt\/wp-json\/wp\/v2\/product_brand?post=248095"},{"taxonomy":"product_cat","embeddable":true,"href":"https:\/\/baldumarket.lt\/lt\/wp-json\/wp\/v2\/product_cat?post=248095"},{"taxonomy":"product_tag","embeddable":true,"href":"https:\/\/baldumarket.lt\/lt\/wp-json\/wp\/v2\/product_tag?post=248095"}],"curies":[{"name":"wp","href":"https:\/\/api.w.org\/{rel}","templated":true}]}}