{"id":248085,"date":"2026-01-10T15:23:35","date_gmt":"2026-01-10T12:23:35","guid":{"rendered":"https:\/\/baldumarket.lt\/product\/szafka-nocna-lagos-la-szn-lp\/"},"modified":"2026-04-08T10:07:25","modified_gmt":"2026-04-08T07:07:25","slug":"szafka-nocna-lagos-la-szn-lp","status":"publish","type":"product","link":"https:\/\/baldumarket.lt\/lt\/product\/szafka-nocna-lagos-la-szn-lp\/","title":{"rendered":"Naktinis staliukas LAGOS LA-SZN L,P"},"content":{"rendered":"<h5><span style=\"color: #54859b\">Apsilankykite m\u016bs\u0173 virtualioje TARANKO prek\u0117s \u017eenklo parduotuv\u0117je<\/span><\/h5>\n<p> <a href=\"https:\/\/my.matterport.com\/show\/?m=a9ocyRk8GfK&#038;play=1&#038;back=1\" target=\"_blank\" rel=\"noopener\"><span style=\"color: #e47025\">https:\/\/my.matterport.com\/<\/span><\/a><\/p>\n<p>Naktin\u0117 spintel\u0117 LAGOS LA-SZNSukurta tikriems klasikos ir prabangos \u017einovams. Lyg\u016bs banguoti fasadai ir medin\u0117s lenktos kojel\u0117s suteikia ypatingo grak\u0161tumo ir \u017eavesio.<br \/>\nGalimi keturi spalv\u0173 deriniai: Lagoso \u0105\u017euolas\/ka\u0161myras, Lagoso \u0105\u017euolas\/balta, \u0161viesus \u0105\u017euolas\/ka\u0161myras ir \u0161viesus \u0105\u017euolas\/balta.<br \/>\nEleganti\u0161ki \u201eLagos\u201c baldai tinkamai papuo\u0161 rafinuot\u0105 svetain\u0117s, valgomojo ir miegamojo interjer\u0105.<br \/>\nSvarbu pasirinkti dur\u0173 atidarymo pus\u0119. Korpuso med\u017eiaga: MDF, laminuota alksnio fanera.<br \/>\nFasado med\u017eiaga: MDF.<br \/>\nKojel\u0117s: med\u017eio masyvas. I\u0161skirtin\u0117s kolekcijos spintel\u0117 su ry\u0161kia apdaila sukuria unikal\u0173 ir subtil\u0173 charakter\u012f.\u00a0<\/p>","protected":false},"excerpt":{"rendered":"<p>Auk\u0161tis, cm: 61<br \/>\nPlotis, cm: 51,8<br \/>\nGylis, cm: 43,2<\/p>","protected":false},"featured_media":248086,"comment_status":"open","ping_status":"open","template":"","meta":[],"product_brand":[],"product_cat":[9681,1176,5572],"product_tag":[],"class_list":{"0":"post-248085","1":"product","2":"type-product","3":"status-publish","4":"has-post-thumbnail","6":"product_cat-furniture-system-lagos-taranko","7":"product_cat-bedside-tables","8":"product_cat-taranko-meble","10":"first","11":"instock","12":"purchasable","13":"product-type-simple"},"_links":{"self":[{"href":"https:\/\/baldumarket.lt\/lt\/wp-json\/wp\/v2\/product\/248085","targetHints":{"allow":["GET"]}}],"collection":[{"href":"https:\/\/baldumarket.lt\/lt\/wp-json\/wp\/v2\/product"}],"about":[{"href":"https:\/\/baldumarket.lt\/lt\/wp-json\/wp\/v2\/types\/product"}],"replies":[{"embeddable":true,"href":"https:\/\/baldumarket.lt\/lt\/wp-json\/wp\/v2\/comments?post=248085"}],"wp:featuredmedia":[{"embeddable":true,"href":"https:\/\/baldumarket.lt\/lt\/wp-json\/wp\/v2\/media\/248086"}],"wp:attachment":[{"href":"https:\/\/baldumarket.lt\/lt\/wp-json\/wp\/v2\/media?parent=248085"}],"wp:term":[{"taxonomy":"product_brand","embeddable":true,"href":"https:\/\/baldumarket.lt\/lt\/wp-json\/wp\/v2\/product_brand?post=248085"},{"taxonomy":"product_cat","embeddable":true,"href":"https:\/\/baldumarket.lt\/lt\/wp-json\/wp\/v2\/product_cat?post=248085"},{"taxonomy":"product_tag","embeddable":true,"href":"https:\/\/baldumarket.lt\/lt\/wp-json\/wp\/v2\/product_tag?post=248085"}],"curies":[{"name":"wp","href":"https:\/\/api.w.org\/{rel}","templated":true}]}}