{"id":248065,"date":"2026-01-10T15:23:15","date_gmt":"2026-01-10T12:23:15","guid":{"rendered":"https:\/\/baldumarket.lt\/product\/szafa-z-lustrem-milano-mi-3dl\/"},"modified":"2026-04-08T10:07:25","modified_gmt":"2026-04-08T07:07:25","slug":"szafa-z-lustrem-milano-mi-3dl","status":"publish","type":"product","link":"https:\/\/baldumarket.lt\/lt\/product\/szafa-z-lustrem-milano-mi-3dl\/","title":{"rendered":"Spinta su veidrod\u017eiu MILANO MI-3DL"},"content":{"rendered":"<h5><span style=\"color: #54859b\">Apsilankykite m\u016bs\u0173 virtualioje TARANKO prek\u0117s \u017eenklo parduotuv\u0117je<\/span><\/h5>\n<p> <a href=\"https:\/\/my.matterport.com\/show\/?m=a9ocyRk8GfK&#038;play=1&#038;back=1\" target=\"_blank\" rel=\"noopener\"><span style=\"color: #e47025\">https:\/\/my.matterport.com\/<\/span><\/a><\/p>\n<p>3 dur\u0173 spinta su veidrod\u017eiu MILANO MI-3DLSpalva blizgi balta \/ Milano rie\u0161utmedis.<br \/>\nMILANO baldai pasi\u017eymi eleganti\u0161komis formomis, auk\u0161ta kokybe ir funkcionalumu. Tokie baldai papuo\u0161 bet kur\u012f kambar\u012f. Med\u017eiaga: med\u017eio masyvas, laminuotas PVC, alksnio fanera.<br \/>\nKojel\u0117s: med\u017eio masyvas.<br \/>\nNaudojami vyriai ir kreipian\u010diosios su tylaus u\u017edarymo sistema. Spinta su veidrod\u017eiu traukia d\u0117mes\u012f savo lengvu apdirbimu, kurioje \u0161ilta rie\u0161uto spalva derinama su baltais blizgiais fasadais. I\u0161lenktos kojel\u0117s suteikia kolekcijai \u017eavesio, o originali pagrindo forma sukuria unikal\u0173 charakter\u012f.<\/p>","protected":false},"excerpt":{"rendered":"<p>\u016agis, cm: 209,5<br \/>\nPlotis, cm: 164<br \/>\nGylis, cm: 62,5<\/p>","protected":false},"featured_media":248066,"comment_status":"open","ping_status":"open","template":"","meta":[],"product_brand":[],"product_cat":[9683,5572,1177],"product_tag":[],"class_list":{"0":"post-248065","1":"product","2":"type-product","3":"status-publish","4":"has-post-thumbnail","6":"product_cat-furniture-system-milano-taranko","7":"product_cat-taranko-meble","8":"product_cat-wardrobes","10":"first","11":"instock","12":"purchasable","13":"product-type-simple"},"_links":{"self":[{"href":"https:\/\/baldumarket.lt\/lt\/wp-json\/wp\/v2\/product\/248065","targetHints":{"allow":["GET"]}}],"collection":[{"href":"https:\/\/baldumarket.lt\/lt\/wp-json\/wp\/v2\/product"}],"about":[{"href":"https:\/\/baldumarket.lt\/lt\/wp-json\/wp\/v2\/types\/product"}],"replies":[{"embeddable":true,"href":"https:\/\/baldumarket.lt\/lt\/wp-json\/wp\/v2\/comments?post=248065"}],"wp:featuredmedia":[{"embeddable":true,"href":"https:\/\/baldumarket.lt\/lt\/wp-json\/wp\/v2\/media\/248066"}],"wp:attachment":[{"href":"https:\/\/baldumarket.lt\/lt\/wp-json\/wp\/v2\/media?parent=248065"}],"wp:term":[{"taxonomy":"product_brand","embeddable":true,"href":"https:\/\/baldumarket.lt\/lt\/wp-json\/wp\/v2\/product_brand?post=248065"},{"taxonomy":"product_cat","embeddable":true,"href":"https:\/\/baldumarket.lt\/lt\/wp-json\/wp\/v2\/product_cat?post=248065"},{"taxonomy":"product_tag","embeddable":true,"href":"https:\/\/baldumarket.lt\/lt\/wp-json\/wp\/v2\/product_tag?post=248065"}],"curies":[{"name":"wp","href":"https:\/\/api.w.org\/{rel}","templated":true}]}}