{"id":247983,"date":"2026-01-10T15:21:54","date_gmt":"2026-01-10T12:21:54","guid":{"rendered":"https:\/\/baldumarket.lt\/product\/stoly-bremen-br-s2-s3-180\/"},"modified":"2026-04-08T09:29:57","modified_gmt":"2026-04-08T06:29:57","slug":"stoly-bremen-br-s2-s3-180","status":"publish","type":"product","link":"https:\/\/baldumarket.lt\/lt\/product\/stoly-bremen-br-s2-s3-180\/","title":{"rendered":"BREMEN BR-S2-S3 180 stal\u0173"},"content":{"rendered":"<h5><span style=\"color: #54859b\">Apsilankykite m\u016bs\u0173 virtualioje TARANKO prek\u0117s \u017eenklo parduotuv\u0117je<\/span><\/h5>\n<p> <a href=\"https:\/\/my.matterport.com\/show\/?m=a9ocyRk8GfK&#038;play=1&#038;back=1\" target=\"_blank\" rel=\"noopener\"><span style=\"color: #e47025\">https:\/\/my.matterport.com\/<\/span><\/a><\/p>\n<p>Staliukus BREMEN BR-S2-S3 galite rinktis 180 cm arba 220 cm plo\u010dio. Ne\u012fprasta \u0161iurk\u0161ti \u0105\u017euolo element\u0173 strukt\u016bra su grioveliais suteikia kolekcijai i\u0161rai\u0161kingumo ir pa\u012fvairina subtil\u0173 spalv\u0173 bei med\u017eiag\u0173 kontrast\u0105. Juodi metaliniai elementai ir ma\u017eos ranken\u0117l\u0117s \u2013 subtilus kolekcijos akcentas.<br \/>\nVitrin\u0173 stiklin\u0117s pus\u0117s ir LED ap\u0161vietimas dar geriau atskleid\u017eia \u0105\u017euolo medienos tekst\u016bros \u0161ilt\u0105 \u017eaves\u012f.<br \/>\nGalimi du dyd\u017eiai \u2013 180 cm arba 220 cm plo\u010dio. Stalvir\u0161is: MDF, laminuotas nat\u016braliu \u0105\u017euolo luk\u0161tu.<br \/>\nKojel\u0117s: juodas plienas<\/p>","protected":false},"excerpt":{"rendered":"<p>Auk\u0161tis, cm: 77<br \/>\nPlotis, cm: 180, 220<br \/>\nGylis, cm: 100<\/p>","protected":false},"featured_media":247984,"comment_status":"open","ping_status":"open","template":"","meta":[],"product_brand":[],"product_cat":[9697,1934,5572],"product_tag":[],"class_list":{"0":"post-247983","1":"product","2":"type-product","3":"status-publish","4":"has-post-thumbnail","6":"product_cat-furniture-system-bremen-taranko","7":"product_cat-tables","8":"product_cat-taranko-meble","10":"first","11":"instock","12":"purchasable","13":"product-type-simple"},"_links":{"self":[{"href":"https:\/\/baldumarket.lt\/lt\/wp-json\/wp\/v2\/product\/247983","targetHints":{"allow":["GET"]}}],"collection":[{"href":"https:\/\/baldumarket.lt\/lt\/wp-json\/wp\/v2\/product"}],"about":[{"href":"https:\/\/baldumarket.lt\/lt\/wp-json\/wp\/v2\/types\/product"}],"replies":[{"embeddable":true,"href":"https:\/\/baldumarket.lt\/lt\/wp-json\/wp\/v2\/comments?post=247983"}],"wp:featuredmedia":[{"embeddable":true,"href":"https:\/\/baldumarket.lt\/lt\/wp-json\/wp\/v2\/media\/247984"}],"wp:attachment":[{"href":"https:\/\/baldumarket.lt\/lt\/wp-json\/wp\/v2\/media?parent=247983"}],"wp:term":[{"taxonomy":"product_brand","embeddable":true,"href":"https:\/\/baldumarket.lt\/lt\/wp-json\/wp\/v2\/product_brand?post=247983"},{"taxonomy":"product_cat","embeddable":true,"href":"https:\/\/baldumarket.lt\/lt\/wp-json\/wp\/v2\/product_cat?post=247983"},{"taxonomy":"product_tag","embeddable":true,"href":"https:\/\/baldumarket.lt\/lt\/wp-json\/wp\/v2\/product_tag?post=247983"}],"curies":[{"name":"wp","href":"https:\/\/api.w.org\/{rel}","templated":true}]}}