{"id":247972,"date":"2026-01-10T15:21:41","date_gmt":"2026-01-10T12:21:41","guid":{"rendered":"https:\/\/baldumarket.lt\/product\/stolik-pod-tv-szeroki-santos-sa2-rtv-d\/"},"modified":"2026-04-08T10:47:56","modified_gmt":"2026-04-08T07:47:56","slug":"stolik-pod-tv-szeroki-santos-sa2-rtv-d","status":"publish","type":"product","link":"https:\/\/baldumarket.lt\/lt\/product\/stolik-pod-tv-szeroki-santos-sa2-rtv-d\/","title":{"rendered":"Platus televizoriaus staliukas SANTOS SA2-RTV\/D"},"content":{"rendered":"<h5><span style=\"color: #54859b\">Apsilankykite m\u016bs\u0173 virtualioje TARANKO prek\u0117s \u017eenklo parduotuv\u0117je<\/span><\/h5>\n<p> <a href=\"https:\/\/my.matterport.com\/show\/?m=a9ocyRk8GfK&#038;play=1&#038;back=1\" target=\"_blank\" rel=\"noopener\"><span style=\"color: #e47025\">https:\/\/my.matterport.com\/<\/span><\/a><\/p>\n<p>Platus TV staliukas SANTOS SA2-RTV\/DInclusive kolekcija su madingu 3D \u0161viesiai pilku fasadu ir juodo marmuro imitacija sukuria modern\u0173 charakter\u012f. Juodos plienin\u0117s kojel\u0117s ir juoda apdaila \u2013 tai modernumo, dvelkian\u010dio praeities nostalgija, i\u0161rai\u0161ka. Subtilus vitrin\u0173 LED ap\u0161vietimas sukuria paslapties poj\u016bt\u012f tamsiame vitrin\u0173 viduje. Vir\u0161us: MDF, laminuotas juodo marmuro imitacija.<br \/>\nFasadas: frezuota, da\u017eyta MDF plok\u0161t\u0117<br \/>\nKojel\u0117s: juodas plienas<br \/>\nNaudojami vyriai ir kreipian\u010diosios su tylaus u\u017edarymo sistema. \u0160viesiai pilki rai\u017eyti reljefiniai fasado baldai suteiks jaukumo \u017eavesio tiek svetainei, tiek valgomajam.<\/p>","protected":false},"excerpt":{"rendered":"<p>Auk\u0161tis, cm: 65<br \/>\nPlotis, cm: 185<br \/>\nGylis, cm: 40<\/p>","protected":false},"featured_media":247973,"comment_status":"open","ping_status":"open","template":"","meta":[],"product_brand":[],"product_cat":[9704,5572,1175],"product_tag":[],"class_list":{"0":"post-247972","1":"product","2":"type-product","3":"status-publish","4":"has-post-thumbnail","6":"product_cat-furniture-system-santos-ii-taranko","7":"product_cat-taranko-meble","8":"product_cat-tv-stands","10":"first","11":"instock","12":"purchasable","13":"product-type-simple"},"_links":{"self":[{"href":"https:\/\/baldumarket.lt\/lt\/wp-json\/wp\/v2\/product\/247972","targetHints":{"allow":["GET"]}}],"collection":[{"href":"https:\/\/baldumarket.lt\/lt\/wp-json\/wp\/v2\/product"}],"about":[{"href":"https:\/\/baldumarket.lt\/lt\/wp-json\/wp\/v2\/types\/product"}],"replies":[{"embeddable":true,"href":"https:\/\/baldumarket.lt\/lt\/wp-json\/wp\/v2\/comments?post=247972"}],"wp:featuredmedia":[{"embeddable":true,"href":"https:\/\/baldumarket.lt\/lt\/wp-json\/wp\/v2\/media\/247973"}],"wp:attachment":[{"href":"https:\/\/baldumarket.lt\/lt\/wp-json\/wp\/v2\/media?parent=247972"}],"wp:term":[{"taxonomy":"product_brand","embeddable":true,"href":"https:\/\/baldumarket.lt\/lt\/wp-json\/wp\/v2\/product_brand?post=247972"},{"taxonomy":"product_cat","embeddable":true,"href":"https:\/\/baldumarket.lt\/lt\/wp-json\/wp\/v2\/product_cat?post=247972"},{"taxonomy":"product_tag","embeddable":true,"href":"https:\/\/baldumarket.lt\/lt\/wp-json\/wp\/v2\/product_tag?post=247972"}],"curies":[{"name":"wp","href":"https:\/\/api.w.org\/{rel}","templated":true}]}}