{"id":247960,"date":"2026-01-10T15:21:28","date_gmt":"2026-01-10T12:21:28","guid":{"rendered":"https:\/\/baldumarket.lt\/product\/stolik-pod-tv-szeroki-aspen-as-rtv-d\/"},"modified":"2026-04-08T09:29:57","modified_gmt":"2026-04-08T06:29:57","slug":"stolik-pod-tv-szeroki-aspen-as-rtv-d","status":"publish","type":"product","link":"https:\/\/baldumarket.lt\/lt\/product\/stolik-pod-tv-szeroki-aspen-as-rtv-d\/","title":{"rendered":"Platus televizoriaus stovas ASPEN AS-RTV\/D"},"content":{"rendered":"<h5><span style=\"color: #54859b\">Apsilankykite m\u016bs\u0173 virtualioje TARANKO prek\u0117s \u017eenklo parduotuv\u0117je<\/span><\/h5>\n<p> <a href=\"https:\/\/my.matterport.com\/show\/?m=a9ocyRk8GfK&#038;play=1&#038;back=1\" target=\"_blank\" rel=\"noopener\"><span style=\"color: #e47025\">https:\/\/my.matterport.com\/<\/span><\/a><\/p>\n<p>Platus televizoriaus staliukas ASPEN AS-RTV\/D. Moderni baldo forma gra\u017eiai dera su nat\u016bralia \u0105\u017euolo medienos strukt\u016bra ir subtiliai ap\u0161vie\u010dia vitrin\u0173 interjer\u0105.<br \/>\nModernus minimalizmas leid\u017eia atskleisti gra\u017eiausius dalykus aplink jus. Kolekcijoje gausu detali\u0173, toki\u0173 kaip vitrinos, komodos, televizoriaus spintel\u0117s, kurios leid\u017eia sutvarkyti bet kok\u012f interjer\u0105, o ra\u0161omieji stalai ir knyg\u0173 lentynos taip pat leis sukurti darbo kambar\u012f.<br \/>\nKolekcijoje naudotos spalvos: blizgi balta ir nat\u016bralus \u0105\u017euolas. Korpuso med\u017eiaga: MDF plok\u0161t\u0117, laminuota PVC folija.<br \/>\nFasado med\u017eiaga: blizgi PVC pl\u0117vel\u0117.<br \/>\nPadas ir vir\u0161us: nat\u016bralus \u0105\u017euolo luk\u0161tas<br \/>\nKojel\u0117s: med\u017eio masyvas.\u00a0<\/p>","protected":false},"excerpt":{"rendered":"<p>\u016agis, cm: 48,7<br \/>\nGylis, cm: 41<\/p>","protected":false},"featured_media":247961,"comment_status":"open","ping_status":"open","template":"","meta":[],"product_brand":[],"product_cat":[9690,5572,1175],"product_tag":[],"class_list":{"0":"post-247960","1":"product","2":"type-product","3":"status-publish","4":"has-post-thumbnail","6":"product_cat-furniture-system-aspen-taranko","7":"product_cat-taranko-meble","8":"product_cat-tv-stands","10":"first","11":"instock","12":"purchasable","13":"product-type-simple"},"_links":{"self":[{"href":"https:\/\/baldumarket.lt\/lt\/wp-json\/wp\/v2\/product\/247960","targetHints":{"allow":["GET"]}}],"collection":[{"href":"https:\/\/baldumarket.lt\/lt\/wp-json\/wp\/v2\/product"}],"about":[{"href":"https:\/\/baldumarket.lt\/lt\/wp-json\/wp\/v2\/types\/product"}],"replies":[{"embeddable":true,"href":"https:\/\/baldumarket.lt\/lt\/wp-json\/wp\/v2\/comments?post=247960"}],"wp:featuredmedia":[{"embeddable":true,"href":"https:\/\/baldumarket.lt\/lt\/wp-json\/wp\/v2\/media\/247961"}],"wp:attachment":[{"href":"https:\/\/baldumarket.lt\/lt\/wp-json\/wp\/v2\/media?parent=247960"}],"wp:term":[{"taxonomy":"product_brand","embeddable":true,"href":"https:\/\/baldumarket.lt\/lt\/wp-json\/wp\/v2\/product_brand?post=247960"},{"taxonomy":"product_cat","embeddable":true,"href":"https:\/\/baldumarket.lt\/lt\/wp-json\/wp\/v2\/product_cat?post=247960"},{"taxonomy":"product_tag","embeddable":true,"href":"https:\/\/baldumarket.lt\/lt\/wp-json\/wp\/v2\/product_tag?post=247960"}],"curies":[{"name":"wp","href":"https:\/\/api.w.org\/{rel}","templated":true}]}}