{"id":24796,"date":"2025-11-14T16:15:15","date_gmt":"2025-11-14T13:15:15","guid":{"rendered":"https:\/\/baldumarket.lt\/product\/siggi-grey-120x180\/"},"modified":"2026-03-24T18:20:37","modified_gmt":"2026-03-24T15:20:37","slug":"siggi-grey-120x180","status":"publish","type":"product","link":"https:\/\/baldumarket.lt\/lt\/product\/siggi-grey-120x180\/","title":{"rendered":"Siggi Gray 120\u00d7180"},"content":{"rendered":"<p>\u201eSiggi\u201c kilimas i\u0161siskiria madingu, trima\u010diu efektu, kur\u012f dizaineriai pritaik\u0117 jo pavir\u0161iui. \u0160is sprendimas, derinamas su neutralia spalva ir netaisyklingai i\u0161d\u0117stytomis linijomis, leid\u017eia gaminiui puikiai dera su moderniu interjero stiliumi. \u201eSiggi\u201c pagamintas i\u0161 poliesterio ir polipropileno. Sintetiniai pluo\u0161tai yra atspar\u016bs dilimui, atstumia ne\u0161varumus ir greitai gr\u012f\u017eta \u012f pradin\u0119 form\u0105. Jie taip pat pasi\u017eymi antistatin\u0117mis savyb\u0117mis, neleid\u017eian\u010diomis dulk\u0117ms kauptis kilimo viduje.<\/p>","protected":false},"excerpt":{"rendered":"<p>\u201eSiggi\u201c kilimas i\u0161siskiria madingu, trima\u010diu efektu, kur\u012f dizaineriai pritaik\u0117 jo pavir\u0161iui. \u0160is sprendimas, kartu su neutralia spalva ir netaisyklingai i\u0161d\u0117stytomis linijomis, leid\u017eia gaminiui puikiai dera su moderniu interjero stiliumi. \u201eSiggi\u201c pagamintas i\u0161 poliesterio ir polipropileno. Sintetiniai pluo\u0161tai yra atspar\u016bs dilimui, purvui ir greitai atsinaujina [\u2026]<\/p>","protected":false},"featured_media":24797,"comment_status":"open","ping_status":"open","template":"","meta":[],"product_brand":[],"product_cat":[1167,2012],"product_tag":[],"class_list":{"0":"post-24796","1":"product","2":"type-product","3":"status-publish","4":"has-post-thumbnail","6":"product_cat-carpets","7":"product_cat-eltap","9":"first","10":"instock","11":"purchasable","12":"product-type-simple"},"_links":{"self":[{"href":"https:\/\/baldumarket.lt\/lt\/wp-json\/wp\/v2\/product\/24796","targetHints":{"allow":["GET"]}}],"collection":[{"href":"https:\/\/baldumarket.lt\/lt\/wp-json\/wp\/v2\/product"}],"about":[{"href":"https:\/\/baldumarket.lt\/lt\/wp-json\/wp\/v2\/types\/product"}],"replies":[{"embeddable":true,"href":"https:\/\/baldumarket.lt\/lt\/wp-json\/wp\/v2\/comments?post=24796"}],"wp:featuredmedia":[{"embeddable":true,"href":"https:\/\/baldumarket.lt\/lt\/wp-json\/wp\/v2\/media\/24797"}],"wp:attachment":[{"href":"https:\/\/baldumarket.lt\/lt\/wp-json\/wp\/v2\/media?parent=24796"}],"wp:term":[{"taxonomy":"product_brand","embeddable":true,"href":"https:\/\/baldumarket.lt\/lt\/wp-json\/wp\/v2\/product_brand?post=24796"},{"taxonomy":"product_cat","embeddable":true,"href":"https:\/\/baldumarket.lt\/lt\/wp-json\/wp\/v2\/product_cat?post=24796"},{"taxonomy":"product_tag","embeddable":true,"href":"https:\/\/baldumarket.lt\/lt\/wp-json\/wp\/v2\/product_tag?post=24796"}],"curies":[{"name":"wp","href":"https:\/\/api.w.org\/{rel}","templated":true}]}}