{"id":247947,"date":"2026-01-10T15:21:12","date_gmt":"2026-01-10T12:21:12","guid":{"rendered":"https:\/\/baldumarket.lt\/product\/stolik-pod-tv-diament-di-rtv-m\/"},"modified":"2026-04-08T09:29:48","modified_gmt":"2026-04-08T06:29:48","slug":"stolik-pod-tv-diament-di-rtv-m","status":"publish","type":"product","link":"https:\/\/baldumarket.lt\/lt\/product\/stolik-pod-tv-diament-di-rtv-m\/","title":{"rendered":"TV staliukas DIAMOND DI-RTV\/M"},"content":{"rendered":"<h5><span style=\"color: #54859b\">Apsilankykite m\u016bs\u0173 virtualioje TARANKO prek\u0117s \u017eenklo parduotuv\u0117je<\/span><\/h5>\n<p> <a href=\"https:\/\/my.matterport.com\/show\/?m=a9ocyRk8GfK&#038;play=1&#038;back=1\" target=\"_blank\" rel=\"noopener\"><span style=\"color: #e47025\">https:\/\/my.matterport.com\/<\/span><\/a><\/p>\n<p>TV staliukas DIAMENT DI-RTV\/MI i\u0161skirtin\u0117s kolekcijos su 3D fasadu ir jaukia nat\u016bralaus \u0105\u017euolo apdaila sukuria unikal\u0173 ir subtil\u0173 charakter\u012f. \u0160iuolaikinio modernumo i\u0161rai\u0161ka su nostalgijos praei\u010diai prisilietimu. Geometrinis 3D fasadas ir lenktos \u0105\u017euolo kojel\u0117s suteikia ypatingo \u017eavesio. Baldai komplektuojami su vidiniu ap\u0161vietimu.<br \/>\nGalima rinktis i\u0161 dviej\u0173 spalv\u0173 derini\u0173: nat\u016bralaus \u0105\u017euolo \/ baltos matin\u0117s ir nat\u016bralaus \u0105\u017euolo \/ grafito matin\u0117s, arba gra\u017eiai derinamos naudojant abi. Su foniniu ap\u0161vietimu.<br \/>\nKorpuso med\u017eiaga: MDF, laminuota \u0105\u017euolo fanera.<br \/>\nFasado med\u017eiaga: MDF.<br \/>\nKojel\u0117s: med\u017eio masyvas.\u00a0<\/p>","protected":false},"excerpt":{"rendered":"<p>Auk\u0161tis, cm: 64<br \/>\nPlotis, cm: 146,5<br \/>\nGylis, cm: 41,5<\/p>","protected":false},"featured_media":247948,"comment_status":"open","ping_status":"open","template":"","meta":[],"product_brand":[],"product_cat":[9695,5572,1175],"product_tag":[],"class_list":{"0":"post-247947","1":"product","2":"type-product","3":"status-publish","4":"has-post-thumbnail","6":"product_cat-furniture-system-diamond-taranko","7":"product_cat-taranko-meble","8":"product_cat-tv-stands","10":"first","11":"instock","12":"purchasable","13":"product-type-simple"},"_links":{"self":[{"href":"https:\/\/baldumarket.lt\/lt\/wp-json\/wp\/v2\/product\/247947","targetHints":{"allow":["GET"]}}],"collection":[{"href":"https:\/\/baldumarket.lt\/lt\/wp-json\/wp\/v2\/product"}],"about":[{"href":"https:\/\/baldumarket.lt\/lt\/wp-json\/wp\/v2\/types\/product"}],"replies":[{"embeddable":true,"href":"https:\/\/baldumarket.lt\/lt\/wp-json\/wp\/v2\/comments?post=247947"}],"wp:featuredmedia":[{"embeddable":true,"href":"https:\/\/baldumarket.lt\/lt\/wp-json\/wp\/v2\/media\/247948"}],"wp:attachment":[{"href":"https:\/\/baldumarket.lt\/lt\/wp-json\/wp\/v2\/media?parent=247947"}],"wp:term":[{"taxonomy":"product_brand","embeddable":true,"href":"https:\/\/baldumarket.lt\/lt\/wp-json\/wp\/v2\/product_brand?post=247947"},{"taxonomy":"product_cat","embeddable":true,"href":"https:\/\/baldumarket.lt\/lt\/wp-json\/wp\/v2\/product_cat?post=247947"},{"taxonomy":"product_tag","embeddable":true,"href":"https:\/\/baldumarket.lt\/lt\/wp-json\/wp\/v2\/product_tag?post=247947"}],"curies":[{"name":"wp","href":"https:\/\/api.w.org\/{rel}","templated":true}]}}