{"id":247919,"date":"2026-01-10T15:20:36","date_gmt":"2026-01-10T12:20:36","guid":{"rendered":"https:\/\/baldumarket.lt\/product\/stolik-kawowy-zefir-o-7\/"},"modified":"2026-04-08T11:48:26","modified_gmt":"2026-04-08T08:48:26","slug":"stolik-kawowy-zefir-o-7","status":"publish","type":"product","link":"https:\/\/baldumarket.lt\/lt\/product\/stolik-kawowy-zefir-o-7\/","title":{"rendered":"ZEFIR O-7 kavos staliukas"},"content":{"rendered":"<h5><span style=\"color: #54859b\">Apsilankykite m\u016bs\u0173 virtualioje TARANKO prek\u0117s \u017eenklo parduotuv\u0117je<\/span><\/h5>\n<p> <a href=\"https:\/\/my.matterport.com\/show\/?m=a9ocyRk8GfK&#038;play=1&#038;back=1\" target=\"_blank\" rel=\"noopener\"><span style=\"color: #e47025\">https:\/\/my.matterport.com\/<\/span><\/a><\/p>\n<p>Kavos staliukas ZEFIR O-7 pasi\u017eymi i\u0161skirtine i\u0161vaizda ir elegancija, \u0161iek tiek i\u0161lenktomis kojel\u0117mis. Nepriekai\u0161tingai i\u0161dirbtos lygios fasad\u0173 linijos ir platus kolekcijos element\u0173 pasirinkimas. \u0160ios kolekcijos i\u0161skirtiniai bruo\u017eai \u2013 i\u0161lenkti fasadai ir veidrodin\u0117 galin\u0117 baldo sienel\u0117. Baldo i\u0161vaizd\u0105 papildo metalin\u0117s \u017ealvario spalvos rankenos.<br \/>\nKolekcija yra dviej\u0173 spalv\u0173: \u201cToffi\u201d ir \u201cVy\u0161nia\u201d. Stalvir\u0161is: nat\u016bralus luk\u0161tas, laminuota plok\u0161t\u0117, stiklo elementai.<br \/>\nR\u0117mas: med\u017eio masyvas.<br \/>\nKojel\u0117s: med\u017eio masyvas. ZEFIR baldai \u2013 tai laiko patikrinta auk\u0161\u010diausios kokyb\u0117s, form\u0173 rafinuotumo ir apdailos puo\u0161numo klasika.\u00a0<\/p>","protected":false},"excerpt":{"rendered":"<p>\u016agis, cm: 51,7<br \/>\nPlotis, cm: 120<br \/>\nGylis, cm: 65<\/p>","protected":false},"featured_media":247920,"comment_status":"open","ping_status":"open","template":"","meta":[],"product_brand":[],"product_cat":[9698,866,5572],"product_tag":[],"class_list":{"0":"post-247919","1":"product","2":"type-product","3":"status-publish","4":"has-post-thumbnail","6":"product_cat-furniture-system-zefir-taranko","7":"product_cat-coffee-tables","8":"product_cat-taranko-meble","10":"first","11":"instock","12":"purchasable","13":"product-type-simple"},"_links":{"self":[{"href":"https:\/\/baldumarket.lt\/lt\/wp-json\/wp\/v2\/product\/247919","targetHints":{"allow":["GET"]}}],"collection":[{"href":"https:\/\/baldumarket.lt\/lt\/wp-json\/wp\/v2\/product"}],"about":[{"href":"https:\/\/baldumarket.lt\/lt\/wp-json\/wp\/v2\/types\/product"}],"replies":[{"embeddable":true,"href":"https:\/\/baldumarket.lt\/lt\/wp-json\/wp\/v2\/comments?post=247919"}],"wp:featuredmedia":[{"embeddable":true,"href":"https:\/\/baldumarket.lt\/lt\/wp-json\/wp\/v2\/media\/247920"}],"wp:attachment":[{"href":"https:\/\/baldumarket.lt\/lt\/wp-json\/wp\/v2\/media?parent=247919"}],"wp:term":[{"taxonomy":"product_brand","embeddable":true,"href":"https:\/\/baldumarket.lt\/lt\/wp-json\/wp\/v2\/product_brand?post=247919"},{"taxonomy":"product_cat","embeddable":true,"href":"https:\/\/baldumarket.lt\/lt\/wp-json\/wp\/v2\/product_cat?post=247919"},{"taxonomy":"product_tag","embeddable":true,"href":"https:\/\/baldumarket.lt\/lt\/wp-json\/wp\/v2\/product_tag?post=247919"}],"curies":[{"name":"wp","href":"https:\/\/api.w.org\/{rel}","templated":true}]}}