{"id":247911,"date":"2026-01-10T15:20:24","date_gmt":"2026-01-10T12:20:24","guid":{"rendered":"https:\/\/baldumarket.lt\/product\/stolik-kawowy-wenecja-we-s2\/"},"modified":"2026-04-08T11:39:27","modified_gmt":"2026-04-08T08:39:27","slug":"stolik-kawowy-wenecja-we-s2","status":"publish","type":"product","link":"https:\/\/baldumarket.lt\/lt\/product\/stolik-kawowy-wenecja-we-s2\/","title":{"rendered":"Kavos staliukas WENECJA WE-S2"},"content":{"rendered":"<h5><span style=\"color: #54859b\">Apsilankykite m\u016bs\u0173 virtualioje TARANKO prek\u0117s \u017eenklo parduotuv\u0117je<\/span><\/h5>\n<p> <a href=\"https:\/\/my.matterport.com\/show\/?m=a9ocyRk8GfK&#038;play=1&#038;back=1\" target=\"_blank\" rel=\"noopener\"><span style=\"color: #e47025\">https:\/\/my.matterport.com\/<\/span><\/a><\/p>\n<p>Apvalus kavos staliukas WENECJA WE-S2, 72 cm skersmens. I\u0161skirtin\u0117 kolekcija su 3D fasadu ir jaukia \u0161okoladinio \u0105\u017euolo apdaila sukuria \u0161iuolaiki\u0161k\u0105 charakter\u012f. \u0160iuolaikinio modernumo i\u0161rai\u0161ka, dvelkianti praeities nostalgija. Vitrinoms panaudota tamsaus \u0161okolado \u0105\u017euolo nugar\u0117l\u0117, d\u016bminis stiklas ir subtilus lentyn\u0173 ap\u0161vietimas suteikia paslaptingo \u017eavesio.<br \/>\nNaudoti spalv\u0173 deriniai: \u0161okolado spalvos \u0105\u017euolas\/ka\u0161myras. Vir\u0161us: MDF, laminuotas \u0105\u017euolo fanera.<br \/>\nFasadas: da\u017eyta MDF plok\u0161t\u0117.<br \/>\nKojel\u0117s ir r\u0117mas: mediniai. Madingi fasadiniai WENECJA baldai suteiks jaukumo \u017eavesio tiek svetainei, tiek valgomajam.<\/p>","protected":false},"excerpt":{"rendered":"<p>Auk\u0161tis, cm: 57<br \/>\nPlotis, cm: 72<br \/>\nGylis, cm: 72<\/p>","protected":false},"featured_media":247912,"comment_status":"open","ping_status":"open","template":"","meta":[],"product_brand":[],"product_cat":[9693,866,5572],"product_tag":[],"class_list":{"0":"post-247911","1":"product","2":"type-product","3":"status-publish","4":"has-post-thumbnail","6":"product_cat-furniture-system-wenecja-taranko","7":"product_cat-coffee-tables","8":"product_cat-taranko-meble","10":"first","11":"instock","12":"purchasable","13":"product-type-simple"},"_links":{"self":[{"href":"https:\/\/baldumarket.lt\/lt\/wp-json\/wp\/v2\/product\/247911","targetHints":{"allow":["GET"]}}],"collection":[{"href":"https:\/\/baldumarket.lt\/lt\/wp-json\/wp\/v2\/product"}],"about":[{"href":"https:\/\/baldumarket.lt\/lt\/wp-json\/wp\/v2\/types\/product"}],"replies":[{"embeddable":true,"href":"https:\/\/baldumarket.lt\/lt\/wp-json\/wp\/v2\/comments?post=247911"}],"wp:featuredmedia":[{"embeddable":true,"href":"https:\/\/baldumarket.lt\/lt\/wp-json\/wp\/v2\/media\/247912"}],"wp:attachment":[{"href":"https:\/\/baldumarket.lt\/lt\/wp-json\/wp\/v2\/media?parent=247911"}],"wp:term":[{"taxonomy":"product_brand","embeddable":true,"href":"https:\/\/baldumarket.lt\/lt\/wp-json\/wp\/v2\/product_brand?post=247911"},{"taxonomy":"product_cat","embeddable":true,"href":"https:\/\/baldumarket.lt\/lt\/wp-json\/wp\/v2\/product_cat?post=247911"},{"taxonomy":"product_tag","embeddable":true,"href":"https:\/\/baldumarket.lt\/lt\/wp-json\/wp\/v2\/product_tag?post=247911"}],"curies":[{"name":"wp","href":"https:\/\/api.w.org\/{rel}","templated":true}]}}