{"id":247904,"date":"2026-01-10T15:20:15","date_gmt":"2026-01-10T12:20:15","guid":{"rendered":"https:\/\/baldumarket.lt\/product\/stolik-kawowy-szeroki-grande-gr-s2\/"},"modified":"2026-04-08T09:39:52","modified_gmt":"2026-04-08T06:39:52","slug":"stolik-kawowy-szeroki-grande-gr-s2","status":"publish","type":"product","link":"https:\/\/baldumarket.lt\/lt\/product\/stolik-kawowy-szeroki-grande-gr-s2\/","title":{"rendered":"Platus kavos staliukas GRANDE GR-S2"},"content":{"rendered":"<h5><span style=\"color: #54859b\">Apsilankykite m\u016bs\u0173 virtualioje TARANKO prek\u0117s \u017eenklo parduotuv\u0117je<\/span><\/h5>\n<p> <a href=\"https:\/\/my.matterport.com\/show\/?m=a9ocyRk8GfK&#038;play=1&#038;back=1\" target=\"_blank\" rel=\"noopener\"><span style=\"color: #e47025\">https:\/\/my.matterport.com\/<\/span><\/a><\/p>\n<p>Platus kavos staliukas GRANDE GR-S2 papuo\u0161 daugel\u012f interjer\u0173 ir sukurs i\u0161skirtin\u0119 dvasi\u0105. B\u016bdingas kolekcijos bruo\u017eas \u2013 metalin\u0117s kojel\u0117s, einan\u010dios per vis\u0105 baldo auk\u0161t\u012f, suteikian\u010dios lengvumo \u012fsp\u016bd\u012f. Apvalios formos ir blizgus fasadas suteikia papildomos elegancijos. LED ap\u0161vietimas sukuria paslapties poj\u016bt\u012f tamsiame vitrin\u0173 interjere. Korpuso med\u017eiaga: metalas, MDF, laminuota \u0105\u017euolo fanera.<br \/>\nFasado med\u017eiaga: nat\u016bralus \u0105\u017euolo luk\u0161tas, blizgus akrilas.<br \/>\nKojel\u0117s: metalin\u0117s. \u0160i kolekcija \u2013 tai trij\u0173 apdailos med\u017eiag\u0173 derinys: juodas metalas, nat\u016brali \u0105\u017euolo mediena ir blizgus akrilas.<\/p>","protected":false},"excerpt":{"rendered":"<p>\u016agis, cm: 43,8<br \/>\nPlotis, cm: 120<br \/>\nGylis, cm: 60<\/p>","protected":false},"featured_media":247905,"comment_status":"open","ping_status":"open","template":"","meta":[],"product_brand":[],"product_cat":[9691,866,5572],"product_tag":[],"class_list":{"0":"post-247904","1":"product","2":"type-product","3":"status-publish","4":"has-post-thumbnail","6":"product_cat-furniture-system-grande-taranko","7":"product_cat-coffee-tables","8":"product_cat-taranko-meble","10":"first","11":"instock","12":"purchasable","13":"product-type-simple"},"_links":{"self":[{"href":"https:\/\/baldumarket.lt\/lt\/wp-json\/wp\/v2\/product\/247904","targetHints":{"allow":["GET"]}}],"collection":[{"href":"https:\/\/baldumarket.lt\/lt\/wp-json\/wp\/v2\/product"}],"about":[{"href":"https:\/\/baldumarket.lt\/lt\/wp-json\/wp\/v2\/types\/product"}],"replies":[{"embeddable":true,"href":"https:\/\/baldumarket.lt\/lt\/wp-json\/wp\/v2\/comments?post=247904"}],"wp:featuredmedia":[{"embeddable":true,"href":"https:\/\/baldumarket.lt\/lt\/wp-json\/wp\/v2\/media\/247905"}],"wp:attachment":[{"href":"https:\/\/baldumarket.lt\/lt\/wp-json\/wp\/v2\/media?parent=247904"}],"wp:term":[{"taxonomy":"product_brand","embeddable":true,"href":"https:\/\/baldumarket.lt\/lt\/wp-json\/wp\/v2\/product_brand?post=247904"},{"taxonomy":"product_cat","embeddable":true,"href":"https:\/\/baldumarket.lt\/lt\/wp-json\/wp\/v2\/product_cat?post=247904"},{"taxonomy":"product_tag","embeddable":true,"href":"https:\/\/baldumarket.lt\/lt\/wp-json\/wp\/v2\/product_tag?post=247904"}],"curies":[{"name":"wp","href":"https:\/\/api.w.org\/{rel}","templated":true}]}}