{"id":247902,"date":"2026-01-10T15:20:13","date_gmt":"2026-01-10T12:20:13","guid":{"rendered":"https:\/\/baldumarket.lt\/product\/stolik-kawowy-santos-sa2-s5\/"},"modified":"2026-04-08T10:47:47","modified_gmt":"2026-04-08T07:47:47","slug":"stolik-kawowy-santos-sa2-s5","status":"publish","type":"product","link":"https:\/\/baldumarket.lt\/lt\/product\/stolik-kawowy-santos-sa2-s5\/","title":{"rendered":"SANTOS SA2-S5 kavos staliukas"},"content":{"rendered":"<h5><span style=\"color: #54859b\">Apsilankykite m\u016bs\u0173 virtualioje TARANKO prek\u0117s \u017eenklo parduotuv\u0117je<\/span><\/h5>\n<p> <a href=\"https:\/\/my.matterport.com\/show\/?m=a9ocyRk8GfK&#038;play=1&#038;back=1\" target=\"_blank\" rel=\"noopener\"><span style=\"color: #e47025\">https:\/\/my.matterport.com\/<\/span><\/a><\/p>\n<p>Kavos staliukas SANTOS SA2-S5. I\u0161skirtin\u0117 kolekcija su 3D madingu \u0161viesiai pilku fasadu ir juodo marmuro imitacija sukuria modern\u0173 charakter\u012f. Juodos plienin\u0117s kojel\u0117s ir juoda apdaila \u2013 tai modernaus modernumo i\u0161rai\u0161ka, dvelkianti praeities nostalgija. Subtilus vitrin\u0173 LED ap\u0161vietimas sukuria paslapties poj\u016bt\u012f tamsiame vitrin\u0173 viduje. Vir\u0161us: MDF itin tvirta laminuota HPL plok\u0161t\u0117 (pagaminta i\u0161 melamino dervos, suspausta auk\u0161toje temperat\u016broje) juodo marmuro imitacija.<br \/>\nLentyna: da\u017eyta MDF plok\u0161t\u0117<br \/>\nKojel\u0117s: juodas plienas. \u0160viesiai pilki rai\u017eyti reljefiniai fasado baldai suteiks jaukumo \u017eavesio tiek svetainei, tiek valgomajam.<\/p>","protected":false},"excerpt":{"rendered":"<p>Auk\u0161tis, cm: 55<br \/>\nPlotis, cm: 90<br \/>\nGylis, cm: 60<\/p>","protected":false},"featured_media":247903,"comment_status":"open","ping_status":"open","template":"","meta":[],"product_brand":[],"product_cat":[9704,866,5572],"product_tag":[],"class_list":{"0":"post-247902","1":"product","2":"type-product","3":"status-publish","4":"has-post-thumbnail","6":"product_cat-furniture-system-santos-ii-taranko","7":"product_cat-coffee-tables","8":"product_cat-taranko-meble","10":"first","11":"instock","12":"purchasable","13":"product-type-simple"},"_links":{"self":[{"href":"https:\/\/baldumarket.lt\/lt\/wp-json\/wp\/v2\/product\/247902","targetHints":{"allow":["GET"]}}],"collection":[{"href":"https:\/\/baldumarket.lt\/lt\/wp-json\/wp\/v2\/product"}],"about":[{"href":"https:\/\/baldumarket.lt\/lt\/wp-json\/wp\/v2\/types\/product"}],"replies":[{"embeddable":true,"href":"https:\/\/baldumarket.lt\/lt\/wp-json\/wp\/v2\/comments?post=247902"}],"wp:featuredmedia":[{"embeddable":true,"href":"https:\/\/baldumarket.lt\/lt\/wp-json\/wp\/v2\/media\/247903"}],"wp:attachment":[{"href":"https:\/\/baldumarket.lt\/lt\/wp-json\/wp\/v2\/media?parent=247902"}],"wp:term":[{"taxonomy":"product_brand","embeddable":true,"href":"https:\/\/baldumarket.lt\/lt\/wp-json\/wp\/v2\/product_brand?post=247902"},{"taxonomy":"product_cat","embeddable":true,"href":"https:\/\/baldumarket.lt\/lt\/wp-json\/wp\/v2\/product_cat?post=247902"},{"taxonomy":"product_tag","embeddable":true,"href":"https:\/\/baldumarket.lt\/lt\/wp-json\/wp\/v2\/product_tag?post=247902"}],"curies":[{"name":"wp","href":"https:\/\/api.w.org\/{rel}","templated":true}]}}