{"id":247878,"date":"2026-01-10T15:19:48","date_gmt":"2026-01-10T12:19:48","guid":{"rendered":"https:\/\/baldumarket.lt\/product\/stolik-kawowy-nicea-ni-s3\/"},"modified":"2026-04-08T10:27:06","modified_gmt":"2026-04-08T07:27:06","slug":"stolik-kawowy-nicea-ni-s3","status":"publish","type":"product","link":"https:\/\/baldumarket.lt\/lt\/product\/stolik-kawowy-nicea-ni-s3\/","title":{"rendered":"Kavos staliukas NICEA NI-S3"},"content":{"rendered":"<h5><span style=\"color: #54859b\">Apsilankykite m\u016bs\u0173 virtualioje TARANKO prek\u0117s \u017eenklo parduotuv\u0117je<\/span><\/h5>\n<p> <a href=\"https:\/\/my.matterport.com\/show\/?m=a9ocyRk8GfK&#038;play=1&#038;back=1\" target=\"_blank\" rel=\"noopener\"><span style=\"color: #e47025\">https:\/\/my.matterport.com\/<\/span><\/a><\/p>\n<p>Kavos staliukas NICEA NI-S3Nicea \u2013 tai puikus nat\u016bralaus rudo luk\u0161to ir kontrasting\u0173 ry\u0161ki\u0173 fasad\u0173 derinys. D\u0117l subtili\u0173, liekn\u0173 kojeli\u0173 visuma \u012fgauna originalaus charakterio, o aukso spalvos rozet\u0117s formos ranken\u0117l\u0117s suteikia prabangos, sukurdamos i\u0161skirtin\u0119 visum\u0105.<br \/>\nKolekcijoje galite rinktis tris fasado pavir\u0161ius arba papildomai komod\u0105 su veidrodiniu fasadu. Stalvir\u0161is: nat\u016bralaus luk\u0161to MDF plok\u0161t\u0117.<br \/>\nKojel\u0117s: med\u017eio masyvas. I\u0161skirtin\u0117s kolekcijos rudos faneruot\u0117s kavos staliukas sukuria unikal\u0173 ir subtil\u0173 charakter\u012f. NICEA kolekcija skirta erdviems, moderniems ir stilingiems interjerams.\u00a0<\/p>","protected":false},"excerpt":{"rendered":"<p>\u016agis, cm: 52,5<br \/>\nPlotis, cm: 110<br \/>\nGylis, cm: 65<\/p>","protected":false},"featured_media":247879,"comment_status":"open","ping_status":"open","template":"","meta":[],"product_brand":[],"product_cat":[9685,866,5572],"product_tag":[],"class_list":{"0":"post-247878","1":"product","2":"type-product","3":"status-publish","4":"has-post-thumbnail","6":"product_cat-furniture-system-nicea-taranko","7":"product_cat-coffee-tables","8":"product_cat-taranko-meble","10":"first","11":"instock","12":"purchasable","13":"product-type-simple"},"_links":{"self":[{"href":"https:\/\/baldumarket.lt\/lt\/wp-json\/wp\/v2\/product\/247878","targetHints":{"allow":["GET"]}}],"collection":[{"href":"https:\/\/baldumarket.lt\/lt\/wp-json\/wp\/v2\/product"}],"about":[{"href":"https:\/\/baldumarket.lt\/lt\/wp-json\/wp\/v2\/types\/product"}],"replies":[{"embeddable":true,"href":"https:\/\/baldumarket.lt\/lt\/wp-json\/wp\/v2\/comments?post=247878"}],"wp:featuredmedia":[{"embeddable":true,"href":"https:\/\/baldumarket.lt\/lt\/wp-json\/wp\/v2\/media\/247879"}],"wp:attachment":[{"href":"https:\/\/baldumarket.lt\/lt\/wp-json\/wp\/v2\/media?parent=247878"}],"wp:term":[{"taxonomy":"product_brand","embeddable":true,"href":"https:\/\/baldumarket.lt\/lt\/wp-json\/wp\/v2\/product_brand?post=247878"},{"taxonomy":"product_cat","embeddable":true,"href":"https:\/\/baldumarket.lt\/lt\/wp-json\/wp\/v2\/product_cat?post=247878"},{"taxonomy":"product_tag","embeddable":true,"href":"https:\/\/baldumarket.lt\/lt\/wp-json\/wp\/v2\/product_tag?post=247878"}],"curies":[{"name":"wp","href":"https:\/\/api.w.org\/{rel}","templated":true}]}}