{"id":247876,"date":"2026-01-10T15:19:46","date_gmt":"2026-01-10T12:19:46","guid":{"rendered":"https:\/\/baldumarket.lt\/product\/stolik-kawowy-navarra-na-s2\/"},"modified":"2026-04-08T10:27:06","modified_gmt":"2026-04-08T07:27:06","slug":"stolik-kawowy-navarra-na-s2","status":"publish","type":"product","link":"https:\/\/baldumarket.lt\/lt\/product\/stolik-kawowy-navarra-na-s2\/","title":{"rendered":"NAVARRA NA-S2 kavos staliukas"},"content":{"rendered":"<h5><span style=\"color: #54859b\">Apsilankykite m\u016bs\u0173 virtualioje TARANKO prek\u0117s \u017eenklo parduotuv\u0117je<\/span><\/h5>\n<p> <a href=\"https:\/\/my.matterport.com\/show\/?m=a9ocyRk8GfK&#038;play=1&#038;back=1\" target=\"_blank\" rel=\"noopener\"><span style=\"color: #e47025\">https:\/\/my.matterport.com\/<\/span><\/a><\/p>\n<p>Apvalus kavos staliukas NAVARRA NA-S2, 72 cm skersmens. I\u0161skirtin\u0117 kolekcija su 3D fasadu ir nat\u016bralios \u0105\u017euolo medienos tekst\u016bra sukuria \u0161ilt\u0105, \u0161iuolaiki\u0161k\u0105 charakter\u012f. \u0160iuolaikinio modernumo i\u0161rai\u0161ka, dvelkianti nostalgija praei\u010diai. Vitrinose taip pat panaudotas nat\u016bralus \u0105\u017euolo nugar\u0117l\u0117 ir subtilus lentyn\u0173 ap\u0161vietimas, pabr\u0117\u017eiantis \u0105\u017euolo konstrukcijos \u017eaves\u012f. Vir\u0161us: MDF, laminuotas \u0105\u017euolo fanera.<br \/>\nFasadas: \u0105\u017euolo mediena, fanera<br \/>\nKojel\u0117s ir r\u0117mas: \u0105\u017euolo mediena. Madingos, nat\u016bralaus \u0105\u017euolo, rai\u017eyto reljefinio fasado kolekcijos baldai suteiks jaukumo tiek svetainei, tiek valgomajam.\u00a0<\/p>","protected":false},"excerpt":{"rendered":"<p>Auk\u0161tis, cm: 57<br \/>\nPlotis, cm: 72<br \/>\nGylis, cm: 72<\/p>","protected":false},"featured_media":247877,"comment_status":"open","ping_status":"open","template":"","meta":[],"product_brand":[],"product_cat":[9689,866,5572],"product_tag":[],"class_list":{"0":"post-247876","1":"product","2":"type-product","3":"status-publish","4":"has-post-thumbnail","6":"product_cat-furniture-system-navarra-taranko","7":"product_cat-coffee-tables","8":"product_cat-taranko-meble","10":"first","11":"instock","12":"purchasable","13":"product-type-simple"},"_links":{"self":[{"href":"https:\/\/baldumarket.lt\/lt\/wp-json\/wp\/v2\/product\/247876","targetHints":{"allow":["GET"]}}],"collection":[{"href":"https:\/\/baldumarket.lt\/lt\/wp-json\/wp\/v2\/product"}],"about":[{"href":"https:\/\/baldumarket.lt\/lt\/wp-json\/wp\/v2\/types\/product"}],"replies":[{"embeddable":true,"href":"https:\/\/baldumarket.lt\/lt\/wp-json\/wp\/v2\/comments?post=247876"}],"wp:featuredmedia":[{"embeddable":true,"href":"https:\/\/baldumarket.lt\/lt\/wp-json\/wp\/v2\/media\/247877"}],"wp:attachment":[{"href":"https:\/\/baldumarket.lt\/lt\/wp-json\/wp\/v2\/media?parent=247876"}],"wp:term":[{"taxonomy":"product_brand","embeddable":true,"href":"https:\/\/baldumarket.lt\/lt\/wp-json\/wp\/v2\/product_brand?post=247876"},{"taxonomy":"product_cat","embeddable":true,"href":"https:\/\/baldumarket.lt\/lt\/wp-json\/wp\/v2\/product_cat?post=247876"},{"taxonomy":"product_tag","embeddable":true,"href":"https:\/\/baldumarket.lt\/lt\/wp-json\/wp\/v2\/product_tag?post=247876"}],"curies":[{"name":"wp","href":"https:\/\/api.w.org\/{rel}","templated":true}]}}