{"id":247829,"date":"2026-01-10T15:19:03","date_gmt":"2026-01-10T12:19:03","guid":{"rendered":"https:\/\/baldumarket.lt\/product\/stol-z-nadstawka-art-deco-ar-s2-160-250\/"},"modified":"2026-04-08T09:29:37","modified_gmt":"2026-04-08T06:29:37","slug":"stol-z-nadstawka-art-deco-ar-s2-160-250","status":"publish","type":"product","link":"https:\/\/baldumarket.lt\/lt\/product\/stol-z-nadstawka-art-deco-ar-s2-160-250\/","title":{"rendered":"Stalas su prailginimu ART-DECO AR-S2 (160\/250)"},"content":{"rendered":"<h5><span style=\"color: #54859b\">Apsilankykite m\u016bs\u0173 virtualioje TARANKO prek\u0117s \u017eenklo parduotuv\u0117je<\/span><\/h5>\n<p> <a href=\"https:\/\/my.matterport.com\/show\/?m=a9ocyRk8GfK&#038;play=1&#038;back=1\" target=\"_blank\" rel=\"noopener\"><span style=\"color: #e47025\">https:\/\/my.matterport.com\/<\/span><\/a><\/p>\n<p>Stalas su prailginimu ART-DECO AR-S2. Auk\u0161ta kokyb\u0117 \u2013 kiekvienas dekoratyvinis elementas d\u017eiugina, intriguoja savo i\u0161skirtine elegancija ir apdaila, o tai rei\u0161kia did\u017eiul\u012f d\u0117mes\u012f detal\u0117ms.<br \/>\nKolekcijoje derinama nesenstanti, \u0161velni rie\u0161utmed\u017eio spalva su matine juoda spalva. Stalvir\u0161is: nat\u016bralus faneravimas.<br \/>\nKojel\u0117s: med\u017eio masyvas.<br \/>\nVitrinos su foniniu ap\u0161vietimu. Art Deco gr\u012f\u017eta su trenksmu. Kontrastingi \u0161io stiliaus elementai traukia ak\u012f ir i\u0161lieka ilgam. Art Deco stiliui daugiau nei \u0161imtas met\u0173! \u0160is stilius \u2013 tai meil\u0117s menui ir sodri\u0173 dekoracij\u0173 derinys.<\/p>","protected":false},"excerpt":{"rendered":"<p>\u016agis, cm: 77,5<br \/>\nPlotis, cm: 160\/250<br \/>\nGylis, cm: 90<\/p>","protected":false},"featured_media":247830,"comment_status":"open","ping_status":"open","template":"","meta":[],"product_brand":[],"product_cat":[9688,1934,5572],"product_tag":[],"class_list":{"0":"post-247829","1":"product","2":"type-product","3":"status-publish","4":"has-post-thumbnail","6":"product_cat-furniture-system-art-deco-taranko","7":"product_cat-tables","8":"product_cat-taranko-meble","10":"first","11":"instock","12":"purchasable","13":"product-type-simple"},"_links":{"self":[{"href":"https:\/\/baldumarket.lt\/lt\/wp-json\/wp\/v2\/product\/247829","targetHints":{"allow":["GET"]}}],"collection":[{"href":"https:\/\/baldumarket.lt\/lt\/wp-json\/wp\/v2\/product"}],"about":[{"href":"https:\/\/baldumarket.lt\/lt\/wp-json\/wp\/v2\/types\/product"}],"replies":[{"embeddable":true,"href":"https:\/\/baldumarket.lt\/lt\/wp-json\/wp\/v2\/comments?post=247829"}],"wp:featuredmedia":[{"embeddable":true,"href":"https:\/\/baldumarket.lt\/lt\/wp-json\/wp\/v2\/media\/247830"}],"wp:attachment":[{"href":"https:\/\/baldumarket.lt\/lt\/wp-json\/wp\/v2\/media?parent=247829"}],"wp:term":[{"taxonomy":"product_brand","embeddable":true,"href":"https:\/\/baldumarket.lt\/lt\/wp-json\/wp\/v2\/product_brand?post=247829"},{"taxonomy":"product_cat","embeddable":true,"href":"https:\/\/baldumarket.lt\/lt\/wp-json\/wp\/v2\/product_cat?post=247829"},{"taxonomy":"product_tag","embeddable":true,"href":"https:\/\/baldumarket.lt\/lt\/wp-json\/wp\/v2\/product_tag?post=247829"}],"curies":[{"name":"wp","href":"https:\/\/api.w.org\/{rel}","templated":true}]}}