{"id":247825,"date":"2026-01-10T15:18:59","date_gmt":"2026-01-10T12:18:59","guid":{"rendered":"https:\/\/baldumarket.lt\/product\/stol-rozkladany-prato-rp-2\/"},"modified":"2026-04-08T10:47:16","modified_gmt":"2026-04-08T07:47:16","slug":"stol-rozkladany-prato-rp-2","status":"publish","type":"product","link":"https:\/\/baldumarket.lt\/lt\/product\/stol-rozkladany-prato-rp-2\/","title":{"rendered":"PRATO RP-2 i\u0161traukiamas stalas"},"content":{"rendered":"<h5><span style=\"color: #54859b\">Apsilankykite m\u016bs\u0173 virtualioje TARANKO prek\u0117s \u017eenklo parduotuv\u0117je<\/span><\/h5>\n<p> <a href=\"https:\/\/my.matterport.com\/show\/?m=a9ocyRk8GfK&#038;play=1&#038;back=1\" target=\"_blank\" rel=\"noopener\"><span style=\"color: #e47025\">https:\/\/my.matterport.com\/<\/span><\/a><\/p>\n<p>I\u0161traukiamas stalas PRATO RP-2 su 2\u00d745 cm \u012fd\u0117klais, dedamas po stalvir\u0161iu. Stalas traukia d\u0117mes\u012f savo nuostabia forma, elegancija ir apdailos puo\u0161numu. Galimyb\u0117 pasirinkti medienos spalv\u0105. Klasikinis, nesenstantis dizainas, apval\u016bs ra\u0161tai ir i\u0161lenktos auk\u0161tos kojel\u0117s sudaro \u0161i\u0105 gra\u017ei\u0105, lengv\u0105 kolekcij\u0105. \u0160ilta vy\u0161ni\u0173 spalva suteiks \u017eavesio svetainei. Baldai turi \u017eavingas klasikines, i\u0161skirtinio dizaino ranken\u0117les, kurios suteikia baldui savit\u0105 stili\u0173. Korpuso med\u017eiaga: med\u017eio masyvas.<br \/>\nStalvir\u0161is: nat\u016bralus faneros luk\u0161tas.<br \/>\nKojel\u0117s: med\u017eio masyvas. PRATO baldai traukia d\u0117mes\u012f savo nuostabia forma, elegancija ir apdailos puo\u0161numu.\u00a0<\/p>","protected":false},"excerpt":{"rendered":"<p>Auk\u0161tis, cm: 76,6<br \/>\nPlotis, cm: 160\/250<br \/>\nGylis, cm: 90<\/p>","protected":false},"featured_media":247826,"comment_status":"open","ping_status":"open","template":"","meta":[],"product_brand":[],"product_cat":[9706,1934,5572],"product_tag":[],"class_list":{"0":"post-247825","1":"product","2":"type-product","3":"status-publish","4":"has-post-thumbnail","6":"product_cat-furniture-system-prato-taranko","7":"product_cat-tables","8":"product_cat-taranko-meble","10":"first","11":"instock","12":"purchasable","13":"product-type-simple"},"_links":{"self":[{"href":"https:\/\/baldumarket.lt\/lt\/wp-json\/wp\/v2\/product\/247825","targetHints":{"allow":["GET"]}}],"collection":[{"href":"https:\/\/baldumarket.lt\/lt\/wp-json\/wp\/v2\/product"}],"about":[{"href":"https:\/\/baldumarket.lt\/lt\/wp-json\/wp\/v2\/types\/product"}],"replies":[{"embeddable":true,"href":"https:\/\/baldumarket.lt\/lt\/wp-json\/wp\/v2\/comments?post=247825"}],"wp:featuredmedia":[{"embeddable":true,"href":"https:\/\/baldumarket.lt\/lt\/wp-json\/wp\/v2\/media\/247826"}],"wp:attachment":[{"href":"https:\/\/baldumarket.lt\/lt\/wp-json\/wp\/v2\/media?parent=247825"}],"wp:term":[{"taxonomy":"product_brand","embeddable":true,"href":"https:\/\/baldumarket.lt\/lt\/wp-json\/wp\/v2\/product_brand?post=247825"},{"taxonomy":"product_cat","embeddable":true,"href":"https:\/\/baldumarket.lt\/lt\/wp-json\/wp\/v2\/product_cat?post=247825"},{"taxonomy":"product_tag","embeddable":true,"href":"https:\/\/baldumarket.lt\/lt\/wp-json\/wp\/v2\/product_tag?post=247825"}],"curies":[{"name":"wp","href":"https:\/\/api.w.org\/{rel}","templated":true}]}}