{"id":247821,"date":"2026-01-10T15:18:54","date_gmt":"2026-01-10T12:18:54","guid":{"rendered":"https:\/\/baldumarket.lt\/product\/stol-rozkladany-milano-mi-s1-160-250-cm\/"},"modified":"2026-04-08T16:46:58","modified_gmt":"2026-04-08T13:46:58","slug":"stol-rozkladany-milano-mi-s1-160-250-cm","status":"publish","type":"product","link":"https:\/\/baldumarket.lt\/lt\/product\/stol-rozkladany-milano-mi-s1-160-250-cm\/","title":{"rendered":"I\u0161traukiamas stalas MILANO MI-S1 (160-250 cm.)"},"content":{"rendered":"<h5><span style=\"color: #54859b\">Apsilankykite m\u016bs\u0173 virtualioje TARANKO prek\u0117s \u017eenklo parduotuv\u0117je<\/span><\/h5>\n<p> <a href=\"https:\/\/my.matterport.com\/show\/?m=a9ocyRk8GfK&#038;play=1&#038;back=1\" target=\"_blank\" rel=\"noopener\"><span style=\"color: #e47025\">https:\/\/my.matterport.com\/<\/span><\/a><\/p>\n<p>I\u0161traukiamas stalas MILANO MI-S1. Spalva balta matin\u0117 \/ Milano rie\u0161utmed\u017eio.<br \/>\nMILANO baldai pasi\u017eymi eleganti\u0161komis formomis, auk\u0161ta kokybe ir funkcionalumu. Tokie baldai papuo\u0161 bet kur\u012f kambar\u012f. Med\u017eiaga: alksnio masyvas, MDF, alksnio fanera.<br \/>\nKojel\u0117s: med\u017eio masyvas. Valgomojo stalas patraukia d\u0117mes\u012f savo lengvu apdirbimu, kuriame \u0161ilta rie\u0161uto spalva derinama su baltomis grak\u0161\u010diai i\u0161lenktomis kojel\u0117mis. I\u0161lenktos kojel\u0117s suteikia kolekcijai \u017eavesio, o originali pagrindo forma sukuria unikal\u0173 charakter\u012f. Po stalvir\u0161iu laikomi 2 \u00d7 45 cm \u012fd\u0117klai. Galimyb\u0117 pasirinkti medienos spalv\u0105, kaina priklauso nuo pasirinkimo.\u00a0<\/p>","protected":false},"excerpt":{"rendered":"<p>\u016agis, cm: 77,5<br \/>\nPlotis, cm: 160\/250<br \/>\nGylis, cm: 90<\/p>","protected":false},"featured_media":247822,"comment_status":"open","ping_status":"open","template":"","meta":[],"product_brand":[],"product_cat":[9683,1934,5572],"product_tag":[],"class_list":{"0":"post-247821","1":"product","2":"type-product","3":"status-publish","4":"has-post-thumbnail","6":"product_cat-furniture-system-milano-taranko","7":"product_cat-tables","8":"product_cat-taranko-meble","10":"first","11":"instock","12":"purchasable","13":"product-type-simple"},"_links":{"self":[{"href":"https:\/\/baldumarket.lt\/lt\/wp-json\/wp\/v2\/product\/247821","targetHints":{"allow":["GET"]}}],"collection":[{"href":"https:\/\/baldumarket.lt\/lt\/wp-json\/wp\/v2\/product"}],"about":[{"href":"https:\/\/baldumarket.lt\/lt\/wp-json\/wp\/v2\/types\/product"}],"replies":[{"embeddable":true,"href":"https:\/\/baldumarket.lt\/lt\/wp-json\/wp\/v2\/comments?post=247821"}],"wp:featuredmedia":[{"embeddable":true,"href":"https:\/\/baldumarket.lt\/lt\/wp-json\/wp\/v2\/media\/247822"}],"wp:attachment":[{"href":"https:\/\/baldumarket.lt\/lt\/wp-json\/wp\/v2\/media?parent=247821"}],"wp:term":[{"taxonomy":"product_brand","embeddable":true,"href":"https:\/\/baldumarket.lt\/lt\/wp-json\/wp\/v2\/product_brand?post=247821"},{"taxonomy":"product_cat","embeddable":true,"href":"https:\/\/baldumarket.lt\/lt\/wp-json\/wp\/v2\/product_cat?post=247821"},{"taxonomy":"product_tag","embeddable":true,"href":"https:\/\/baldumarket.lt\/lt\/wp-json\/wp\/v2\/product_tag?post=247821"}],"curies":[{"name":"wp","href":"https:\/\/api.w.org\/{rel}","templated":true}]}}