{"id":24782,"date":"2025-11-14T16:14:08","date_gmt":"2025-11-14T13:14:08","guid":{"rendered":"https:\/\/baldumarket.lt\/product\/eustache-beige-120x180\/"},"modified":"2026-03-24T18:20:37","modified_gmt":"2026-03-24T15:20:37","slug":"eustache-beige-120x180","status":"publish","type":"product","link":"https:\/\/baldumarket.lt\/lt\/product\/eustache-beige-120x180\/","title":{"rendered":"Eustache sm\u0117lio spalvos 120\u00d7180"},"content":{"rendered":"<p>\u201eEustache\u201c kilimas i\u0161siskiria moderniu po\u017ei\u016briu \u012f klasikin\u012f dizain\u0105. Jis pasi\u017eymi neutraliomis spalvomis ir i\u0161skirtiniu geometriniu ra\u0161tu, ta\u010diau \u0161\u012f kart\u0105 jie patobulinti \u012fdomiu 3D efektu. Gaminys pagamintas i\u0161 sizalio ir polipropileno derinio, kuris suteikia jam nepriekai\u0161ting\u0105 i\u0161vaizd\u0105 ir padidina patvarum\u0105. D\u017eiuto pagrindas ir si\u016bti kra\u0161tai apsaugo kilim\u0105 nuo dilimo ir estetinio patrauklumo praradimo.<\/p>","protected":false},"excerpt":{"rendered":"<p>\u201eEustache\u201c kilimas i\u0161siskiria moderniu po\u017ei\u016briu \u012f klasikin\u012f dizain\u0105. Jis pasi\u017eymi neutraliomis spalvomis ir i\u0161skirtiniu geometriniu ra\u0161tu, ta\u010diau \u0161\u012f kart\u0105 jie patobulinti \u012fdomiu 3D efektu. Produktas pagamintas i\u0161 sizalio ir polipropileno derinio, kuris suteikia jam nepriekai\u0161ting\u0105 i\u0161vaizd\u0105 ir padidina patvarum\u0105. D\u017eiuto pagrindas ir dygsniuoti kra\u0161tai [\u2026]<\/p>","protected":false},"featured_media":24783,"comment_status":"open","ping_status":"open","template":"","meta":[],"product_brand":[],"product_cat":[1167,2012],"product_tag":[],"class_list":{"0":"post-24782","1":"product","2":"type-product","3":"status-publish","4":"has-post-thumbnail","6":"product_cat-carpets","7":"product_cat-eltap","9":"first","10":"instock","11":"purchasable","12":"product-type-simple"},"_links":{"self":[{"href":"https:\/\/baldumarket.lt\/lt\/wp-json\/wp\/v2\/product\/24782","targetHints":{"allow":["GET"]}}],"collection":[{"href":"https:\/\/baldumarket.lt\/lt\/wp-json\/wp\/v2\/product"}],"about":[{"href":"https:\/\/baldumarket.lt\/lt\/wp-json\/wp\/v2\/types\/product"}],"replies":[{"embeddable":true,"href":"https:\/\/baldumarket.lt\/lt\/wp-json\/wp\/v2\/comments?post=24782"}],"wp:featuredmedia":[{"embeddable":true,"href":"https:\/\/baldumarket.lt\/lt\/wp-json\/wp\/v2\/media\/24783"}],"wp:attachment":[{"href":"https:\/\/baldumarket.lt\/lt\/wp-json\/wp\/v2\/media?parent=24782"}],"wp:term":[{"taxonomy":"product_brand","embeddable":true,"href":"https:\/\/baldumarket.lt\/lt\/wp-json\/wp\/v2\/product_brand?post=24782"},{"taxonomy":"product_cat","embeddable":true,"href":"https:\/\/baldumarket.lt\/lt\/wp-json\/wp\/v2\/product_cat?post=24782"},{"taxonomy":"product_tag","embeddable":true,"href":"https:\/\/baldumarket.lt\/lt\/wp-json\/wp\/v2\/product_tag?post=24782"}],"curies":[{"name":"wp","href":"https:\/\/api.w.org\/{rel}","templated":true}]}}