{"id":247803,"date":"2026-01-10T15:18:37","date_gmt":"2026-01-10T12:18:37","guid":{"rendered":"https:\/\/baldumarket.lt\/product\/stol-rozkladany-florencja-fl-s1-90-290-cm\/"},"modified":"2026-04-08T09:29:37","modified_gmt":"2026-04-08T06:29:37","slug":"stol-rozkladany-florencja-fl-s1-90-290-cm","status":"publish","type":"product","link":"https:\/\/baldumarket.lt\/lt\/product\/stol-rozkladany-florencja-fl-s1-90-290-cm\/","title":{"rendered":"FLORENCJA FL-S1 i\u0161traukiamas stalas (90\u2013290 cm)"},"content":{"rendered":"<h5><span style=\"color: #54859b\">Apsilankykite m\u016bs\u0173 virtualioje TARANKO prek\u0117s \u017eenklo parduotuv\u0117je<\/span><\/h5>\n<p> <a href=\"https:\/\/my.matterport.com\/show\/?m=a9ocyRk8GfK&#038;play=1&#038;back=1\" target=\"_blank\" rel=\"noopener\"><span style=\"color: #e47025\">https:\/\/my.matterport.com\/<\/span><\/a><\/p>\n<p>I\u0161traukiamas stalas FLORENCJA FL-S1. Klasikin\u0117 kolekcija, sukurta saul\u0117toje Toskanoje gyvenimo harmonijai.<br \/>\n\u201eFlorence\u201c \u2013 tai subtili bald\u0173 kolekcija, \u012fkv\u0117pta paprastos, nesenstan\u010dios elegancijos, kurioje tvirtumas ir lengvumas sukuria tobul\u0105 por\u0105. Dekoruota \u0161onin\u0117 linija, dekoratyviniai karnizai, eleganti\u0161kos rankenos ir unikalios kojel\u0117s sukuria itin esteti\u0161k\u0105 visum\u0105. Individual\u0173 \u0161ios linijos charakter\u012f ai\u0161kiai pabr\u0117\u017eia apatinis cokolis, dekoruotas a\u017e\u016briniu ra\u0161tu.<br \/>\n12 spalv\u0173 pasirinkimas. Korpuso med\u017eiaga: med\u017eio masyvas.<br \/>\nStalvir\u0161is: nat\u016bralus faneros luk\u0161tas.<br \/>\nKojel\u0117s: med\u017eio masyvo. I\u0161skirtinai didelis i\u0161traukiamas stalas su papildoma atramine koja, 4x50 cm. \u012ed\u0117klai laikomi specialiame konteineryje.<\/p>","protected":false},"excerpt":{"rendered":"<p>\u016agis, cm: 77,5<br \/>\nPlotis, cm: 90\/290<br \/>\nGylis, cm: 113<\/p>","protected":false},"featured_media":247804,"comment_status":"open","ping_status":"open","template":"","meta":[],"product_brand":[],"product_cat":[9687,1934,5572],"product_tag":[],"class_list":{"0":"post-247803","1":"product","2":"type-product","3":"status-publish","4":"has-post-thumbnail","6":"product_cat-furniture-system-florencja-taranko","7":"product_cat-tables","8":"product_cat-taranko-meble","10":"first","11":"instock","12":"purchasable","13":"product-type-simple"},"_links":{"self":[{"href":"https:\/\/baldumarket.lt\/lt\/wp-json\/wp\/v2\/product\/247803","targetHints":{"allow":["GET"]}}],"collection":[{"href":"https:\/\/baldumarket.lt\/lt\/wp-json\/wp\/v2\/product"}],"about":[{"href":"https:\/\/baldumarket.lt\/lt\/wp-json\/wp\/v2\/types\/product"}],"replies":[{"embeddable":true,"href":"https:\/\/baldumarket.lt\/lt\/wp-json\/wp\/v2\/comments?post=247803"}],"wp:featuredmedia":[{"embeddable":true,"href":"https:\/\/baldumarket.lt\/lt\/wp-json\/wp\/v2\/media\/247804"}],"wp:attachment":[{"href":"https:\/\/baldumarket.lt\/lt\/wp-json\/wp\/v2\/media?parent=247803"}],"wp:term":[{"taxonomy":"product_brand","embeddable":true,"href":"https:\/\/baldumarket.lt\/lt\/wp-json\/wp\/v2\/product_brand?post=247803"},{"taxonomy":"product_cat","embeddable":true,"href":"https:\/\/baldumarket.lt\/lt\/wp-json\/wp\/v2\/product_cat?post=247803"},{"taxonomy":"product_tag","embeddable":true,"href":"https:\/\/baldumarket.lt\/lt\/wp-json\/wp\/v2\/product_tag?post=247803"}],"curies":[{"name":"wp","href":"https:\/\/api.w.org\/{rel}","templated":true}]}}