{"id":247801,"date":"2026-01-10T15:18:35","date_gmt":"2026-01-10T12:18:35","guid":{"rendered":"https:\/\/baldumarket.lt\/product\/stol-rozkladany-diament-di-s1-140-290-cm\/"},"modified":"2026-04-08T09:29:37","modified_gmt":"2026-04-08T06:29:37","slug":"stol-rozkladany-diament-di-s1-140-290-cm","status":"publish","type":"product","link":"https:\/\/baldumarket.lt\/lt\/product\/stol-rozkladany-diament-di-s1-140-290-cm\/","title":{"rendered":"DIAMOND DI-S1 i\u0161traukiamas stalas (140\u2013290 cm)"},"content":{"rendered":"<h5><span style=\"color: #54859b\">Apsilankykite m\u016bs\u0173 virtualioje TARANKO prek\u0117s \u017eenklo parduotuv\u0117je<\/span><\/h5>\n<p> <a href=\"https:\/\/my.matterport.com\/show\/?m=a9ocyRk8GfK&#038;play=1&#038;back=1\" target=\"_blank\" rel=\"noopener\"><span style=\"color: #e47025\">https:\/\/my.matterport.com\/<\/span><\/a><\/p>\n<p>I\u0161skleid\u017eiamas stalas DIAMENT DI-S1. I\u0161skirtin\u0117 kolekcija su 3D fasadu ir jaukia nat\u016bralaus \u0105\u017euolo apdaila sukuria unikal\u0173 ir subtil\u0173 charakter\u012f. \u0160iuolaikinio modernumo i\u0161rai\u0161ka, dvelkianti nostalgija praei\u010diai. Geometrinis 3D fasadas ir lenktos \u0105\u017euolo kojel\u0117s suteikia jam ypatingo \u017eavesio. Baldai komplektuojami su vidiniu ap\u0161vietimu.<br \/>\nGalimi du spalv\u0173 deriniai: nat\u016bralus \u0105\u017euolas \/ balta matin\u0117 ir nat\u016bralus \u0105\u017euolas \/ grafitas matinis, arba abu dera tarpusavyje. Stalvir\u0161is: MDF, laminuotas \u0105\u017euolo fanera.<br \/>\nKojel\u0117s: med\u017eio masyvo. 140 cm. I\u0161traukiamos iki 290 cm., \u012fd\u0117klai laikomi po stalvir\u0161iu. DIAMENT baldai su i\u0161skirtiniu fasadu suteiks jaukumo tiek svetainei, tiek valgomajam.<\/p>","protected":false},"excerpt":{"rendered":"<p>\u016agis, cm: 77,5<br \/>\nPlotis, cm: 140\/290<br \/>\nGylis, cm: 90<\/p>","protected":false},"featured_media":247802,"comment_status":"open","ping_status":"open","template":"","meta":[],"product_brand":[],"product_cat":[9695,1934,5572],"product_tag":[],"class_list":{"0":"post-247801","1":"product","2":"type-product","3":"status-publish","4":"has-post-thumbnail","6":"product_cat-furniture-system-diamond-taranko","7":"product_cat-tables","8":"product_cat-taranko-meble","10":"first","11":"instock","12":"purchasable","13":"product-type-simple"},"_links":{"self":[{"href":"https:\/\/baldumarket.lt\/lt\/wp-json\/wp\/v2\/product\/247801","targetHints":{"allow":["GET"]}}],"collection":[{"href":"https:\/\/baldumarket.lt\/lt\/wp-json\/wp\/v2\/product"}],"about":[{"href":"https:\/\/baldumarket.lt\/lt\/wp-json\/wp\/v2\/types\/product"}],"replies":[{"embeddable":true,"href":"https:\/\/baldumarket.lt\/lt\/wp-json\/wp\/v2\/comments?post=247801"}],"wp:featuredmedia":[{"embeddable":true,"href":"https:\/\/baldumarket.lt\/lt\/wp-json\/wp\/v2\/media\/247802"}],"wp:attachment":[{"href":"https:\/\/baldumarket.lt\/lt\/wp-json\/wp\/v2\/media?parent=247801"}],"wp:term":[{"taxonomy":"product_brand","embeddable":true,"href":"https:\/\/baldumarket.lt\/lt\/wp-json\/wp\/v2\/product_brand?post=247801"},{"taxonomy":"product_cat","embeddable":true,"href":"https:\/\/baldumarket.lt\/lt\/wp-json\/wp\/v2\/product_cat?post=247801"},{"taxonomy":"product_tag","embeddable":true,"href":"https:\/\/baldumarket.lt\/lt\/wp-json\/wp\/v2\/product_tag?post=247801"}],"curies":[{"name":"wp","href":"https:\/\/api.w.org\/{rel}","templated":true}]}}