{"id":247791,"date":"2026-01-10T15:18:21","date_gmt":"2026-01-10T12:18:21","guid":{"rendered":"https:\/\/baldumarket.lt\/product\/stol-okragly-z-nadstawka-wersal-zb-8-100-280-cm\/"},"modified":"2026-04-08T11:39:27","modified_gmt":"2026-04-08T08:39:27","slug":"stol-okragly-z-nadstawka-wersal-zb-8-100-280-cm","status":"publish","type":"product","link":"https:\/\/baldumarket.lt\/lt\/product\/stol-okragly-z-nadstawka-wersal-zb-8-100-280-cm\/","title":{"rendered":"Apvalus stalas su prailginimu WERSAL ZB-8 (100-280 cm.)"},"content":{"rendered":"<h5><span style=\"color: #54859b\">Apsilankykite m\u016bs\u0173 virtualioje TARANKO prek\u0117s \u017eenklo parduotuv\u0117je<\/span><\/h5>\n<p> <a href=\"https:\/\/my.matterport.com\/show\/?m=a9ocyRk8GfK&#038;play=1&#038;back=1\" target=\"_blank\" rel=\"noopener\"><span style=\"color: #e47025\">https:\/\/my.matterport.com\/<\/span><\/a><\/p>\n<p>Apvalus stalas su prailginimu WERSAL ZB-8A ypa\u010d turtinga kolekcija, klasikinis stilius, eleganti\u0161kos formos ir i\u0161skirtinis dizainas, auk\u0161\u010diausios kokyb\u0117s baldai.<br \/>\nGalimi \u0161e\u0161i spalv\u0173 variantai.<br \/>\nAuk\u0161tos kokyb\u0117s, patikima, patvari kolekcija, perduodama i\u0161 kartos \u012f kart\u0105. Tikri gro\u017eio ir spindesio \u017einovai tikrai \u012fvertins \u201eWERSAL\u201c kolekcij\u0105. R\u0117mas: tvirta alksnio mediena<br \/>\nStalvir\u0161is: nat\u016brali vy\u0161nios fanera.<br \/>\nKojel\u0117s: med\u017eio masyvas.<br \/>\nGalimyb\u0117 pasirinkti medienos spalv\u0105, kaina priklauso nuo pasirinkimo. Nuostab\u016bs itali\u0161ko stiliaus baldai, auk\u0161ta kokyb\u0117, klasikin\u0117 elegancija.<\/p>","protected":false},"excerpt":{"rendered":"<p>\u016agis, cm: 75,7<br \/>\nPlotis, cm: 100\/280<br \/>\nGylis, cm: 100<\/p>","protected":false},"featured_media":247792,"comment_status":"open","ping_status":"open","template":"","meta":[],"product_brand":[],"product_cat":[9679,1934,5572],"product_tag":[],"class_list":{"0":"post-247791","1":"product","2":"type-product","3":"status-publish","4":"has-post-thumbnail","6":"product_cat-furniture-system-wersal-taranko","7":"product_cat-tables","8":"product_cat-taranko-meble","10":"first","11":"instock","12":"purchasable","13":"product-type-simple"},"_links":{"self":[{"href":"https:\/\/baldumarket.lt\/lt\/wp-json\/wp\/v2\/product\/247791","targetHints":{"allow":["GET"]}}],"collection":[{"href":"https:\/\/baldumarket.lt\/lt\/wp-json\/wp\/v2\/product"}],"about":[{"href":"https:\/\/baldumarket.lt\/lt\/wp-json\/wp\/v2\/types\/product"}],"replies":[{"embeddable":true,"href":"https:\/\/baldumarket.lt\/lt\/wp-json\/wp\/v2\/comments?post=247791"}],"wp:featuredmedia":[{"embeddable":true,"href":"https:\/\/baldumarket.lt\/lt\/wp-json\/wp\/v2\/media\/247792"}],"wp:attachment":[{"href":"https:\/\/baldumarket.lt\/lt\/wp-json\/wp\/v2\/media?parent=247791"}],"wp:term":[{"taxonomy":"product_brand","embeddable":true,"href":"https:\/\/baldumarket.lt\/lt\/wp-json\/wp\/v2\/product_brand?post=247791"},{"taxonomy":"product_cat","embeddable":true,"href":"https:\/\/baldumarket.lt\/lt\/wp-json\/wp\/v2\/product_cat?post=247791"},{"taxonomy":"product_tag","embeddable":true,"href":"https:\/\/baldumarket.lt\/lt\/wp-json\/wp\/v2\/product_tag?post=247791"}],"curies":[{"name":"wp","href":"https:\/\/api.w.org\/{rel}","templated":true}]}}