{"id":247713,"date":"2026-01-10T15:16:55","date_gmt":"2026-01-10T12:16:55","guid":{"rendered":"https:\/\/baldumarket.lt\/product\/stojak-pod-telewizor-prato-pr-rtv-d\/"},"modified":"2026-04-08T10:47:07","modified_gmt":"2026-04-08T07:47:07","slug":"stojak-pod-telewizor-prato-pr-rtv-d","status":"publish","type":"product","link":"https:\/\/baldumarket.lt\/lt\/product\/stojak-pod-telewizor-prato-pr-rtv-d\/","title":{"rendered":"PRATO PR-RTV\/D televizoriaus staliukas"},"content":{"rendered":"<h5><span style=\"color: #54859b\">Apsilankykite m\u016bs\u0173 virtualioje TARANKO prek\u0117s \u017eenklo parduotuv\u0117je<\/span><\/h5>\n<p> <a href=\"https:\/\/my.matterport.com\/show\/?m=a9ocyRk8GfK&#038;play=1&#038;back=1\" target=\"_blank\" rel=\"noopener\"><span style=\"color: #e47025\">https:\/\/my.matterport.com\/<\/span><\/a><\/p>\n<p>TV staliukai PRATO PR-RTV\/DKlasikinis, nesenstantis dizainas, apval\u016bs ra\u0161tai ir i\u0161lenktos auk\u0161tos kojel\u0117s \u2013 tai gra\u017ei, lengva kolekcija. \u0160ilta vy\u0161ni\u0173 spalva suteiks \u017eavesio svetainei. Baldai turi \u017eavingas klasikines, i\u0161skirtinio dizaino ranken\u0117les, kurios suteikia baldams savit\u0105 stili\u0173. Korpuso med\u017eiaga: nat\u016brali fanera, laminuota plok\u0161t\u0117.<br \/>\nFasado med\u017eiaga: med\u017eio masyvas, nat\u016bralus luk\u0161tas.<br \/>\nKojel\u0117s: med\u017eio masyvas.<br \/>\nNaudojami vyriai ir kreipian\u010diosios su tylaus u\u017edarymo sistema. PRATO baldai traukia d\u0117mes\u012f savo nuostabia forma, elegancija ir apdailos puo\u0161numu.\u00a0<\/p>","protected":false},"excerpt":{"rendered":"<p>\u016agis, cm: 57,7<br \/>\nPlotis, cm: 178,6<br \/>\nGylis, cm: 49,8<\/p>","protected":false},"featured_media":247714,"comment_status":"open","ping_status":"open","template":"","meta":[],"product_brand":[],"product_cat":[9706,5572,1175],"product_tag":[],"class_list":{"0":"post-247713","1":"product","2":"type-product","3":"status-publish","4":"has-post-thumbnail","6":"product_cat-furniture-system-prato-taranko","7":"product_cat-taranko-meble","8":"product_cat-tv-stands","10":"first","11":"instock","12":"purchasable","13":"product-type-simple"},"_links":{"self":[{"href":"https:\/\/baldumarket.lt\/lt\/wp-json\/wp\/v2\/product\/247713","targetHints":{"allow":["GET"]}}],"collection":[{"href":"https:\/\/baldumarket.lt\/lt\/wp-json\/wp\/v2\/product"}],"about":[{"href":"https:\/\/baldumarket.lt\/lt\/wp-json\/wp\/v2\/types\/product"}],"replies":[{"embeddable":true,"href":"https:\/\/baldumarket.lt\/lt\/wp-json\/wp\/v2\/comments?post=247713"}],"wp:featuredmedia":[{"embeddable":true,"href":"https:\/\/baldumarket.lt\/lt\/wp-json\/wp\/v2\/media\/247714"}],"wp:attachment":[{"href":"https:\/\/baldumarket.lt\/lt\/wp-json\/wp\/v2\/media?parent=247713"}],"wp:term":[{"taxonomy":"product_brand","embeddable":true,"href":"https:\/\/baldumarket.lt\/lt\/wp-json\/wp\/v2\/product_brand?post=247713"},{"taxonomy":"product_cat","embeddable":true,"href":"https:\/\/baldumarket.lt\/lt\/wp-json\/wp\/v2\/product_cat?post=247713"},{"taxonomy":"product_tag","embeddable":true,"href":"https:\/\/baldumarket.lt\/lt\/wp-json\/wp\/v2\/product_tag?post=247713"}],"curies":[{"name":"wp","href":"https:\/\/api.w.org\/{rel}","templated":true}]}}