{"id":247711,"date":"2026-01-10T15:16:52","date_gmt":"2026-01-10T12:16:52","guid":{"rendered":"https:\/\/baldumarket.lt\/product\/stojak-pod-telewizor-nicea-ni-rtv\/"},"modified":"2026-04-08T10:26:56","modified_gmt":"2026-04-08T07:26:56","slug":"stojak-pod-telewizor-nicea-ni-rtv","status":"publish","type":"product","link":"https:\/\/baldumarket.lt\/lt\/product\/stojak-pod-telewizor-nicea-ni-rtv\/","title":{"rendered":"NICEA NI-RTV televizoriaus stovas"},"content":{"rendered":"<h5><span style=\"color: #54859b\">Apsilankykite m\u016bs\u0173 virtualioje TARANKO prek\u0117s \u017eenklo parduotuv\u0117je<\/span><\/h5>\n<p> <a href=\"https:\/\/my.matterport.com\/show\/?m=a9ocyRk8GfK&#038;play=1&#038;back=1\" target=\"_blank\" rel=\"noopener\"><span style=\"color: #e47025\">https:\/\/my.matterport.com\/<\/span><\/a><\/p>\n<p>TV staliukas NICEA NI-RTVNicea \u2013 puikus nat\u016bralaus rudo luk\u0161to ir kontrasting\u0173 ry\u0161ki\u0173 fasad\u0173 derinys. Subtilios, lieknos kojel\u0117s suteikia visumai originalaus charakterio, o aukso spalvos rozet\u0117s formos ranken\u0117l\u0117s \u2013 prabangos, sukurdamos i\u0161skirtin\u0119 visum\u0105.<br \/>\nKolekcijoje galima rinktis i\u0161 trij\u0173 fasado pavir\u0161i\u0173 arba papildomai \u012fsigyti komod\u0105 su veidrodiniu fasadu. Vitrin\u0173 ap\u0161vietimas (standartin\u0117 komplektacija).<br \/>\nKorpuso med\u017eiaga: nat\u016bralus luk\u0161tas. MDF plok\u0161t\u0117, laminuota PVC folija.<br \/>\nFasado med\u017eiaga: MDF plok\u0161t\u0117, laminuota PVC folija arba tonuotas veidrodis.<br \/>\nKojel\u0117s: med\u017eio masyvas.<\/p>","protected":false},"excerpt":{"rendered":"<p>Auk\u0161tis, cm: 67<br \/>\nPlotis, cm: 156<br \/>\nGylis, cm: 43,5<\/p>","protected":false},"featured_media":247712,"comment_status":"open","ping_status":"open","template":"","meta":[],"product_brand":[],"product_cat":[9685,5572,1175],"product_tag":[],"class_list":{"0":"post-247711","1":"product","2":"type-product","3":"status-publish","4":"has-post-thumbnail","6":"product_cat-furniture-system-nicea-taranko","7":"product_cat-taranko-meble","8":"product_cat-tv-stands","10":"first","11":"instock","12":"purchasable","13":"product-type-simple"},"_links":{"self":[{"href":"https:\/\/baldumarket.lt\/lt\/wp-json\/wp\/v2\/product\/247711","targetHints":{"allow":["GET"]}}],"collection":[{"href":"https:\/\/baldumarket.lt\/lt\/wp-json\/wp\/v2\/product"}],"about":[{"href":"https:\/\/baldumarket.lt\/lt\/wp-json\/wp\/v2\/types\/product"}],"replies":[{"embeddable":true,"href":"https:\/\/baldumarket.lt\/lt\/wp-json\/wp\/v2\/comments?post=247711"}],"wp:featuredmedia":[{"embeddable":true,"href":"https:\/\/baldumarket.lt\/lt\/wp-json\/wp\/v2\/media\/247712"}],"wp:attachment":[{"href":"https:\/\/baldumarket.lt\/lt\/wp-json\/wp\/v2\/media?parent=247711"}],"wp:term":[{"taxonomy":"product_brand","embeddable":true,"href":"https:\/\/baldumarket.lt\/lt\/wp-json\/wp\/v2\/product_brand?post=247711"},{"taxonomy":"product_cat","embeddable":true,"href":"https:\/\/baldumarket.lt\/lt\/wp-json\/wp\/v2\/product_cat?post=247711"},{"taxonomy":"product_tag","embeddable":true,"href":"https:\/\/baldumarket.lt\/lt\/wp-json\/wp\/v2\/product_tag?post=247711"}],"curies":[{"name":"wp","href":"https:\/\/api.w.org\/{rel}","templated":true}]}}