{"id":247706,"date":"2026-01-10T15:16:48","date_gmt":"2026-01-10T12:16:48","guid":{"rendered":"https:\/\/baldumarket.lt\/product\/stojak-pod-telewizor-navarra-na-rtv-d\/"},"modified":"2026-04-08T10:26:56","modified_gmt":"2026-04-08T07:26:56","slug":"stojak-pod-telewizor-navarra-na-rtv-d","status":"publish","type":"product","link":"https:\/\/baldumarket.lt\/lt\/product\/stojak-pod-telewizor-navarra-na-rtv-d\/","title":{"rendered":"NAVARRA NA-RTV\/D televizoriaus staliukas"},"content":{"rendered":"<h5><span style=\"color: #54859b\">Apsilankykite m\u016bs\u0173 virtualioje TARANKO prek\u0117s \u017eenklo parduotuv\u0117je<\/span><\/h5>\n<p> <a href=\"https:\/\/my.matterport.com\/show\/?m=a9ocyRk8GfK&#038;play=1&#038;back=1\" target=\"_blank\" rel=\"noopener\"><span style=\"color: #e47025\">https:\/\/my.matterport.com\/<\/span><\/a><\/p>\n<p>TV staliukas NAVARRA NA-RTV\/DInclusive kolekcija su 3D fasadu ir nat\u016bralios \u0105\u017euolo medienos tekst\u016bra sukuria \u0161ilt\u0105, \u0161iuolaiki\u0161k\u0105 charakter\u012f. \u0160iuolaikinio modernumo i\u0161rai\u0161ka, dvelkianti praeities nostalgija. Vitrinoms taip pat panaudotas nat\u016bralus \u0105\u017euolas ir subtilus lentyn\u0173 ap\u0161vietimas, pabr\u0117\u017eiantis \u0105\u017euolo konstrukcijos \u017eaves\u012f. Vir\u0161us: MDF, laminuotas \u0105\u017euolo fanera.<br \/>\nFasadas: \u0105\u017euolo mediena, fanera<br \/>\nKojel\u0117s ir r\u0117mas: \u0105\u017euolo mediena<br \/>\nNaudojami vyriai ir kreipian\u010diosios su tylaus u\u017edarymo sistema. Baldai su madingu, nat\u016bralaus \u0105\u017euolo, rai\u017eyto reljefo fasadu suteiks jaukumo tiek svetainei, tiek valgomajam.<\/p>","protected":false},"excerpt":{"rendered":"<p>Auk\u0161tis, cm: 56<br \/>\nPlotis, cm: 162,6<br \/>\nGylis, cm: 40,5<\/p>","protected":false},"featured_media":247707,"comment_status":"open","ping_status":"open","template":"","meta":[],"product_brand":[],"product_cat":[9689,5572,1175],"product_tag":[],"class_list":{"0":"post-247706","1":"product","2":"type-product","3":"status-publish","4":"has-post-thumbnail","6":"product_cat-furniture-system-navarra-taranko","7":"product_cat-taranko-meble","8":"product_cat-tv-stands","10":"first","11":"instock","12":"purchasable","13":"product-type-simple"},"_links":{"self":[{"href":"https:\/\/baldumarket.lt\/lt\/wp-json\/wp\/v2\/product\/247706","targetHints":{"allow":["GET"]}}],"collection":[{"href":"https:\/\/baldumarket.lt\/lt\/wp-json\/wp\/v2\/product"}],"about":[{"href":"https:\/\/baldumarket.lt\/lt\/wp-json\/wp\/v2\/types\/product"}],"replies":[{"embeddable":true,"href":"https:\/\/baldumarket.lt\/lt\/wp-json\/wp\/v2\/comments?post=247706"}],"wp:featuredmedia":[{"embeddable":true,"href":"https:\/\/baldumarket.lt\/lt\/wp-json\/wp\/v2\/media\/247707"}],"wp:attachment":[{"href":"https:\/\/baldumarket.lt\/lt\/wp-json\/wp\/v2\/media?parent=247706"}],"wp:term":[{"taxonomy":"product_brand","embeddable":true,"href":"https:\/\/baldumarket.lt\/lt\/wp-json\/wp\/v2\/product_brand?post=247706"},{"taxonomy":"product_cat","embeddable":true,"href":"https:\/\/baldumarket.lt\/lt\/wp-json\/wp\/v2\/product_cat?post=247706"},{"taxonomy":"product_tag","embeddable":true,"href":"https:\/\/baldumarket.lt\/lt\/wp-json\/wp\/v2\/product_tag?post=247706"}],"curies":[{"name":"wp","href":"https:\/\/api.w.org\/{rel}","templated":true}]}}