{"id":247696,"date":"2026-01-10T15:16:37","date_gmt":"2026-01-10T12:16:37","guid":{"rendered":"https:\/\/baldumarket.lt\/product\/sofa-milano-mi-z-funkcja-spania\/"},"modified":"2026-04-08T10:06:46","modified_gmt":"2026-04-08T07:06:46","slug":"sofa-milano-mi-z-funkcja-spania","status":"publish","type":"product","link":"https:\/\/baldumarket.lt\/lt\/product\/sofa-milano-mi-z-funkcja-spania\/","title":{"rendered":"MILANO MI sofa su miegojimo funkcija"},"content":{"rendered":"<h5><span style=\"color: #54859b\">Apsilankykite m\u016bs\u0173 virtualioje TARANKO prek\u0117s \u017eenklo parduotuv\u0117je<\/span><\/h5>\n<p> <a href=\"https:\/\/my.matterport.com\/show\/?m=a9ocyRk8GfK&#038;play=1&#038;back=1\" target=\"_blank\" rel=\"noopener\"><span style=\"color: #e47025\">https:\/\/my.matterport.com\/<\/span><\/a><\/p>\n<p>3 viet\u0173 sofa MILANO MI-su miegam\u0105ja funkcijaMILANO baldai pasi\u017eymi eleganti\u0161komis formomis, auk\u0161ta kokybe ir funkcionalumu. Tokie baldai papuo\u0161 bet kur\u012f kambar\u012f. Kojel\u0117s: med\u017eio masyvas. I\u0161skirtinio grak\u0161tumo 3 viet\u0173 sofa traukia d\u0117mes\u012f savo lengvu apdirbimu, kuriame \u0161ilta rie\u0161uto spalva derinama su baltais blizgiais fasadais. I\u0161lenktos kojel\u0117s suteikia kolekcijai \u017eavesio, o originali pagrindo forma sukuria unikal\u0173 charakter\u012f.<br \/>\nGalimyb\u0117 rinktis audinius arba od\u0105 ir med\u017eio spalv\u0105, kaina priklauso nuo pasirinkimo. Plati Milano kolekcija leis jums \u012frengti valgomuosius, svetaines ir net miegamuosius.\u00a0<\/p>","protected":false},"excerpt":{"rendered":"<p>Auk\u0161tis, cm: 98\/46<br \/>\nPlotis, cm: 206\/160<br \/>\nGylis, cm: 90\/56<\/p>","protected":false},"featured_media":247697,"comment_status":"open","ping_status":"open","template":"","meta":[],"product_brand":[],"product_cat":[9683,560,5572],"product_tag":[],"class_list":{"0":"post-247696","1":"product","2":"type-product","3":"status-publish","4":"has-post-thumbnail","6":"product_cat-furniture-system-milano-taranko","7":"product_cat-sofas-and-couches","8":"product_cat-taranko-meble","10":"first","11":"instock","12":"purchasable","13":"product-type-simple"},"_links":{"self":[{"href":"https:\/\/baldumarket.lt\/lt\/wp-json\/wp\/v2\/product\/247696","targetHints":{"allow":["GET"]}}],"collection":[{"href":"https:\/\/baldumarket.lt\/lt\/wp-json\/wp\/v2\/product"}],"about":[{"href":"https:\/\/baldumarket.lt\/lt\/wp-json\/wp\/v2\/types\/product"}],"replies":[{"embeddable":true,"href":"https:\/\/baldumarket.lt\/lt\/wp-json\/wp\/v2\/comments?post=247696"}],"wp:featuredmedia":[{"embeddable":true,"href":"https:\/\/baldumarket.lt\/lt\/wp-json\/wp\/v2\/media\/247697"}],"wp:attachment":[{"href":"https:\/\/baldumarket.lt\/lt\/wp-json\/wp\/v2\/media?parent=247696"}],"wp:term":[{"taxonomy":"product_brand","embeddable":true,"href":"https:\/\/baldumarket.lt\/lt\/wp-json\/wp\/v2\/product_brand?post=247696"},{"taxonomy":"product_cat","embeddable":true,"href":"https:\/\/baldumarket.lt\/lt\/wp-json\/wp\/v2\/product_cat?post=247696"},{"taxonomy":"product_tag","embeddable":true,"href":"https:\/\/baldumarket.lt\/lt\/wp-json\/wp\/v2\/product_tag?post=247696"}],"curies":[{"name":"wp","href":"https:\/\/api.w.org\/{rel}","templated":true}]}}