{"id":24766,"date":"2025-11-14T16:12:00","date_gmt":"2025-11-14T13:12:00","guid":{"rendered":"https:\/\/baldumarket.lt\/product\/elsher-beige-80x150\/"},"modified":"2026-03-24T18:20:45","modified_gmt":"2026-03-24T15:20:45","slug":"elsher-beige-80x150","status":"publish","type":"product","link":"https:\/\/baldumarket.lt\/lt\/product\/elsher-beige-80x150\/","title":{"rendered":"Elsher Beige 80\u00d7150"},"content":{"rendered":"<p>\u201eElsher Beige\u201c kilimas pagamintas i\u0161 poliesterio-polipropileno si\u016bl\u0173 ir turi d\u017eiuto pagrind\u0105. D\u0117l to jis atsparus pa\u017eeidimams ir trin\u010diai, tod\u0117l daugel\u012f met\u0173 i\u0161laiko savo nepriekai\u0161ting\u0105 i\u0161vaizd\u0105. Si\u016bti kra\u0161tai neleid\u017eia dilti, o sintetin\u012f p\u016bk\u0105 lengva valyti. Pagrindin\u0117s gaminio savyb\u0117s \u2013 madingas marokieti\u0161kas dobil\u0173 ra\u0161tas ir sm\u0117lio spalvos, tod\u0117l jis puikiai dera prie modernaus interjero.<\/p>","protected":false},"excerpt":{"rendered":"<p>\u201eElsher Beige\u201c kilimas pagamintas i\u0161 poliesterio-polipropileno si\u016bl\u0173 ir turi d\u017eiuto pagrind\u0105. D\u0117l to jis atsparus pa\u017eeidimams ir trin\u010diai, tod\u0117l daugel\u012f met\u0173 i\u0161laiko savo nepriekai\u0161ting\u0105 i\u0161vaizd\u0105. Si\u016bti kra\u0161tai neleid\u017eia dilti, o sintetin\u012f p\u016bk\u0105 lengva valyti. Pagrindin\u0117s gaminio savyb\u0117s \u2013 madingas marokieti\u0161kas dobilas [\u2026]<\/p>","protected":false},"featured_media":24755,"comment_status":"open","ping_status":"open","template":"","meta":[],"product_brand":[],"product_cat":[1167,2012],"product_tag":[],"class_list":{"0":"post-24766","1":"product","2":"type-product","3":"status-publish","4":"has-post-thumbnail","6":"product_cat-carpets","7":"product_cat-eltap","9":"first","10":"instock","11":"purchasable","12":"product-type-simple"},"_links":{"self":[{"href":"https:\/\/baldumarket.lt\/lt\/wp-json\/wp\/v2\/product\/24766","targetHints":{"allow":["GET"]}}],"collection":[{"href":"https:\/\/baldumarket.lt\/lt\/wp-json\/wp\/v2\/product"}],"about":[{"href":"https:\/\/baldumarket.lt\/lt\/wp-json\/wp\/v2\/types\/product"}],"replies":[{"embeddable":true,"href":"https:\/\/baldumarket.lt\/lt\/wp-json\/wp\/v2\/comments?post=24766"}],"wp:featuredmedia":[{"embeddable":true,"href":"https:\/\/baldumarket.lt\/lt\/wp-json\/wp\/v2\/media\/24755"}],"wp:attachment":[{"href":"https:\/\/baldumarket.lt\/lt\/wp-json\/wp\/v2\/media?parent=24766"}],"wp:term":[{"taxonomy":"product_brand","embeddable":true,"href":"https:\/\/baldumarket.lt\/lt\/wp-json\/wp\/v2\/product_brand?post=24766"},{"taxonomy":"product_cat","embeddable":true,"href":"https:\/\/baldumarket.lt\/lt\/wp-json\/wp\/v2\/product_cat?post=24766"},{"taxonomy":"product_tag","embeddable":true,"href":"https:\/\/baldumarket.lt\/lt\/wp-json\/wp\/v2\/product_tag?post=24766"}],"curies":[{"name":"wp","href":"https:\/\/api.w.org\/{rel}","templated":true}]}}