{"id":247659,"date":"2026-01-10T15:15:57","date_gmt":"2026-01-10T12:15:57","guid":{"rendered":"https:\/\/baldumarket.lt\/product\/sideboard-bar-malaga-ma-kb-l-f\/"},"modified":"2026-04-08T10:06:46","modified_gmt":"2026-04-08T07:06:46","slug":"sideboard-bar-malaga-ma-kb-l-f","status":"publish","type":"product","link":"https:\/\/baldumarket.lt\/lt\/product\/sideboard-bar-malaga-ma-kb-l-f\/","title":{"rendered":"Indaujos-baro komplektas MALAGA MA-KB K\/F"},"content":{"rendered":"<h5><span style=\"color: #54859b\">Apsilankykite m\u016bs\u0173 virtualioje TARANKO prek\u0117s \u017eenklo parduotuv\u0117je<\/span><\/h5>\n<p> <a href=\"https:\/\/my.matterport.com\/show\/?m=a9ocyRk8GfK&#038;play=1&#038;back=1\" target=\"_blank\" rel=\"noopener\"><span style=\"color: #e47025\">https:\/\/my.matterport.com\/<\/span><\/a><\/p>\n<p>Indaujos-baro MALAGA MA\u2013KB Nat\u016brali \u0105\u017euolo medienos tekst\u016bra sukuria \u0161ilt\u0105, \u0161iuolaiki\u0161k\u0105 charakter\u012f. Juodo plieno kojel\u0117s ir juoda apdaila \u2013 tai \u0161iuolaikinio modernumo i\u0161rai\u0161ka, dvelkianti nostalgija praei\u010diai. Vitrinoms naudojamos \u0161iurk\u0161\u010dios tekst\u016bros nugar\u0117l\u0117s, o subtilus lentyn\u0173 ap\u0161vietimas i\u0161ry\u0161kina \u0105\u017euolo konstrukcijos \u017eaves\u012f.<br \/>\nSvarbu pasirinkti dur\u0173 atidarymo pus\u0119. Vitrinos su foniniu ap\u0161vietimu.<br \/>\nVir\u0161us: MDF, laminuotas \u0105\u017euolo fanera.<br \/>\nFasadas: \u0105\u017euolo mediena, fanera, da\u017eytas.<br \/>\nKojel\u0117s: juodas plienas. \u0160i kolekcija \u2013 tai trij\u0173 apdailos med\u017eiag\u0173 derinys: metalas, nat\u016brali ir juodai da\u017eyta mediena.<\/p>","protected":false},"excerpt":{"rendered":"<p>Auk\u0161tis, cm: 145<br \/>\nPlotis, cm: 90<br \/>\nGylis, cm: 40<\/p>","protected":false},"featured_media":247660,"comment_status":"open","ping_status":"open","template":"","meta":[],"product_brand":[],"product_cat":[9694,5572,2006],"product_tag":[],"class_list":{"0":"post-247659","1":"product","2":"type-product","3":"status-publish","4":"has-post-thumbnail","6":"product_cat-furniture-system-malaga-taranko","7":"product_cat-taranko-meble","8":"product_cat-vitrines","10":"first","11":"instock","12":"purchasable","13":"product-type-simple"},"_links":{"self":[{"href":"https:\/\/baldumarket.lt\/lt\/wp-json\/wp\/v2\/product\/247659","targetHints":{"allow":["GET"]}}],"collection":[{"href":"https:\/\/baldumarket.lt\/lt\/wp-json\/wp\/v2\/product"}],"about":[{"href":"https:\/\/baldumarket.lt\/lt\/wp-json\/wp\/v2\/types\/product"}],"replies":[{"embeddable":true,"href":"https:\/\/baldumarket.lt\/lt\/wp-json\/wp\/v2\/comments?post=247659"}],"wp:featuredmedia":[{"embeddable":true,"href":"https:\/\/baldumarket.lt\/lt\/wp-json\/wp\/v2\/media\/247660"}],"wp:attachment":[{"href":"https:\/\/baldumarket.lt\/lt\/wp-json\/wp\/v2\/media?parent=247659"}],"wp:term":[{"taxonomy":"product_brand","embeddable":true,"href":"https:\/\/baldumarket.lt\/lt\/wp-json\/wp\/v2\/product_brand?post=247659"},{"taxonomy":"product_cat","embeddable":true,"href":"https:\/\/baldumarket.lt\/lt\/wp-json\/wp\/v2\/product_cat?post=247659"},{"taxonomy":"product_tag","embeddable":true,"href":"https:\/\/baldumarket.lt\/lt\/wp-json\/wp\/v2\/product_tag?post=247659"}],"curies":[{"name":"wp","href":"https:\/\/api.w.org\/{rel}","templated":true}]}}