{"id":247635,"date":"2026-01-10T15:15:28","date_gmt":"2026-01-10T12:15:28","guid":{"rendered":"https:\/\/baldumarket.lt\/product\/puf-szeroki-wersal-v-puf-duzy\/"},"modified":"2026-04-08T11:39:16","modified_gmt":"2026-04-08T08:39:16","slug":"puf-szeroki-wersal-v-puf-duzy","status":"publish","type":"product","link":"https:\/\/baldumarket.lt\/lt\/product\/puf-szeroki-wersal-v-puf-duzy\/","title":{"rendered":"Platus pufas WERSAL V formos didelis pufas"},"content":{"rendered":"<h5><span style=\"color: #54859b\">Apsilankykite m\u016bs\u0173 virtualioje TARANKO prek\u0117s \u017eenklo parduotuv\u0117je<\/span><\/h5>\n<p> <a href=\"https:\/\/my.matterport.com\/show\/?m=a9ocyRk8GfK&#038;play=1&#038;back=1\" target=\"_blank\" rel=\"noopener\"><span style=\"color: #e47025\">https:\/\/my.matterport.com\/<\/span><\/a><\/p>\n<p>Platus WERSAL V formos pufas, didelis. Ypa\u010d plati kolekcija, klasikinis stilius, eleganti\u0161kos formos ir i\u0161skirtinis dizainas, auk\u0161\u010diausia bald\u0173 kokyb\u0117.<br \/>\n\u017dalvarin\u0117s rankenos. Galimos \u0161e\u0161ios spalvos.<br \/>\nAuk\u0161tos kokyb\u0117s, patikima, patvari kolekcija, perduodama i\u0161 kartos \u012f kart\u0105. Tikri gro\u017eio ir spindesio \u017einovai tikrai \u012fvertins \u201eWERSAL\u201c kolekcij\u0105. R\u0117mas: tvirta alksnio mediena<br \/>\nApmu\u0161alai: 65% medviln\u0117 ir 35% poliesteris (priklausomai nuo pasirinkimo).<br \/>\nKojel\u0117s: tvirta alksnio arba buko mediena. Galima rinktis audinius, kaina priklauso nuo pasirinkimo. Nuostabi itali\u0161ko stiliaus i\u0161vaizda, auk\u0161ta kokyb\u0117, klasikin\u0117 elegancija.\u00a0<\/p>","protected":false},"excerpt":{"rendered":"<p>Auk\u0161tis, cm: 42<br \/>\nPlotis, cm: 120<br \/>\nGylis, cm: 47<\/p>","protected":false},"featured_media":247636,"comment_status":"open","ping_status":"open","template":"","meta":[],"product_brand":[],"product_cat":[9679,826,5572],"product_tag":[],"class_list":{"0":"post-247635","1":"product","2":"type-product","3":"status-publish","4":"has-post-thumbnail","6":"product_cat-furniture-system-wersal-taranko","7":"product_cat-poufs","8":"product_cat-taranko-meble","10":"first","11":"instock","12":"purchasable","13":"product-type-simple"},"_links":{"self":[{"href":"https:\/\/baldumarket.lt\/lt\/wp-json\/wp\/v2\/product\/247635","targetHints":{"allow":["GET"]}}],"collection":[{"href":"https:\/\/baldumarket.lt\/lt\/wp-json\/wp\/v2\/product"}],"about":[{"href":"https:\/\/baldumarket.lt\/lt\/wp-json\/wp\/v2\/types\/product"}],"replies":[{"embeddable":true,"href":"https:\/\/baldumarket.lt\/lt\/wp-json\/wp\/v2\/comments?post=247635"}],"wp:featuredmedia":[{"embeddable":true,"href":"https:\/\/baldumarket.lt\/lt\/wp-json\/wp\/v2\/media\/247636"}],"wp:attachment":[{"href":"https:\/\/baldumarket.lt\/lt\/wp-json\/wp\/v2\/media?parent=247635"}],"wp:term":[{"taxonomy":"product_brand","embeddable":true,"href":"https:\/\/baldumarket.lt\/lt\/wp-json\/wp\/v2\/product_brand?post=247635"},{"taxonomy":"product_cat","embeddable":true,"href":"https:\/\/baldumarket.lt\/lt\/wp-json\/wp\/v2\/product_cat?post=247635"},{"taxonomy":"product_tag","embeddable":true,"href":"https:\/\/baldumarket.lt\/lt\/wp-json\/wp\/v2\/product_tag?post=247635"}],"curies":[{"name":"wp","href":"https:\/\/api.w.org\/{rel}","templated":true}]}}