{"id":247631,"date":"2026-01-10T15:15:23","date_gmt":"2026-01-10T12:15:23","guid":{"rendered":"https:\/\/baldumarket.lt\/product\/puf-nicea-ni-pouf\/"},"modified":"2026-04-08T10:26:46","modified_gmt":"2026-04-08T07:26:46","slug":"puf-nicea-ni-pouf","status":"publish","type":"product","link":"https:\/\/baldumarket.lt\/lt\/product\/puf-nicea-ni-pouf\/","title":{"rendered":"NICEA NI-pufas"},"content":{"rendered":"<h5><span style=\"color: #54859b\">Apsilankykite m\u016bs\u0173 virtualioje TARANKO prek\u0117s \u017eenklo parduotuv\u0117je<\/span><\/h5>\n<p> <a href=\"https:\/\/my.matterport.com\/show\/?m=a9ocyRk8GfK&#038;play=1&#038;back=1\" target=\"_blank\" rel=\"noopener\"><span style=\"color: #e47025\">https:\/\/my.matterport.com\/<\/span><\/a><\/p>\n<p>Pufas NICEA NI-pufas Nicea \u2013 puikus nat\u016bralaus rudo luk\u0161to ir kontrasting\u0173 ry\u0161ki\u0173 fasad\u0173 derinys. Subtilios, lieknos kojel\u0117s suteikia visumai originalaus charakterio, o aukso spalvos rozet\u0117s formos ranken\u0117l\u0117s \u2013 prabangos, sukurdamos i\u0161skirtin\u0119 visum\u0105.<br \/>\nKolekcijoje galima rinktis i\u0161 trij\u0173 fasado pavir\u0161i\u0173 arba papildom\u0105 veidrodin\u012f priekin\u012f pavir\u0161i\u0173 komodoms. R\u0117mas: medinis.<br \/>\nApmu\u0161alai: 100% poliesteris (priklausomai nuo pasirinkimo).<br \/>\nKojel\u0117s: med\u017eio masyvas. Galimyb\u0117 rinktis audinius, kaina priklauso nuo pasirinkimo. NICEA kolekcija skirta erdviems, moderniems ir stilingiems interjerams.\u00a0<\/p>","protected":false},"excerpt":{"rendered":"<p>Auk\u0161tis, cm: 45<br \/>\nPlotis, cm: 60<br \/>\nGylis, cm: 60<\/p>","protected":false},"featured_media":247632,"comment_status":"open","ping_status":"open","template":"","meta":[],"product_brand":[],"product_cat":[9685,826,5572],"product_tag":[],"class_list":{"0":"post-247631","1":"product","2":"type-product","3":"status-publish","4":"has-post-thumbnail","6":"product_cat-furniture-system-nicea-taranko","7":"product_cat-poufs","8":"product_cat-taranko-meble","10":"first","11":"instock","12":"purchasable","13":"product-type-simple"},"_links":{"self":[{"href":"https:\/\/baldumarket.lt\/lt\/wp-json\/wp\/v2\/product\/247631","targetHints":{"allow":["GET"]}}],"collection":[{"href":"https:\/\/baldumarket.lt\/lt\/wp-json\/wp\/v2\/product"}],"about":[{"href":"https:\/\/baldumarket.lt\/lt\/wp-json\/wp\/v2\/types\/product"}],"replies":[{"embeddable":true,"href":"https:\/\/baldumarket.lt\/lt\/wp-json\/wp\/v2\/comments?post=247631"}],"wp:featuredmedia":[{"embeddable":true,"href":"https:\/\/baldumarket.lt\/lt\/wp-json\/wp\/v2\/media\/247632"}],"wp:attachment":[{"href":"https:\/\/baldumarket.lt\/lt\/wp-json\/wp\/v2\/media?parent=247631"}],"wp:term":[{"taxonomy":"product_brand","embeddable":true,"href":"https:\/\/baldumarket.lt\/lt\/wp-json\/wp\/v2\/product_brand?post=247631"},{"taxonomy":"product_cat","embeddable":true,"href":"https:\/\/baldumarket.lt\/lt\/wp-json\/wp\/v2\/product_cat?post=247631"},{"taxonomy":"product_tag","embeddable":true,"href":"https:\/\/baldumarket.lt\/lt\/wp-json\/wp\/v2\/product_tag?post=247631"}],"curies":[{"name":"wp","href":"https:\/\/api.w.org\/{rel}","templated":true}]}}