{"id":247593,"date":"2026-01-10T15:14:46","date_gmt":"2026-01-10T12:14:46","guid":{"rendered":"https:\/\/baldumarket.lt\/product\/przewodniczacy-grande-vi-via\/"},"modified":"2026-04-08T09:39:44","modified_gmt":"2026-04-08T06:39:44","slug":"przewodniczacy-grande-vi-via","status":"publish","type":"product","link":"https:\/\/baldumarket.lt\/lt\/product\/przewodniczacy-grande-vi-via\/","title":{"rendered":"GRANDE VI (VIA) pirmininkas"},"content":{"rendered":"<h5><span style=\"color: #54859b\">Apsilankykite m\u016bs\u0173 virtualioje TARANKO prek\u0117s \u017eenklo parduotuv\u0117je<\/span><\/h5>\n<p> <a href=\"https:\/\/my.matterport.com\/show\/?m=a9ocyRk8GfK&#038;play=1&#038;back=1\" target=\"_blank\" rel=\"noopener\"><span style=\"color: #e47025\">https:\/\/my.matterport.com\/<\/span><\/a><\/p>\n<p>K\u0117d\u0117 GRANDE VI (VIA). B\u016bdingas kolekcijos bruo\u017eas \u2013 metalin\u0117s kojel\u0117s, einan\u010dios per vis\u0105 baldo auk\u0161t\u012f, suteikian\u010dios lengvumo \u012fsp\u016bd\u012f. Apvalios formos ir blizgus fasadas suteikia papildomo elegancijos. LED ap\u0161vietimas sukuria paslapties poj\u016bt\u012f tamsiame vitrin\u0173 interjere.<br \/>\nKolekcija yra dviej\u0173 spalv\u0173: Grande \u0105\u017euolas 01 (nat\u016bralus \u0105\u017euolas) ir Grande \u0105\u017euolas 02 (\u0161okoladas). R\u0117mas: med\u017eio masyvas<br \/>\nApmu\u0161alai: 100% poliesteris (priklausomai nuo pasirinkimo).<br \/>\nKojel\u0117s: med\u017eio masyvas. \u0160i k\u0117d\u0117 skirta \u017emon\u0117ms, vertinantiems klasikin\u012f stili\u0173 su nesenstan\u010dia elegancija, perteikiama moderniu dizainu. Galimyb\u0117 rinktis audinius ir med\u017eio spalv\u0105, kaina priklauso nuo pasirinkimo.<\/p>","protected":false},"excerpt":{"rendered":"<p>Auk\u0161tis, cm: 98\/48<br \/>\nPlotis, cm: 50<br \/>\nGylis, cm: 55<\/p>","protected":false},"featured_media":247594,"comment_status":"open","ping_status":"open","template":"","meta":[],"product_brand":[],"product_cat":[9691,1930,5572],"product_tag":[],"class_list":{"0":"post-247593","1":"product","2":"type-product","3":"status-publish","4":"has-post-thumbnail","6":"product_cat-furniture-system-grande-taranko","7":"product_cat-chairs","8":"product_cat-taranko-meble","10":"first","11":"instock","12":"purchasable","13":"product-type-simple"},"_links":{"self":[{"href":"https:\/\/baldumarket.lt\/lt\/wp-json\/wp\/v2\/product\/247593","targetHints":{"allow":["GET"]}}],"collection":[{"href":"https:\/\/baldumarket.lt\/lt\/wp-json\/wp\/v2\/product"}],"about":[{"href":"https:\/\/baldumarket.lt\/lt\/wp-json\/wp\/v2\/types\/product"}],"replies":[{"embeddable":true,"href":"https:\/\/baldumarket.lt\/lt\/wp-json\/wp\/v2\/comments?post=247593"}],"wp:featuredmedia":[{"embeddable":true,"href":"https:\/\/baldumarket.lt\/lt\/wp-json\/wp\/v2\/media\/247594"}],"wp:attachment":[{"href":"https:\/\/baldumarket.lt\/lt\/wp-json\/wp\/v2\/media?parent=247593"}],"wp:term":[{"taxonomy":"product_brand","embeddable":true,"href":"https:\/\/baldumarket.lt\/lt\/wp-json\/wp\/v2\/product_brand?post=247593"},{"taxonomy":"product_cat","embeddable":true,"href":"https:\/\/baldumarket.lt\/lt\/wp-json\/wp\/v2\/product_cat?post=247593"},{"taxonomy":"product_tag","embeddable":true,"href":"https:\/\/baldumarket.lt\/lt\/wp-json\/wp\/v2\/product_tag?post=247593"}],"curies":[{"name":"wp","href":"https:\/\/api.w.org\/{rel}","templated":true}]}}