{"id":247590,"date":"2026-01-10T15:14:43","date_gmt":"2026-01-10T12:14:43","guid":{"rendered":"https:\/\/baldumarket.lt\/product\/polka-mocowanie-do-kredensu-rio-ri-polka-l-r\/"},"modified":"2026-04-08T10:46:57","modified_gmt":"2026-04-08T07:46:57","slug":"polka-mocowanie-do-kredensu-rio-ri-polka-l-r","status":"publish","type":"product","link":"https:\/\/baldumarket.lt\/lt\/product\/polka-mocowanie-do-kredensu-rio-ri-polka-l-r\/","title":{"rendered":"Lentynos laikiklis RIO RI indaujai \u2013 lentyna K\/D"},"content":{"rendered":"<h5><span style=\"color: #54859b\">Apsilankykite m\u016bs\u0173 virtualioje TARANKO prek\u0117s \u017eenklo parduotuv\u0117je<\/span><\/h5>\n<p> <a href=\"https:\/\/my.matterport.com\/show\/?m=a9ocyRk8GfK&#038;play=1&#038;back=1\" target=\"_blank\" rel=\"noopener\"><span style=\"color: #e47025\">https:\/\/my.matterport.com\/<\/span><\/a><\/p>\n<p>Indauja (RI-W1\/2 L\/P) RIO RI-lentyna L\/P. Ne\u012fprasta \u0161iurk\u0161ti \u0105\u017euolo element\u0173 su grioveliais strukt\u016bra suteikia Rio kolekcijai i\u0161rai\u0161kingumo ir pa\u012fvairina subtil\u0173 spalv\u0173 kontrast\u0105. Juodo metalo \u012fd\u0117klai ir ma\u017eos ranken\u0117l\u0117s pabr\u0117\u017eia unikali\u0105 \u0161i\u0173 bald\u0173 form\u0105.<br \/>\nVitrin\u0173 stiklin\u0117s pus\u0117s ir LED ap\u0161vietimas dar geriau atskleid\u017eia \u0105\u017euolo medienos tekst\u016bros \u0161ilt\u0105 \u017eaves\u012f.<br \/>\nPlatus kolekcijos moduli\u0173 pasirinkimas ir j\u0173 pritaikymas \u012fvairios paskirties erdv\u0117se. Svarbu pasirinkti pus\u0119. Su ap\u0161vietimu.<br \/>\nFasado med\u017eiaga: nat\u016bralus \u0105\u017euolo luk\u0161tas \/ PVC folija<br \/>\nKorpuso med\u017eiaga: laminuota MDF plok\u0161t\u0117.\u00a0<\/p>","protected":false},"excerpt":{"rendered":"<p>Auk\u0161tis, cm: 190<br \/>\nPlotis, cm: 62<br \/>\nGylis, cm: 15,5<\/p>","protected":false},"featured_media":247591,"comment_status":"open","ping_status":"open","template":"","meta":[],"product_brand":[],"product_cat":[9702,5572,2006],"product_tag":[],"class_list":{"0":"post-247590","1":"product","2":"type-product","3":"status-publish","4":"has-post-thumbnail","6":"product_cat-furniture-system-rio-taranko","7":"product_cat-taranko-meble","8":"product_cat-vitrines","10":"first","11":"instock","12":"purchasable","13":"product-type-simple"},"_links":{"self":[{"href":"https:\/\/baldumarket.lt\/lt\/wp-json\/wp\/v2\/product\/247590","targetHints":{"allow":["GET"]}}],"collection":[{"href":"https:\/\/baldumarket.lt\/lt\/wp-json\/wp\/v2\/product"}],"about":[{"href":"https:\/\/baldumarket.lt\/lt\/wp-json\/wp\/v2\/types\/product"}],"replies":[{"embeddable":true,"href":"https:\/\/baldumarket.lt\/lt\/wp-json\/wp\/v2\/comments?post=247590"}],"wp:featuredmedia":[{"embeddable":true,"href":"https:\/\/baldumarket.lt\/lt\/wp-json\/wp\/v2\/media\/247591"}],"wp:attachment":[{"href":"https:\/\/baldumarket.lt\/lt\/wp-json\/wp\/v2\/media?parent=247590"}],"wp:term":[{"taxonomy":"product_brand","embeddable":true,"href":"https:\/\/baldumarket.lt\/lt\/wp-json\/wp\/v2\/product_brand?post=247590"},{"taxonomy":"product_cat","embeddable":true,"href":"https:\/\/baldumarket.lt\/lt\/wp-json\/wp\/v2\/product_cat?post=247590"},{"taxonomy":"product_tag","embeddable":true,"href":"https:\/\/baldumarket.lt\/lt\/wp-json\/wp\/v2\/product_tag?post=247590"}],"curies":[{"name":"wp","href":"https:\/\/api.w.org\/{rel}","templated":true}]}}