{"id":247587,"date":"2026-01-10T15:14:41","date_gmt":"2026-01-10T12:14:41","guid":{"rendered":"https:\/\/baldumarket.lt\/product\/polka-komoda-rostock-ro-panel-l-p\/"},"modified":"2026-04-08T10:46:57","modified_gmt":"2026-04-08T07:46:57","slug":"polka-komoda-rostock-ro-panel-l-p","status":"publish","type":"product","link":"https:\/\/baldumarket.lt\/lt\/product\/polka-komoda-rostock-ro-panel-l-p\/","title":{"rendered":"ROSTOCK RO-Panel\u0117 K\/D lentyna-komodos"},"content":{"rendered":"<h5><span style=\"color: #54859b\">Apsilankykite m\u016bs\u0173 virtualioje TARANKO prek\u0117s \u017eenklo parduotuv\u0117je<\/span><\/h5>\n<p> <a href=\"https:\/\/my.matterport.com\/show\/?m=a9ocyRk8GfK&#038;play=1&#038;back=1\" target=\"_blank\" rel=\"noopener\"><span style=\"color: #e47025\">https:\/\/my.matterport.com\/<\/span><\/a><\/p>\n<p>Indauja-lentyna ROSTOCK RO-Panel L\/P. Pary\u0161kinta ir pajuodinta \u0105\u017euolo element\u0173 strukt\u016bra su juodais skaldytais grioveliais suteikia kolekcijai i\u0161rai\u0161kingumo ir pa\u012fvairina subtil\u0173 spalv\u0173 kontrast\u0105. Ma\u017eos juodos metalin\u0117s ranken\u0117l\u0117s yra nepastebimas kolekcijos elementas.<br \/>\nVitrin\u0173 stiklin\u0117s pus\u0117s ir LED ap\u0161vietimas dar gra\u017eiau atskleid\u017eia ir taip pabr\u0117\u017et\u0105 \u0105\u017euolo medienos tekst\u016bros \u017eaves\u012f.<br \/>\nSvarbu pasirinkti dur\u0173 atidarymo pus\u0119. LED ap\u0161vietimas standartin\u0117je komplektacijoje.<br \/>\nFasado med\u017eiaga: nat\u016bralus \u0105\u017euolo luk\u0161tas \/ PVC folija<br \/>\nKorpuso med\u017eiaga: MDF plok\u0161t\u0117, padengta nat\u016braliu med\u017eio luk\u0161tu<\/p>","protected":false},"excerpt":{"rendered":"<p>Auk\u0161tis, cm: 135<br \/>\nPlotis, cm: 165<br \/>\nGylis, cm: 32<\/p>","protected":false},"featured_media":247588,"comment_status":"open","ping_status":"open","template":"","meta":[],"product_brand":[],"product_cat":[9701,5572,2006],"product_tag":[],"class_list":{"0":"post-247587","1":"product","2":"type-product","3":"status-publish","4":"has-post-thumbnail","6":"product_cat-furniture-system-rostock-taranko","7":"product_cat-taranko-meble","8":"product_cat-vitrines","10":"first","11":"instock","12":"purchasable","13":"product-type-simple"},"_links":{"self":[{"href":"https:\/\/baldumarket.lt\/lt\/wp-json\/wp\/v2\/product\/247587","targetHints":{"allow":["GET"]}}],"collection":[{"href":"https:\/\/baldumarket.lt\/lt\/wp-json\/wp\/v2\/product"}],"about":[{"href":"https:\/\/baldumarket.lt\/lt\/wp-json\/wp\/v2\/types\/product"}],"replies":[{"embeddable":true,"href":"https:\/\/baldumarket.lt\/lt\/wp-json\/wp\/v2\/comments?post=247587"}],"wp:featuredmedia":[{"embeddable":true,"href":"https:\/\/baldumarket.lt\/lt\/wp-json\/wp\/v2\/media\/247588"}],"wp:attachment":[{"href":"https:\/\/baldumarket.lt\/lt\/wp-json\/wp\/v2\/media?parent=247587"}],"wp:term":[{"taxonomy":"product_brand","embeddable":true,"href":"https:\/\/baldumarket.lt\/lt\/wp-json\/wp\/v2\/product_brand?post=247587"},{"taxonomy":"product_cat","embeddable":true,"href":"https:\/\/baldumarket.lt\/lt\/wp-json\/wp\/v2\/product_cat?post=247587"},{"taxonomy":"product_tag","embeddable":true,"href":"https:\/\/baldumarket.lt\/lt\/wp-json\/wp\/v2\/product_tag?post=247587"}],"curies":[{"name":"wp","href":"https:\/\/api.w.org\/{rel}","templated":true}]}}