{"id":247571,"date":"2026-01-10T15:14:20","date_gmt":"2026-01-10T12:14:20","guid":{"rendered":"https:\/\/baldumarket.lt\/product\/polka-z-lustrem-lagos-la-p1\/"},"modified":"2026-04-08T10:06:37","modified_gmt":"2026-04-08T07:06:37","slug":"polka-z-lustrem-lagos-la-p1","status":"publish","type":"product","link":"https:\/\/baldumarket.lt\/lt\/product\/polka-z-lustrem-lagos-la-p1\/","title":{"rendered":"Lentyna su veidrod\u017eiu LAGOS LA\u2013P1"},"content":{"rendered":"<h5><span style=\"color: #54859b\">Apsilankykite m\u016bs\u0173 virtualioje TARANKO prek\u0117s \u017eenklo parduotuv\u0117je<\/span><\/h5>\n<p> <a href=\"https:\/\/my.matterport.com\/show\/?m=a9ocyRk8GfK&#038;play=1&#038;back=1\" target=\"_blank\" rel=\"noopener\"><span style=\"color: #e47025\">https:\/\/my.matterport.com\/<\/span><\/a><\/p>\n<p>Lentyna su veidrod\u017eiu LAGOS LA\u2013P1Sukurta tikriems klasikos ir prabangos \u017einovams. Lyg\u016bs banguoti fasadai ir medin\u0117s lenktos kojel\u0117s suteikia ypatingo grak\u0161tumo ir \u017eavesio.<br \/>\nGalima rinktis i\u0161 keturi\u0173 spalv\u0173 derini\u0173: Lagoso \u0105\u017euolo\/ka\u0161myro, Lagoso \u0105\u017euolo\/baltos, \u0161viesaus \u0105\u017euolo\/ka\u0161myro ir \u0161viesaus \u0105\u017euolo\/baltos.<br \/>\nEleganti\u0161ki \u201eLagos\u201c baldai deramai papuo\u0161 rafinuot\u0105 svetain\u0117s, valgomojo ir miegamojo interjer\u0105. Korpuso med\u017eiaga: MDF, laminuota alksnio fanera.<br \/>\nFasado med\u017eiaga: MDF.<br \/>\nKojel\u0117s: med\u017eio masyvas. I\u0161skirtin\u0117s kolekcijos indauja su ry\u0161kia apdaila sukuria unikal\u0173 ir subtil\u0173 charakter\u012f.\u00a0<\/p>","protected":false},"excerpt":{"rendered":"<p>Auk\u0161tis, cm: 45<br \/>\nPlotis, cm: 154<br \/>\nGylis, cm: 22<\/p>","protected":false},"featured_media":247572,"comment_status":"open","ping_status":"open","template":"","meta":[],"product_brand":[],"product_cat":[9681,1174,5572],"product_tag":[],"class_list":{"0":"post-247571","1":"product","2":"type-product","3":"status-publish","4":"has-post-thumbnail","6":"product_cat-furniture-system-lagos-taranko","7":"product_cat-hanging-shelves","8":"product_cat-taranko-meble","10":"first","11":"instock","12":"purchasable","13":"product-type-simple"},"_links":{"self":[{"href":"https:\/\/baldumarket.lt\/lt\/wp-json\/wp\/v2\/product\/247571","targetHints":{"allow":["GET"]}}],"collection":[{"href":"https:\/\/baldumarket.lt\/lt\/wp-json\/wp\/v2\/product"}],"about":[{"href":"https:\/\/baldumarket.lt\/lt\/wp-json\/wp\/v2\/types\/product"}],"replies":[{"embeddable":true,"href":"https:\/\/baldumarket.lt\/lt\/wp-json\/wp\/v2\/comments?post=247571"}],"wp:featuredmedia":[{"embeddable":true,"href":"https:\/\/baldumarket.lt\/lt\/wp-json\/wp\/v2\/media\/247572"}],"wp:attachment":[{"href":"https:\/\/baldumarket.lt\/lt\/wp-json\/wp\/v2\/media?parent=247571"}],"wp:term":[{"taxonomy":"product_brand","embeddable":true,"href":"https:\/\/baldumarket.lt\/lt\/wp-json\/wp\/v2\/product_brand?post=247571"},{"taxonomy":"product_cat","embeddable":true,"href":"https:\/\/baldumarket.lt\/lt\/wp-json\/wp\/v2\/product_cat?post=247571"},{"taxonomy":"product_tag","embeddable":true,"href":"https:\/\/baldumarket.lt\/lt\/wp-json\/wp\/v2\/product_tag?post=247571"}],"curies":[{"name":"wp","href":"https:\/\/api.w.org\/{rel}","templated":true}]}}