{"id":247568,"date":"2026-01-10T15:14:18","date_gmt":"2026-01-10T12:14:18","guid":{"rendered":"https:\/\/baldumarket.lt\/product\/polka-wykonczeniowa-szkliwiona-barcelona-ba-11-lp\/"},"modified":"2026-04-08T09:29:04","modified_gmt":"2026-04-08T06:29:04","slug":"polka-wykonczeniowa-szkliwiona-barcelona-ba-11-lp","status":"publish","type":"product","link":"https:\/\/baldumarket.lt\/lt\/product\/polka-wykonczeniowa-szkliwiona-barcelona-ba-11-lp\/","title":{"rendered":"Glaz\u016bruota lentyna BARCELONA BA-11 K, P"},"content":{"rendered":"<h5><span style=\"color: #54859b\">Apsilankykite m\u016bs\u0173 virtualioje TARANKO prek\u0117s \u017eenklo parduotuv\u0117je<\/span><\/h5>\n<p> <a href=\"https:\/\/my.matterport.com\/show\/?m=a9ocyRk8GfK&#038;play=1&#038;back=1\" target=\"_blank\" rel=\"noopener\"><span style=\"color: #e47025\">https:\/\/my.matterport.com\/<\/span><\/a><\/p>\n<p>Lentyna glaz\u016bruotai apdailai BARCELONA BA-11. \u201eBarcelona\u201c kolekcija \u2013 nesenstanti klasika.<br \/>\n\u0160ioje kolekcijoje \u201eTaranko\u201c gamintojas naudoja klasikines formas, gra\u017ei\u0105, unikali\u0105, nauj\u0105 rie\u0161utmed\u017eio spalv\u0105. Gamyboje naudojamos geriausios technologijos ir auk\u0161\u010diausios kokyb\u0117s med\u017eiagos, kurios atitinka klient\u0173 l\u016bkes\u010dius tiek bald\u0173 gro\u017eio, tiek patogumo po\u017ei\u016briu. Kolekcijoje gausu lentyn\u0173, tiek u\u017edar\u0173, tiek atvir\u0173, kad biuras b\u016bt\u0173 pilnai i\u0161naudotas. \u0160ioje kolekcijoje taip pat rasite komod\u0173, ra\u0161om\u0173j\u0173 stal\u0173, sieneli\u0173 ir pagalbini\u0173 paneli\u0173, kad j\u016bs\u0173 biuras b\u016bt\u0173 suprojektuotas kaip visuma.<br \/>\nSvarbu pasirinkti dur\u0173 atidarymo pus\u0119. Fasadas: med\u017eio masyvas, nat\u016bralus luk\u0161tas.<br \/>\nKorpusas: nat\u016bralus luk\u0161tas, laminuota plok\u0161t\u0117.<\/p>","protected":false},"excerpt":{"rendered":"<p>\u016agis, cm: 242,3<br \/>\nPlotis, cm: 46,2<br \/>\nGylis, cm: 46,2<\/p>","protected":false},"featured_media":247569,"comment_status":"open","ping_status":"open","template":"","meta":[],"product_brand":[],"product_cat":[9696,5572,2006],"product_tag":[],"class_list":{"0":"post-247568","1":"product","2":"type-product","3":"status-publish","4":"has-post-thumbnail","6":"product_cat-furniture-system-barcelona-taranko","7":"product_cat-taranko-meble","8":"product_cat-vitrines","10":"first","11":"instock","12":"purchasable","13":"product-type-simple"},"_links":{"self":[{"href":"https:\/\/baldumarket.lt\/lt\/wp-json\/wp\/v2\/product\/247568","targetHints":{"allow":["GET"]}}],"collection":[{"href":"https:\/\/baldumarket.lt\/lt\/wp-json\/wp\/v2\/product"}],"about":[{"href":"https:\/\/baldumarket.lt\/lt\/wp-json\/wp\/v2\/types\/product"}],"replies":[{"embeddable":true,"href":"https:\/\/baldumarket.lt\/lt\/wp-json\/wp\/v2\/comments?post=247568"}],"wp:featuredmedia":[{"embeddable":true,"href":"https:\/\/baldumarket.lt\/lt\/wp-json\/wp\/v2\/media\/247569"}],"wp:attachment":[{"href":"https:\/\/baldumarket.lt\/lt\/wp-json\/wp\/v2\/media?parent=247568"}],"wp:term":[{"taxonomy":"product_brand","embeddable":true,"href":"https:\/\/baldumarket.lt\/lt\/wp-json\/wp\/v2\/product_brand?post=247568"},{"taxonomy":"product_cat","embeddable":true,"href":"https:\/\/baldumarket.lt\/lt\/wp-json\/wp\/v2\/product_cat?post=247568"},{"taxonomy":"product_tag","embeddable":true,"href":"https:\/\/baldumarket.lt\/lt\/wp-json\/wp\/v2\/product_tag?post=247568"}],"curies":[{"name":"wp","href":"https:\/\/api.w.org\/{rel}","templated":true}]}}