{"id":247554,"date":"2026-01-10T15:14:05","date_gmt":"2026-01-10T12:14:05","guid":{"rendered":"https:\/\/baldumarket.lt\/product\/polka-wiszaca-santos-sa1-p1\/"},"modified":"2026-04-08T10:46:47","modified_gmt":"2026-04-08T07:46:47","slug":"polka-wiszaca-santos-sa1-p1","status":"publish","type":"product","link":"https:\/\/baldumarket.lt\/lt\/product\/polka-wiszaca-santos-sa1-p1\/","title":{"rendered":"SANTOS SA1-P1 pakabinama lentyna"},"content":{"rendered":"<h5><span style=\"color: #54859b\">Apsilankykite m\u016bs\u0173 virtualioje TARANKO prek\u0117s \u017eenklo parduotuv\u0117je<\/span><\/h5>\n<p> <a href=\"https:\/\/my.matterport.com\/show\/?m=a9ocyRk8GfK&#038;play=1&#038;back=1\" target=\"_blank\" rel=\"noopener\"><span style=\"color: #e47025\">https:\/\/my.matterport.com\/<\/span><\/a><\/p>\n<p>Pakabinama lentyna SANTOS SA1-P1, lengvos konstrukcijos ir nat\u016bralaus \u0105\u017euolo faneruot\u0117s. I\u0161skirtin\u0117 kolekcija su 3D fasadu ir nat\u016bralios \u0105\u017euolo medienos tekst\u016bra sukuria \u0161ilt\u0105, \u0161iuolaiki\u0161k\u0105 charakter\u012f. Juodo plieno kojel\u0117s ir juoda apdaila \u2013 tai \u0161iuolaikinio modernumo i\u0161rai\u0161ka, dvelkianti praeities nostalgija. Vitrinoms naudojamos grubios tekst\u016bruotos nugar\u0117l\u0117s, o subtilus lentyn\u0173 ap\u0161vietimas pabr\u0117\u017eia \u0105\u017euolo strukt\u016bros \u017eaves\u012f. Laminuota plok\u0161t\u0117 su \u0105\u017euolo faneruote, juodu plienu. \u0160ios kolekcijos baldai su madingu, nat\u016bralaus \u0105\u017euolo, rai\u017eytu reljefiniu fasadu suteiks jaukumo tiek svetainei, tiek valgomajam.<\/p>","protected":false},"excerpt":{"rendered":"<p>Auk\u0161tis, cm: 42,5<br \/>\nPlotis, cm: 140<br \/>\nGylis, cm: 22,5<\/p>","protected":false},"featured_media":247555,"comment_status":"open","ping_status":"open","template":"","meta":[],"product_brand":[],"product_cat":[9703,1174,5572],"product_tag":[],"class_list":{"0":"post-247554","1":"product","2":"type-product","3":"status-publish","4":"has-post-thumbnail","6":"product_cat-furniture-system-santos-i-taranko","7":"product_cat-hanging-shelves","8":"product_cat-taranko-meble","10":"first","11":"instock","12":"purchasable","13":"product-type-simple"},"_links":{"self":[{"href":"https:\/\/baldumarket.lt\/lt\/wp-json\/wp\/v2\/product\/247554","targetHints":{"allow":["GET"]}}],"collection":[{"href":"https:\/\/baldumarket.lt\/lt\/wp-json\/wp\/v2\/product"}],"about":[{"href":"https:\/\/baldumarket.lt\/lt\/wp-json\/wp\/v2\/types\/product"}],"replies":[{"embeddable":true,"href":"https:\/\/baldumarket.lt\/lt\/wp-json\/wp\/v2\/comments?post=247554"}],"wp:featuredmedia":[{"embeddable":true,"href":"https:\/\/baldumarket.lt\/lt\/wp-json\/wp\/v2\/media\/247555"}],"wp:attachment":[{"href":"https:\/\/baldumarket.lt\/lt\/wp-json\/wp\/v2\/media?parent=247554"}],"wp:term":[{"taxonomy":"product_brand","embeddable":true,"href":"https:\/\/baldumarket.lt\/lt\/wp-json\/wp\/v2\/product_brand?post=247554"},{"taxonomy":"product_cat","embeddable":true,"href":"https:\/\/baldumarket.lt\/lt\/wp-json\/wp\/v2\/product_cat?post=247554"},{"taxonomy":"product_tag","embeddable":true,"href":"https:\/\/baldumarket.lt\/lt\/wp-json\/wp\/v2\/product_tag?post=247554"}],"curies":[{"name":"wp","href":"https:\/\/api.w.org\/{rel}","templated":true}]}}