{"id":247550,"date":"2026-01-10T15:14:02","date_gmt":"2026-01-10T12:14:02","guid":{"rendered":"https:\/\/baldumarket.lt\/product\/polka-wiszaca-malaga-ma-p3\/"},"modified":"2026-04-08T10:06:37","modified_gmt":"2026-04-08T07:06:37","slug":"polka-wiszaca-malaga-ma-p3","status":"publish","type":"product","link":"https:\/\/baldumarket.lt\/lt\/product\/polka-wiszaca-malaga-ma-p3\/","title":{"rendered":"MALAGA MA\u2013P3 pakabinama lentyna"},"content":{"rendered":"<h5><span style=\"color: #54859b\">Apsilankykite m\u016bs\u0173 virtualioje TARANKO prek\u0117s \u017eenklo parduotuv\u0117je<\/span><\/h5>\n<p> <a href=\"https:\/\/my.matterport.com\/show\/?m=a9ocyRk8GfK&#038;play=1&#038;back=1\" target=\"_blank\" rel=\"noopener\"><span style=\"color: #e47025\">https:\/\/my.matterport.com\/<\/span><\/a><\/p>\n<p>Pakabinama lentyna MALAGA MA\u2013P3. Nat\u016brali \u0105\u017euolo medienos tekst\u016bra sukuria \u0161ilt\u0105, \u0161iuolaiki\u0161k\u0105 charakter\u012f. Juodos plienin\u0117s kojel\u0117s ir juoda apdaila \u2013 tai \u0161iuolaikinio modernumo, dvelkian\u010dio praeities nostalgija, i\u0161rai\u0161ka. Vitrinoms naudojama \u0161iurk\u0161ti tekst\u016bruota nugara, o subtilus lentyn\u0173 ap\u0161vietimas i\u0161ry\u0161kina \u0105\u017euolo konstrukcijos \u017eaves\u012f. Vir\u0161us: MDF, laminuotas \u0105\u017euolo fanera.<br \/>\nKojel\u0117s: juodas plienas. \u0160i kolekcija \u2013 tai trij\u0173 apdailos med\u017eiag\u0173 derinys: metalas, nat\u016brali ir juodai da\u017eyta mediena.<br \/>\nVitrinoms panaudota \u0161iurk\u0161ti tekst\u016bruota nugara, o subtilus lentyn\u0173 ap\u0161vietimas i\u0161ry\u0161kina \u0105\u017euolo konstrukcijos \u017eaves\u012f.\u00a0<\/p>","protected":false},"excerpt":{"rendered":"<p>Auk\u0161tis, cm: 90<br \/>\nPlotis, cm: 55<br \/>\nGylis, cm: 22<\/p>","protected":false},"featured_media":247551,"comment_status":"open","ping_status":"open","template":"","meta":[],"product_brand":[],"product_cat":[9694,1174,5572],"product_tag":[],"class_list":{"0":"post-247550","1":"product","2":"type-product","3":"status-publish","4":"has-post-thumbnail","6":"product_cat-furniture-system-malaga-taranko","7":"product_cat-hanging-shelves","8":"product_cat-taranko-meble","10":"first","11":"instock","12":"purchasable","13":"product-type-simple"},"_links":{"self":[{"href":"https:\/\/baldumarket.lt\/lt\/wp-json\/wp\/v2\/product\/247550","targetHints":{"allow":["GET"]}}],"collection":[{"href":"https:\/\/baldumarket.lt\/lt\/wp-json\/wp\/v2\/product"}],"about":[{"href":"https:\/\/baldumarket.lt\/lt\/wp-json\/wp\/v2\/types\/product"}],"replies":[{"embeddable":true,"href":"https:\/\/baldumarket.lt\/lt\/wp-json\/wp\/v2\/comments?post=247550"}],"wp:featuredmedia":[{"embeddable":true,"href":"https:\/\/baldumarket.lt\/lt\/wp-json\/wp\/v2\/media\/247551"}],"wp:attachment":[{"href":"https:\/\/baldumarket.lt\/lt\/wp-json\/wp\/v2\/media?parent=247550"}],"wp:term":[{"taxonomy":"product_brand","embeddable":true,"href":"https:\/\/baldumarket.lt\/lt\/wp-json\/wp\/v2\/product_brand?post=247550"},{"taxonomy":"product_cat","embeddable":true,"href":"https:\/\/baldumarket.lt\/lt\/wp-json\/wp\/v2\/product_cat?post=247550"},{"taxonomy":"product_tag","embeddable":true,"href":"https:\/\/baldumarket.lt\/lt\/wp-json\/wp\/v2\/product_tag?post=247550"}],"curies":[{"name":"wp","href":"https:\/\/api.w.org\/{rel}","templated":true}]}}