{"id":247526,"date":"2026-01-10T15:13:35","date_gmt":"2026-01-10T12:13:35","guid":{"rendered":"https:\/\/baldumarket.lt\/product\/polka-otwarta-laczaca-komody-grande-gr-polka-wiszaca\/"},"modified":"2026-04-08T09:39:44","modified_gmt":"2026-04-08T06:39:44","slug":"polka-otwarta-laczaca-komody-grande-gr-polka-wiszaca","status":"publish","type":"product","link":"https:\/\/baldumarket.lt\/lt\/product\/polka-otwarta-laczaca-komody-grande-gr-polka-wiszaca\/","title":{"rendered":"Atvira lentyna, jungianti GRANDE GR komodas \u2013 pakabinama lentyna"},"content":{"rendered":"<h5><span style=\"color: #54859b\">Apsilankykite m\u016bs\u0173 virtualioje TARANKO prek\u0117s \u017eenklo parduotuv\u0117je<\/span><\/h5>\n<p> <a href=\"https:\/\/my.matterport.com\/show\/?m=a9ocyRk8GfK&#038;play=1&#038;back=1\" target=\"_blank\" rel=\"noopener\"><span style=\"color: #e47025\">https:\/\/my.matterport.com\/<\/span><\/a><\/p>\n<p>Atviros lentynos, jungian\u010dios indaujas GRANDE GR \u2013 pakabinama lentyna. B\u016bdingas kolekcijos bruo\u017eas \u2013 metalin\u0117s kojel\u0117s, einan\u010dios per vis\u0105 baldo auk\u0161t\u012f, suteikian\u010dios lengvumo \u012fsp\u016bd\u012f. Apvalios formos ir blizgus fasadas suteikia papildomos elegancijos. LED ap\u0161vietimas sukuria paslapties poj\u016bt\u012f tamsiame vitrin\u0173 interjere. Korpuso med\u017eiaga: metalas, MDF, laminuota \u0105\u017euolo fanera.<br \/>\nFasado med\u017eiaga: nat\u016bralus \u0105\u017euolo luk\u0161tas, blizgus akrilas.<br \/>\nKojel\u0117s: metalin\u0117s.<br \/>\nNaudojami vyriai ir kreiptuvai su tyliu u\u017edarymo sistema. \u0160i kolekcija \u2013 tai trij\u0173 apdailos med\u017eiag\u0173 derinys: metalas, nat\u016brali mediena ir blizgios spalvos.<\/p>","protected":false},"excerpt":{"rendered":"<p>Auk\u0161tis, cm: 174<br \/>\nPlotis, cm: 80<br \/>\nGylis, cm: 31<\/p>","protected":false},"featured_media":247527,"comment_status":"open","ping_status":"open","template":"","meta":[],"product_brand":[],"product_cat":[9691,5572,2006],"product_tag":[],"class_list":{"0":"post-247526","1":"product","2":"type-product","3":"status-publish","4":"has-post-thumbnail","6":"product_cat-furniture-system-grande-taranko","7":"product_cat-taranko-meble","8":"product_cat-vitrines","10":"first","11":"instock","12":"purchasable","13":"product-type-simple"},"_links":{"self":[{"href":"https:\/\/baldumarket.lt\/lt\/wp-json\/wp\/v2\/product\/247526","targetHints":{"allow":["GET"]}}],"collection":[{"href":"https:\/\/baldumarket.lt\/lt\/wp-json\/wp\/v2\/product"}],"about":[{"href":"https:\/\/baldumarket.lt\/lt\/wp-json\/wp\/v2\/types\/product"}],"replies":[{"embeddable":true,"href":"https:\/\/baldumarket.lt\/lt\/wp-json\/wp\/v2\/comments?post=247526"}],"wp:featuredmedia":[{"embeddable":true,"href":"https:\/\/baldumarket.lt\/lt\/wp-json\/wp\/v2\/media\/247527"}],"wp:attachment":[{"href":"https:\/\/baldumarket.lt\/lt\/wp-json\/wp\/v2\/media?parent=247526"}],"wp:term":[{"taxonomy":"product_brand","embeddable":true,"href":"https:\/\/baldumarket.lt\/lt\/wp-json\/wp\/v2\/product_brand?post=247526"},{"taxonomy":"product_cat","embeddable":true,"href":"https:\/\/baldumarket.lt\/lt\/wp-json\/wp\/v2\/product_cat?post=247526"},{"taxonomy":"product_tag","embeddable":true,"href":"https:\/\/baldumarket.lt\/lt\/wp-json\/wp\/v2\/product_tag?post=247526"}],"curies":[{"name":"wp","href":"https:\/\/api.w.org\/{rel}","templated":true}]}}