{"id":247524,"date":"2026-01-10T15:13:33","date_gmt":"2026-01-10T12:13:33","guid":{"rendered":"https:\/\/baldumarket.lt\/product\/polka-milano-mi-p1\/"},"modified":"2026-04-08T10:06:37","modified_gmt":"2026-04-08T07:06:37","slug":"polka-milano-mi-p1","status":"publish","type":"product","link":"https:\/\/baldumarket.lt\/lt\/product\/polka-milano-mi-p1\/","title":{"rendered":"MILANO MI-P1 lentyna"},"content":{"rendered":"<h5><span style=\"color: #54859b\">Apsilankykite m\u016bs\u0173 virtualioje TARANKO prek\u0117s \u017eenklo parduotuv\u0117je<\/span><\/h5>\n<p> <a href=\"https:\/\/my.matterport.com\/show\/?m=a9ocyRk8GfK&#038;play=1&#038;back=1\" target=\"_blank\" rel=\"noopener\"><span style=\"color: #e47025\">https:\/\/my.matterport.com\/<\/span><\/a><\/p>\n<p>Lentyna MILANO MI-P1. Spalva: balta blizgi \/ milano rie\u0161utas.<br \/>\nMILANO baldai pasi\u017eymi eleganti\u0161komis formomis, auk\u0161ta kokybe ir funkcionalumu. Tokie baldai papuo\u0161 bet kur\u012f kambar\u012f. Med\u017eiaga: MDF, dengta PVC, alksnio fanera. Lentyna traukia d\u0117mes\u012f savo lengvu apdirbimu, kurioje \u0161ilta rie\u0161uto spalva derinama su balta blizgia spalva. Plati Milano kolekcija leis jums \u012frengti valgomuosius, svetaines ir net miegamuosius, o mink\u0161t\u0173 lov\u0173 pasirinkimas tiks bet kurioje erdv\u0117je. Subtili bald\u0173 forma suteiks kambariui \u017eavesio. I\u0161lenktos kojel\u0117s suteikia kolekcijai \u017eavesio, o originali pagrindo forma sukuria unikal\u0173 charakter\u012f.<\/p>","protected":false},"excerpt":{"rendered":"<p>Auk\u0161tis, cm: 34<br \/>\nPlotis, cm: 120<br \/>\nGylis, cm: 21,6<\/p>","protected":false},"featured_media":247525,"comment_status":"open","ping_status":"open","template":"","meta":[],"product_brand":[],"product_cat":[9683,1174,5572],"product_tag":[],"class_list":{"0":"post-247524","1":"product","2":"type-product","3":"status-publish","4":"has-post-thumbnail","6":"product_cat-furniture-system-milano-taranko","7":"product_cat-hanging-shelves","8":"product_cat-taranko-meble","10":"first","11":"instock","12":"purchasable","13":"product-type-simple"},"_links":{"self":[{"href":"https:\/\/baldumarket.lt\/lt\/wp-json\/wp\/v2\/product\/247524","targetHints":{"allow":["GET"]}}],"collection":[{"href":"https:\/\/baldumarket.lt\/lt\/wp-json\/wp\/v2\/product"}],"about":[{"href":"https:\/\/baldumarket.lt\/lt\/wp-json\/wp\/v2\/types\/product"}],"replies":[{"embeddable":true,"href":"https:\/\/baldumarket.lt\/lt\/wp-json\/wp\/v2\/comments?post=247524"}],"wp:featuredmedia":[{"embeddable":true,"href":"https:\/\/baldumarket.lt\/lt\/wp-json\/wp\/v2\/media\/247525"}],"wp:attachment":[{"href":"https:\/\/baldumarket.lt\/lt\/wp-json\/wp\/v2\/media?parent=247524"}],"wp:term":[{"taxonomy":"product_brand","embeddable":true,"href":"https:\/\/baldumarket.lt\/lt\/wp-json\/wp\/v2\/product_brand?post=247524"},{"taxonomy":"product_cat","embeddable":true,"href":"https:\/\/baldumarket.lt\/lt\/wp-json\/wp\/v2\/product_cat?post=247524"},{"taxonomy":"product_tag","embeddable":true,"href":"https:\/\/baldumarket.lt\/lt\/wp-json\/wp\/v2\/product_tag?post=247524"}],"curies":[{"name":"wp","href":"https:\/\/api.w.org\/{rel}","templated":true}]}}