{"id":247522,"date":"2026-01-10T15:13:32","date_gmt":"2026-01-10T12:13:32","guid":{"rendered":"https:\/\/baldumarket.lt\/product\/polka-madera-md-p1\/"},"modified":"2026-04-08T10:06:37","modified_gmt":"2026-04-08T07:06:37","slug":"polka-madera-md-p1","status":"publish","type":"product","link":"https:\/\/baldumarket.lt\/lt\/product\/polka-madera-md-p1\/","title":{"rendered":"MADERA MD-P1 l\u0119\u0161is"},"content":{"rendered":"<h5><span style=\"color: #54859b\">Apsilankykite m\u016bs\u0173 virtualioje TARANKO prek\u0117s \u017eenklo parduotuv\u0117je<\/span><\/h5>\n<p> <a href=\"https:\/\/my.matterport.com\/show\/?m=a9ocyRk8GfK&#038;play=1&#038;back=1\" target=\"_blank\" rel=\"noopener\"><span style=\"color: #e47025\">https:\/\/my.matterport.com\/<\/span><\/a><\/p>\n<p>Lentyna MADERA MD-P1 kiekvienas dekoro elementas d\u017eiugina, intriguoja savo i\u0161skirtine elegancija ir apdaila, kuriai skiriamas didelis d\u0117mesys detal\u0117ms. I\u0161skirtin\u0117 matin\u0117s savanos spalvos kolekcija su rai\u017eytais fasado intarpais ir kontrastingais juodais r\u0117meliais sukuria modern\u0173 charakter\u012f. LED ap\u0161vietimo d\u0117ka vertikal\u016bs vitrin\u0173 nugar\u0117li\u0173 \u0161e\u0161\u0117liai subtiliai atkartoja gofruotus fasado intarpus. Paskutinis akcentas \u2013 lapo formos ranken\u0117l\u0117s, kurios taip pat suteikia \u017eavesio. Frezuotas, da\u017eytas MDF. Skandinavi\u0161k\u0173 \u0161velni\u0173 spalv\u0173 kontrastas su rai\u017eytais reljefiniais fasado intarpais suteiks jaukaus \u017eavesio ir rafinuotumo tiek svetainei, tiek valgomajam.<\/p>","protected":false},"excerpt":{"rendered":"<p>Auk\u0161tis, cm: 26<br \/>\nPlotis, cm: 170<br \/>\nGylis, cm: 20<\/p>","protected":false},"featured_media":247523,"comment_status":"open","ping_status":"open","template":"","meta":[],"product_brand":[],"product_cat":[9700,1174,5572],"product_tag":[],"class_list":{"0":"post-247522","1":"product","2":"type-product","3":"status-publish","4":"has-post-thumbnail","6":"product_cat-furniture-system-madera-taranko","7":"product_cat-hanging-shelves","8":"product_cat-taranko-meble","10":"first","11":"instock","12":"purchasable","13":"product-type-simple"},"_links":{"self":[{"href":"https:\/\/baldumarket.lt\/lt\/wp-json\/wp\/v2\/product\/247522","targetHints":{"allow":["GET"]}}],"collection":[{"href":"https:\/\/baldumarket.lt\/lt\/wp-json\/wp\/v2\/product"}],"about":[{"href":"https:\/\/baldumarket.lt\/lt\/wp-json\/wp\/v2\/types\/product"}],"replies":[{"embeddable":true,"href":"https:\/\/baldumarket.lt\/lt\/wp-json\/wp\/v2\/comments?post=247522"}],"wp:featuredmedia":[{"embeddable":true,"href":"https:\/\/baldumarket.lt\/lt\/wp-json\/wp\/v2\/media\/247523"}],"wp:attachment":[{"href":"https:\/\/baldumarket.lt\/lt\/wp-json\/wp\/v2\/media?parent=247522"}],"wp:term":[{"taxonomy":"product_brand","embeddable":true,"href":"https:\/\/baldumarket.lt\/lt\/wp-json\/wp\/v2\/product_brand?post=247522"},{"taxonomy":"product_cat","embeddable":true,"href":"https:\/\/baldumarket.lt\/lt\/wp-json\/wp\/v2\/product_cat?post=247522"},{"taxonomy":"product_tag","embeddable":true,"href":"https:\/\/baldumarket.lt\/lt\/wp-json\/wp\/v2\/product_tag?post=247522"}],"curies":[{"name":"wp","href":"https:\/\/api.w.org\/{rel}","templated":true}]}}