{"id":247520,"date":"2026-01-10T15:13:29","date_gmt":"2026-01-10T12:13:29","guid":{"rendered":"https:\/\/baldumarket.lt\/product\/polka-lustrzana-nicea-ni-p1\/"},"modified":"2026-04-08T10:26:36","modified_gmt":"2026-04-08T07:26:36","slug":"polka-lustrzana-nicea-ni-p1","status":"publish","type":"product","link":"https:\/\/baldumarket.lt\/lt\/product\/polka-lustrzana-nicea-ni-p1\/","title":{"rendered":"NICEA NI-P1 veidrodin\u0117 lentyna"},"content":{"rendered":"<h5><span style=\"color: #54859b\">Apsilankykite m\u016bs\u0173 virtualioje TARANKO prek\u0117s \u017eenklo parduotuv\u0117je<\/span><\/h5>\n<p> <a href=\"https:\/\/my.matterport.com\/show\/?m=a9ocyRk8GfK&#038;play=1&#038;back=1\" target=\"_blank\" rel=\"noopener\"><span style=\"color: #e47025\">https:\/\/my.matterport.com\/<\/span><\/a><\/p>\n<p>Lentyna-veidrodis NICEA NI-P1. Auk\u0161ta kokyb\u0117 \u2013 kiekvienas dekoratyvinis elementas d\u017eiugina, intriguoja, i\u0161siskiria savo elegancija ir apdaila, kuriai skiriamas did\u017eiulis d\u0117mesys detal\u0117ms. \u201eNicea\u201c \u2013 tai puikus nat\u016bralios rudos spalvos faneruot\u0117s ir kontrasting\u0173 ry\u0161ki\u0173 fasad\u0173 derinys. D\u0117l subtili\u0173, liekn\u0173 kojeli\u0173 visuma \u012fgauna originalaus charakterio, o ranken\u0117l\u0117s aukso spalvos roze\u010di\u0173 pavidalu suteikia prabangos, sukurdamos i\u0161skirtin\u0119 visum\u0105.<br \/>\nKolekcijoje galite rinktis tris fasado pavir\u0161ius arba papildomai komod\u0105 su veidrodiniu fasadu. R\u0117mas: med\u017eio masyvas. NICEA kolekcija skirta erdviems, moderniems ir stilingiems interjerams.<\/p>","protected":false},"excerpt":{"rendered":"<p>Auk\u0161tis, cm: 45<br \/>\nPlotis, cm: 154<br \/>\nGylis, cm: 21,6<\/p>","protected":false},"featured_media":247521,"comment_status":"open","ping_status":"open","template":"","meta":[],"product_brand":[],"product_cat":[9685,1108,5572],"product_tag":[],"class_list":{"0":"post-247520","1":"product","2":"type-product","3":"status-publish","4":"has-post-thumbnail","6":"product_cat-furniture-system-nicea-taranko","7":"product_cat-mirrors","8":"product_cat-taranko-meble","10":"first","11":"instock","12":"purchasable","13":"product-type-simple"},"_links":{"self":[{"href":"https:\/\/baldumarket.lt\/lt\/wp-json\/wp\/v2\/product\/247520","targetHints":{"allow":["GET"]}}],"collection":[{"href":"https:\/\/baldumarket.lt\/lt\/wp-json\/wp\/v2\/product"}],"about":[{"href":"https:\/\/baldumarket.lt\/lt\/wp-json\/wp\/v2\/types\/product"}],"replies":[{"embeddable":true,"href":"https:\/\/baldumarket.lt\/lt\/wp-json\/wp\/v2\/comments?post=247520"}],"wp:featuredmedia":[{"embeddable":true,"href":"https:\/\/baldumarket.lt\/lt\/wp-json\/wp\/v2\/media\/247521"}],"wp:attachment":[{"href":"https:\/\/baldumarket.lt\/lt\/wp-json\/wp\/v2\/media?parent=247520"}],"wp:term":[{"taxonomy":"product_brand","embeddable":true,"href":"https:\/\/baldumarket.lt\/lt\/wp-json\/wp\/v2\/product_brand?post=247520"},{"taxonomy":"product_cat","embeddable":true,"href":"https:\/\/baldumarket.lt\/lt\/wp-json\/wp\/v2\/product_cat?post=247520"},{"taxonomy":"product_tag","embeddable":true,"href":"https:\/\/baldumarket.lt\/lt\/wp-json\/wp\/v2\/product_tag?post=247520"}],"curies":[{"name":"wp","href":"https:\/\/api.w.org\/{rel}","templated":true}]}}