{"id":247504,"date":"2026-01-10T15:13:13","date_gmt":"2026-01-10T12:13:13","guid":{"rendered":"https:\/\/baldumarket.lt\/product\/polka-bremen-br-p1\/"},"modified":"2026-04-08T09:28:53","modified_gmt":"2026-04-08T06:28:53","slug":"polka-bremen-br-p1","status":"publish","type":"product","link":"https:\/\/baldumarket.lt\/lt\/product\/polka-bremen-br-p1\/","title":{"rendered":"BREMEN BR-P1 lentel\u0117"},"content":{"rendered":"<h5><span style=\"color: #54859b\">Apsilankykite m\u016bs\u0173 virtualioje TARANKO prek\u0117s \u017eenklo parduotuv\u0117je<\/span><\/h5>\n<p> <a href=\"https:\/\/my.matterport.com\/show\/?m=a9ocyRk8GfK&#038;play=1&#038;back=1\" target=\"_blank\" rel=\"noopener\"><span style=\"color: #e47025\">https:\/\/my.matterport.com\/<\/span><\/a><\/p>\n<p>Lentyna BREMEN BR-P1. Ne\u012fprasta \u0161iurk\u0161ti \u0105\u017euolo element\u0173 strukt\u016bra su grioveliais suteikia kolekcijai i\u0161rai\u0161kingumo ir pa\u012fvairina subtil\u0173 spalv\u0173 bei med\u017eiag\u0173 kontrast\u0105. Juodi metaliniai elementai ir ma\u017eos ranken\u0117l\u0117s yra subtilus kolekcijos akcentas.<br \/>\nVitrin\u0173 stiklin\u0117s pus\u0117s ir LED ap\u0161vietimas dar geriau atskleid\u017eia \u0105\u017euolo medienos tekst\u016bros \u0161ilt\u0105 \u017eaves\u012f.<br \/>\nGalimos trys spalv\u0173 parinktys: balta \/ nat\u016bralus \u0105\u017euolas, ruda \/ nat\u016bralus \u0105\u017euolas ir grafito \/ nat\u016bralus \u0105\u017euolas. Nat\u016bralaus \u0105\u017euolo fanera \/ laminuota MDF.<\/p>","protected":false},"excerpt":{"rendered":"<p>Auk\u0161tis, cm: 30<br \/>\nPlotis, cm: 140<br \/>\nGylis, cm: 20,8<\/p>","protected":false},"featured_media":247505,"comment_status":"open","ping_status":"open","template":"","meta":[],"product_brand":[],"product_cat":[9697,1174,5572],"product_tag":[],"class_list":{"0":"post-247504","1":"product","2":"type-product","3":"status-publish","4":"has-post-thumbnail","6":"product_cat-furniture-system-bremen-taranko","7":"product_cat-hanging-shelves","8":"product_cat-taranko-meble","10":"first","11":"instock","12":"purchasable","13":"product-type-simple"},"_links":{"self":[{"href":"https:\/\/baldumarket.lt\/lt\/wp-json\/wp\/v2\/product\/247504","targetHints":{"allow":["GET"]}}],"collection":[{"href":"https:\/\/baldumarket.lt\/lt\/wp-json\/wp\/v2\/product"}],"about":[{"href":"https:\/\/baldumarket.lt\/lt\/wp-json\/wp\/v2\/types\/product"}],"replies":[{"embeddable":true,"href":"https:\/\/baldumarket.lt\/lt\/wp-json\/wp\/v2\/comments?post=247504"}],"wp:featuredmedia":[{"embeddable":true,"href":"https:\/\/baldumarket.lt\/lt\/wp-json\/wp\/v2\/media\/247505"}],"wp:attachment":[{"href":"https:\/\/baldumarket.lt\/lt\/wp-json\/wp\/v2\/media?parent=247504"}],"wp:term":[{"taxonomy":"product_brand","embeddable":true,"href":"https:\/\/baldumarket.lt\/lt\/wp-json\/wp\/v2\/product_brand?post=247504"},{"taxonomy":"product_cat","embeddable":true,"href":"https:\/\/baldumarket.lt\/lt\/wp-json\/wp\/v2\/product_cat?post=247504"},{"taxonomy":"product_tag","embeddable":true,"href":"https:\/\/baldumarket.lt\/lt\/wp-json\/wp\/v2\/product_tag?post=247504"}],"curies":[{"name":"wp","href":"https:\/\/api.w.org\/{rel}","templated":true}]}}