{"id":247466,"date":"2026-01-10T15:12:26","date_gmt":"2026-01-10T12:12:26","guid":{"rendered":"https:\/\/baldumarket.lt\/product\/mala-komoda-z-wysokimi-nozkami-torino-to-k2\/"},"modified":"2026-04-08T10:52:08","modified_gmt":"2026-04-08T07:52:08","slug":"mala-komoda-z-wysokimi-nozkami-torino-to-k2","status":"publish","type":"product","link":"https:\/\/baldumarket.lt\/lt\/product\/mala-komoda-z-wysokimi-nozkami-torino-to-k2\/","title":{"rendered":"Ma\u017ea komoda su auk\u0161tomis kojel\u0117mis TORINO TO-K2"},"content":{"rendered":"<h5><span style=\"color: #54859b\">Apsilankykite m\u016bs\u0173 virtualioje TARANKO prek\u0117s \u017eenklo parduotuv\u0117je<\/span><\/h5>\n<p> <a href=\"https:\/\/my.matterport.com\/show\/?m=a9ocyRk8GfK&#038;play=1&#038;back=1\" target=\"_blank\" rel=\"noopener\"><span style=\"color: #e47025\">https:\/\/my.matterport.com\/<\/span><\/a><\/p>\n<p>Ma\u017ea komoda su auk\u0161tomis kojel\u0117mis TORINO TO-K2TORINO \u2013 tai klasikin\u0117 kolekcija su \u012fdomiomis kojel\u0117mis, kurioje derinami modern\u016bs sprendimai. \u0160alt\u0105 balt\u0105 pavir\u0161i\u0173 su horizontaliomis frezuotomis bangel\u0117mis su\u0161ildo nat\u016brali \u0105\u017euolo mediena. Papildomas akcentas \u2013 originalios \u0105\u017euolin\u0117s ranken\u0117l\u0117s.<br \/>\nKolekcijoje naudotos spalvos: blizgi balta ir nat\u016bralus Torino \u0105\u017euolas. Korpuso med\u017eiaga: nat\u016bralus faneravimas. MDF plok\u0161t\u0117, laminuota PVC pl\u0117vele.<br \/>\nFasado med\u017eiaga: MDF plok\u0161t\u0117, laminuota PVC pl\u0117vele.<br \/>\nKojel\u0117s: med\u017eio masyvas. Baldai tinka \u017emon\u0117ms, ie\u0161kantiems unikalaus stiliaus ir i\u0161skirtinio dizaino.<\/p>","protected":false},"excerpt":{"rendered":"<p>Auk\u0161tis, cm: 89<br \/>\nPlotis, cm: 103,6<br \/>\nGylis, cm: 45,6<\/p>","protected":false},"featured_media":247467,"comment_status":"open","ping_status":"open","template":"","meta":[],"product_brand":[],"product_cat":[9699,1173,5572],"product_tag":[],"class_list":{"0":"post-247466","1":"product","2":"type-product","3":"status-publish","4":"has-post-thumbnail","6":"product_cat-furniture-system-torino-taranko","7":"product_cat-chests-of-drawers","8":"product_cat-taranko-meble","10":"first","11":"instock","12":"purchasable","13":"product-type-simple"},"_links":{"self":[{"href":"https:\/\/baldumarket.lt\/lt\/wp-json\/wp\/v2\/product\/247466","targetHints":{"allow":["GET"]}}],"collection":[{"href":"https:\/\/baldumarket.lt\/lt\/wp-json\/wp\/v2\/product"}],"about":[{"href":"https:\/\/baldumarket.lt\/lt\/wp-json\/wp\/v2\/types\/product"}],"replies":[{"embeddable":true,"href":"https:\/\/baldumarket.lt\/lt\/wp-json\/wp\/v2\/comments?post=247466"}],"wp:featuredmedia":[{"embeddable":true,"href":"https:\/\/baldumarket.lt\/lt\/wp-json\/wp\/v2\/media\/247467"}],"wp:attachment":[{"href":"https:\/\/baldumarket.lt\/lt\/wp-json\/wp\/v2\/media?parent=247466"}],"wp:term":[{"taxonomy":"product_brand","embeddable":true,"href":"https:\/\/baldumarket.lt\/lt\/wp-json\/wp\/v2\/product_brand?post=247466"},{"taxonomy":"product_cat","embeddable":true,"href":"https:\/\/baldumarket.lt\/lt\/wp-json\/wp\/v2\/product_cat?post=247466"},{"taxonomy":"product_tag","embeddable":true,"href":"https:\/\/baldumarket.lt\/lt\/wp-json\/wp\/v2\/product_tag?post=247466"}],"curies":[{"name":"wp","href":"https:\/\/api.w.org\/{rel}","templated":true}]}}